{"id":12708,"date":"2025-01-08T10:22:47","date_gmt":"2025-01-08T07:22:47","guid":{"rendered":"https:\/\/ceoparts.com\/?post_type=product&#038;p=12708"},"modified":"2026-05-16T14:01:23","modified_gmt":"2026-05-16T11:01:23","slug":"anderson-power-sb350a-600v-aku-soketi-fisi-kirmizi","status":"publish","type":"product","link":"https:\/\/ceoparts.com\/es\/urun\/anderson-power-sb350a-600v-aku-soketi-fisi-kirmizi\/","title":{"rendered":"Enchufe \/ Conector de Bater\u00eda Anderson Power SB350A  600V Rojo"},"content":{"rendered":"<p>Enchufe \/ Conector de Bater\u00eda Anderson Power SB350A  600V Rojo<\/p>","protected":false},"excerpt":{"rendered":"<article class=\"text-token-text-primary w-full\" dir=\"auto\" data-testid=\"conversation-turn-197\" data-scroll-anchor=\"true\">\n<div class=\"text-base my-auto mx-auto py-5 [--thread-content-margin:--spacing(4)] @[37rem]:[--thread-content-margin:--spacing(6)] @[72rem]:[--thread-content-margin:--spacing(16)] px-(--thread-content-margin)\">\n<div class=\"[--thread-content-max-width:32rem] @[34rem]:[--thread-content-max-width:40rem] @[64rem]:[--thread-content-max-width:48rem] mx-auto flex max-w-(--thread-content-max-width) flex-1 text-base gap-4 md:gap-5 lg:gap-6 group\/turn-messages focus-visible:outline-hidden\" tabindex=\"-1\">\n<div class=\"group\/conversation-turn relative flex w-full min-w-0 flex-col agent-turn\">\n<div class=\"relative flex-col gap-1 md:gap-3\">\n<div class=\"flex max-w-full flex-col grow\">\n<div class=\"min-h-8 text-message relative flex w-full flex-col items-end gap-2 text-start break-words whitespace-normal [.text-message+&amp;]:mt-5\" dir=\"auto\" data-message-author-role=\"assistant\" data-message-id=\"46fa3fe1-29ed-4e1d-802f-7f836266ed83\" data-message-model-slug=\"gpt-4-1-mini\">\n<div class=\"flex w-full flex-col gap-1 empty:hidden first:pt-[3px]\">\n<div class=\"markdown prose dark:prose-invert w-full break-words light\">\n<p data-start=\"0\" data-end=\"228\"><br data-start=\"3421\" data-end=\"3424\" \/>Conector de bater\u00eda Anderson Power SB350A 600V rojo es un conector duradero y de alta tensi\u00f3n utilizado en carretillas y maquinaria. Proporciona una conexi\u00f3n segura y fiable con soporte de 600V.<\/p>\n<p data-start=\"3620\" data-end=\"3960\" data-is-last-node=\"\" data-is-only-node=\"\"><strong data-start=\"3620\" data-end=\"3640\">Caracter\u00edsticas:<\/strong><br data-start=\"3640\" data-end=\"3643\" \/><strong data-start=\"3643\" data-end=\"3667\">Nombre del producto:<\/strong> Conector de bater\u00eda Anderson Power SB350A 600V rojo<br data-start=\"3719\" data-end=\"3722\" \/><strong data-start=\"3722\" data-end=\"3742\">C\u00f3digo de pieza:<\/strong> SB350A<br data-start=\"3749\" data-end=\"3752\" \/><strong data-start=\"3752\" data-end=\"3765\">Material:<\/strong> Pl\u00e1stico de alta calidad y aleaci\u00f3n met\u00e1lica<br data-start=\"3810\" data-end=\"3813\" \/><strong data-start=\"3813\" data-end=\"3836\">\u00c1rea de aplicaci\u00f3n:<\/strong> Conexi\u00f3n de bater\u00eda para carretillas y maquinaria<br data-start=\"3886\" data-end=\"3889\" \/><strong data-start=\"3889\" data-end=\"3901\">Ventaja:<\/strong> Alta capacidad de tensi\u00f3n, dise\u00f1o robusto, conexi\u00f3n segura<\/p>\n<\/div>\n<\/div>\n<\/div>\n<\/div>\n<\/div>\n<\/div>\n<\/div>\n<\/div>\n<\/article>\n","protected":false},"featured_media":12714,"template":"","meta":[],"product_brand":[],"product_cat":[442,444],"product_tag":[],"class_list":{"0":"post-12708","1":"product","2":"type-product","3":"status-publish","4":"has-post-thumbnail","6":"product_cat-aku-yedek-parcalari","7":"product_cat-aku-fisi","9":"first","10":"instock","11":"taxable","12":"shipping-taxable","13":"purchasable","14":"product-type-simple"},"_links":{"self":[{"href":"https:\/\/ceoparts.com\/es\/wp-json\/wp\/v2\/product\/12708","targetHints":{"allow":["GET"]}}],"collection":[{"href":"https:\/\/ceoparts.com\/es\/wp-json\/wp\/v2\/product"}],"about":[{"href":"https:\/\/ceoparts.com\/es\/wp-json\/wp\/v2\/types\/product"}],"wp:featuredmedia":[{"embeddable":true,"href":"https:\/\/ceoparts.com\/es\/wp-json\/wp\/v2\/media\/12714"}],"wp:attachment":[{"href":"https:\/\/ceoparts.com\/es\/wp-json\/wp\/v2\/media?parent=12708"}],"wp:term":[{"taxonomy":"product_brand","embeddable":true,"href":"https:\/\/ceoparts.com\/es\/wp-json\/wp\/v2\/product_brand?post=12708"},{"taxonomy":"product_cat","embeddable":true,"href":"https:\/\/ceoparts.com\/es\/wp-json\/wp\/v2\/product_cat?post=12708"},{"taxonomy":"product_tag","embeddable":true,"href":"https:\/\/ceoparts.com\/es\/wp-json\/wp\/v2\/product_tag?post=12708"}],"curies":[{"name":"wp","href":"https:\/\/api.w.org\/{rel}","templated":true}]}}