{"id":12729,"date":"2025-01-08T11:38:22","date_gmt":"2025-01-08T08:38:22","guid":{"rendered":"https:\/\/ceoparts.com\/?post_type=product&#038;p=12729"},"modified":"2026-05-16T13:15:53","modified_gmt":"2026-05-16T10:15:53","slug":"anderson-power-sb120-aku-soketi-gri","status":"publish","type":"product","link":"https:\/\/ceoparts.com\/es\/urun\/anderson-power-sb120-aku-soketi-gri\/","title":{"rendered":"Anderson Power SB120 Conector de Bater\u00eda Gris"},"content":{"rendered":"<p>Anderson Power SB120 Conector de Bater\u00eda Gris<\/p>","protected":false},"excerpt":{"rendered":"<p data-start=\"0\" data-end=\"196\"><br data-start=\"3265\" data-end=\"3268\" \/>Conector \/ enchufe de bater\u00eda Anderson Power SB120 gris es un conector duradero y con alta capacidad de corriente utilizado en carretillas y maquinaria. Es de color gris y proporciona una conexi\u00f3n segura y fiable.<\/p>\n<p data-start=\"3483\" data-end=\"3828\" data-is-last-node=\"\" data-is-only-node=\"\"><strong data-start=\"3483\" data-end=\"3503\">Caracter\u00edsticas:<\/strong><br data-start=\"3503\" data-end=\"3506\" \/><strong data-start=\"3506\" data-end=\"3530\">Nombre del producto:<\/strong> Conector \/ enchufe de bater\u00eda Anderson Power SB120 gris<br data-start=\"3586\" data-end=\"3589\" \/><strong data-start=\"3589\" data-end=\"3609\">C\u00f3digo de pieza:<\/strong> SB120<br data-start=\"3615\" data-end=\"3618\" \/><strong data-start=\"3618\" data-end=\"3631\">Material:<\/strong> Pl\u00e1stico de alta calidad y aleaci\u00f3n met\u00e1lica<br data-start=\"3676\" data-end=\"3679\" \/><strong data-start=\"3679\" data-end=\"3702\">\u00c1rea de aplicaci\u00f3n:<\/strong> Conexi\u00f3n de bater\u00eda para carretillas y maquinaria<br data-start=\"3752\" data-end=\"3755\" \/><strong data-start=\"3755\" data-end=\"3767\">Ventaja:<\/strong> Alta capacidad de corriente, dise\u00f1o robusto, conexi\u00f3n segura<\/p>\n","protected":false},"featured_media":12735,"template":"","meta":[],"product_brand":[],"product_cat":[442,444],"product_tag":[],"class_list":{"0":"post-12729","1":"product","2":"type-product","3":"status-publish","4":"has-post-thumbnail","6":"product_cat-aku-yedek-parcalari","7":"product_cat-aku-fisi","9":"first","10":"instock","11":"taxable","12":"shipping-taxable","13":"purchasable","14":"product-type-simple"},"_links":{"self":[{"href":"https:\/\/ceoparts.com\/es\/wp-json\/wp\/v2\/product\/12729","targetHints":{"allow":["GET"]}}],"collection":[{"href":"https:\/\/ceoparts.com\/es\/wp-json\/wp\/v2\/product"}],"about":[{"href":"https:\/\/ceoparts.com\/es\/wp-json\/wp\/v2\/types\/product"}],"wp:featuredmedia":[{"embeddable":true,"href":"https:\/\/ceoparts.com\/es\/wp-json\/wp\/v2\/media\/12735"}],"wp:attachment":[{"href":"https:\/\/ceoparts.com\/es\/wp-json\/wp\/v2\/media?parent=12729"}],"wp:term":[{"taxonomy":"product_brand","embeddable":true,"href":"https:\/\/ceoparts.com\/es\/wp-json\/wp\/v2\/product_brand?post=12729"},{"taxonomy":"product_cat","embeddable":true,"href":"https:\/\/ceoparts.com\/es\/wp-json\/wp\/v2\/product_cat?post=12729"},{"taxonomy":"product_tag","embeddable":true,"href":"https:\/\/ceoparts.com\/es\/wp-json\/wp\/v2\/product_tag?post=12729"}],"curies":[{"name":"wp","href":"https:\/\/api.w.org\/{rel}","templated":true}]}}