{"id":12736,"date":"2025-01-08T12:01:16","date_gmt":"2025-01-08T09:01:16","guid":{"rendered":"https:\/\/ceoparts.com\/?post_type=product&#038;p=12736"},"modified":"2026-05-16T12:16:56","modified_gmt":"2026-05-16T09:16:56","slug":"anderson-power-sb320a-aku-soketi-fisi-siyah","status":"publish","type":"product","link":"https:\/\/ceoparts.com\/es\/urun\/anderson-power-sb320a-aku-soketi-fisi-siyah\/","title":{"rendered":"Anderson Power SBE320A Conector de Bater\u00eda \/ Enchufe Negro"},"content":{"rendered":"<p>Anderson Power SBE320A Conector de Bater\u00eda \/ Enchufe Negro<\/p>","protected":false},"excerpt":{"rendered":"<p data-start=\"0\" data-end=\"214\"><br data-start=\"3386\" data-end=\"3389\" \/>Conector \/ enchufe de bater\u00eda Anderson Power SBE320A negro es un conector duradero y con alta capacidad de corriente utilizado en carretillas y maquinaria. Es de color negro y proporciona una conexi\u00f3n segura y fiable.<\/p>\n<p data-start=\"3608\" data-end=\"3958\" data-is-last-node=\"\" data-is-only-node=\"\"><strong data-start=\"3608\" data-end=\"3628\">Caracter\u00edsticas:<\/strong><br data-start=\"3628\" data-end=\"3631\" \/><strong data-start=\"3631\" data-end=\"3655\">Nombre del producto:<\/strong> Conector \/ enchufe de bater\u00eda Anderson Power SBE320A negro<br data-start=\"3714\" data-end=\"3717\" \/><strong data-start=\"3717\" data-end=\"3737\">C\u00f3digo de pieza:<\/strong> SBE320A<br data-start=\"3745\" data-end=\"3748\" \/><strong data-start=\"3748\" data-end=\"3761\">Material:<\/strong> Pl\u00e1stico de alta calidad y aleaci\u00f3n met\u00e1lica<br data-start=\"3806\" data-end=\"3809\" \/><strong data-start=\"3809\" data-end=\"3832\">\u00c1rea de aplicaci\u00f3n:<\/strong> Conexi\u00f3n de bater\u00eda para carretillas y maquinaria<br data-start=\"3882\" data-end=\"3885\" \/><strong data-start=\"3885\" data-end=\"3897\">Ventaja:<\/strong> Alta capacidad de corriente, dise\u00f1o robusto, conexi\u00f3n segura<\/p>\n","protected":false},"featured_media":12737,"template":"","meta":[],"product_brand":[],"product_cat":[442,444],"product_tag":[],"class_list":{"0":"post-12736","1":"product","2":"type-product","3":"status-publish","4":"has-post-thumbnail","6":"product_cat-aku-yedek-parcalari","7":"product_cat-aku-fisi","9":"first","10":"instock","11":"taxable","12":"shipping-taxable","13":"purchasable","14":"product-type-simple"},"_links":{"self":[{"href":"https:\/\/ceoparts.com\/es\/wp-json\/wp\/v2\/product\/12736","targetHints":{"allow":["GET"]}}],"collection":[{"href":"https:\/\/ceoparts.com\/es\/wp-json\/wp\/v2\/product"}],"about":[{"href":"https:\/\/ceoparts.com\/es\/wp-json\/wp\/v2\/types\/product"}],"wp:featuredmedia":[{"embeddable":true,"href":"https:\/\/ceoparts.com\/es\/wp-json\/wp\/v2\/media\/12737"}],"wp:attachment":[{"href":"https:\/\/ceoparts.com\/es\/wp-json\/wp\/v2\/media?parent=12736"}],"wp:term":[{"taxonomy":"product_brand","embeddable":true,"href":"https:\/\/ceoparts.com\/es\/wp-json\/wp\/v2\/product_brand?post=12736"},{"taxonomy":"product_cat","embeddable":true,"href":"https:\/\/ceoparts.com\/es\/wp-json\/wp\/v2\/product_cat?post=12736"},{"taxonomy":"product_tag","embeddable":true,"href":"https:\/\/ceoparts.com\/es\/wp-json\/wp\/v2\/product_tag?post=12736"}],"curies":[{"name":"wp","href":"https:\/\/api.w.org\/{rel}","templated":true}]}}