{"id":12774,"date":"2025-01-08T15:01:36","date_gmt":"2025-01-08T12:01:36","guid":{"rendered":"https:\/\/ceoparts.com\/?post_type=product&#038;p=12774"},"modified":"2026-05-16T09:34:44","modified_gmt":"2026-05-16T06:34:44","slug":"25-mm-kirmizi-bakir-aku-kablosu-25-metre","status":"publish","type":"product","link":"https:\/\/ceoparts.com\/es\/urun\/25-mm-kirmizi-bakir-aku-kablosu-25-metre\/","title":{"rendered":"Cable de Bater\u00eda de Cobre Rojo 25 mm (25 metros)"},"content":{"rendered":"<p>Cable de Bater\u00eda de Cobre Rojo 25 mm (25 metros)<\/p>","protected":false},"excerpt":{"rendered":"<p data-start=\"0\" data-end=\"221\"><br data-start=\"3331\" data-end=\"3334\" \/>Cable de bater\u00eda de cobre rojo 25 mm (25 metros) es un cable de bater\u00eda de cobre rojo de alta calidad utilizado en carretillas y maquinaria. Proporciona una transmisi\u00f3n de energ\u00eda segura con su estructura duradera y longitud de 25 metros.<\/p>\n<p data-start=\"3574\" data-end=\"3900\" data-is-last-node=\"\" data-is-only-node=\"\"><strong data-start=\"3574\" data-end=\"3594\">Caracter\u00edsticas:<\/strong><br data-start=\"3594\" data-end=\"3597\" \/><strong data-start=\"3597\" data-end=\"3621\">Nombre del producto:<\/strong> Cable de bater\u00eda de cobre rojo 25 mm (25 metros)<br data-start=\"3670\" data-end=\"3673\" \/><strong data-start=\"3673\" data-end=\"3693\">C\u00f3digo de pieza:<\/strong> \u2013<br data-start=\"3695\" data-end=\"3698\" \/><strong data-start=\"3698\" data-end=\"3711\">Material:<\/strong> Cobre puro, aislamiento rojo<br data-start=\"3740\" data-end=\"3743\" \/><strong data-start=\"3743\" data-end=\"3766\">\u00c1rea de aplicaci\u00f3n:<\/strong> Sistema de conexi\u00f3n de bater\u00eda para carretillas y maquinaria<br data-start=\"3827\" data-end=\"3830\" \/><strong data-start=\"3830\" data-end=\"3842\">Ventaja:<\/strong> Alta conductividad, aislamiento duradero, larga vida \u00fatil<\/p>\n","protected":false},"featured_media":12775,"template":"","meta":[],"product_brand":[],"product_cat":[442,447],"product_tag":[],"class_list":{"0":"post-12774","1":"product","2":"type-product","3":"status-publish","4":"has-post-thumbnail","6":"product_cat-aku-yedek-parcalari","7":"product_cat-aku-kablolari","9":"first","10":"instock","11":"taxable","12":"shipping-taxable","13":"purchasable","14":"product-type-simple"},"_links":{"self":[{"href":"https:\/\/ceoparts.com\/es\/wp-json\/wp\/v2\/product\/12774","targetHints":{"allow":["GET"]}}],"collection":[{"href":"https:\/\/ceoparts.com\/es\/wp-json\/wp\/v2\/product"}],"about":[{"href":"https:\/\/ceoparts.com\/es\/wp-json\/wp\/v2\/types\/product"}],"wp:featuredmedia":[{"embeddable":true,"href":"https:\/\/ceoparts.com\/es\/wp-json\/wp\/v2\/media\/12775"}],"wp:attachment":[{"href":"https:\/\/ceoparts.com\/es\/wp-json\/wp\/v2\/media?parent=12774"}],"wp:term":[{"taxonomy":"product_brand","embeddable":true,"href":"https:\/\/ceoparts.com\/es\/wp-json\/wp\/v2\/product_brand?post=12774"},{"taxonomy":"product_cat","embeddable":true,"href":"https:\/\/ceoparts.com\/es\/wp-json\/wp\/v2\/product_cat?post=12774"},{"taxonomy":"product_tag","embeddable":true,"href":"https:\/\/ceoparts.com\/es\/wp-json\/wp\/v2\/product_tag?post=12774"}],"curies":[{"name":"wp","href":"https:\/\/api.w.org\/{rel}","templated":true}]}}