{"id":12792,"date":"2025-01-08T16:22:34","date_gmt":"2025-01-08T13:22:34","guid":{"rendered":"https:\/\/ceoparts.com\/?post_type=product&#038;p=12792"},"modified":"2026-05-16T08:30:17","modified_gmt":"2026-05-16T05:30:17","slug":"70-mm-siyah-bakir-aku-kablosu-25-metre","status":"publish","type":"product","link":"https:\/\/ceoparts.com\/es\/urun\/70-mm-siyah-bakir-aku-kablosu-25-metre\/","title":{"rendered":"Cable de Bater\u00eda de Cobre Negro 70 mm (25 metros)"},"content":{"rendered":"<p>Cable de Bater\u00eda de Cobre Negro 70 mm (25 metros)<\/p>","protected":false},"excerpt":{"rendered":"<p data-start=\"0\" data-end=\"217\"><br data-start=\"3336\" data-end=\"3339\" \/>Cable de bater\u00eda de cobre negro 70 mm (25 metros) es un cable de bater\u00eda de cobre negro de alta calidad utilizado en carretillas y maquinaria. Proporciona una transmisi\u00f3n de energ\u00eda segura con su estructura duradera y longitud de 25 metros.<\/p>\n<p data-start=\"3581\" data-end=\"3909\" data-is-last-node=\"\" data-is-only-node=\"\"><strong data-start=\"3581\" data-end=\"3601\">Caracter\u00edsticas:<\/strong><br data-start=\"3601\" data-end=\"3604\" \/><strong data-start=\"3604\" data-end=\"3628\">Nombre del producto:<\/strong> Cable de bater\u00eda de cobre negro 70 mm (25 metros)<br data-start=\"3678\" data-end=\"3681\" \/><strong data-start=\"3681\" data-end=\"3701\">C\u00f3digo de pieza:<\/strong> \u2013<br data-start=\"3703\" data-end=\"3706\" \/><strong data-start=\"3706\" data-end=\"3719\">Material:<\/strong> Cobre puro, aislamiento negro<br data-start=\"3749\" data-end=\"3752\" \/><strong data-start=\"3752\" data-end=\"3775\">\u00c1rea de aplicaci\u00f3n:<\/strong> Sistema de conexi\u00f3n de bater\u00eda para carretillas y maquinaria<br data-start=\"3836\" data-end=\"3839\" \/><strong data-start=\"3839\" data-end=\"3851\">Ventaja:<\/strong> Alta conductividad, aislamiento duradero, larga vida \u00fatil<\/p>\n","protected":false},"featured_media":12793,"template":"","meta":[],"product_brand":[],"product_cat":[442,447],"product_tag":[],"class_list":{"0":"post-12792","1":"product","2":"type-product","3":"status-publish","4":"has-post-thumbnail","6":"product_cat-aku-yedek-parcalari","7":"product_cat-aku-kablolari","9":"first","10":"instock","11":"taxable","12":"shipping-taxable","13":"purchasable","14":"product-type-simple"},"_links":{"self":[{"href":"https:\/\/ceoparts.com\/es\/wp-json\/wp\/v2\/product\/12792","targetHints":{"allow":["GET"]}}],"collection":[{"href":"https:\/\/ceoparts.com\/es\/wp-json\/wp\/v2\/product"}],"about":[{"href":"https:\/\/ceoparts.com\/es\/wp-json\/wp\/v2\/types\/product"}],"wp:featuredmedia":[{"embeddable":true,"href":"https:\/\/ceoparts.com\/es\/wp-json\/wp\/v2\/media\/12793"}],"wp:attachment":[{"href":"https:\/\/ceoparts.com\/es\/wp-json\/wp\/v2\/media?parent=12792"}],"wp:term":[{"taxonomy":"product_brand","embeddable":true,"href":"https:\/\/ceoparts.com\/es\/wp-json\/wp\/v2\/product_brand?post=12792"},{"taxonomy":"product_cat","embeddable":true,"href":"https:\/\/ceoparts.com\/es\/wp-json\/wp\/v2\/product_cat?post=12792"},{"taxonomy":"product_tag","embeddable":true,"href":"https:\/\/ceoparts.com\/es\/wp-json\/wp\/v2\/product_tag?post=12792"}],"curies":[{"name":"wp","href":"https:\/\/api.w.org\/{rel}","templated":true}]}}