{"id":12794,"date":"2025-01-08T17:19:53","date_gmt":"2025-01-08T14:19:53","guid":{"rendered":"https:\/\/ceoparts.com\/?post_type=product&#038;p=12794"},"modified":"2026-05-16T15:54:54","modified_gmt":"2026-05-16T12:54:54","slug":"m10x18-aku-civatasi","status":"publish","type":"product","link":"https:\/\/ceoparts.com\/es\/urun\/m10x18-aku-civatasi\/","title":{"rendered":"Perno de Bater\u00eda M10x18"},"content":{"rendered":"<p>Perno de Bater\u00eda M10x18<\/p>","protected":false},"excerpt":{"rendered":"<p data-start=\"0\" data-end=\"178\"><br data-start=\"2722\" data-end=\"2725\" \/>Perno de bater\u00eda M10x18 es un perno duradero de di\u00e1metro M10 y longitud 18 mm utilizado en carretillas y maquinaria. Su construcci\u00f3n robusta garantiza conexiones seguras.<\/p>\n<p data-start=\"2897\" data-end=\"3177\" data-is-last-node=\"\" data-is-only-node=\"\"><strong data-start=\"2897\" data-end=\"2917\">Caracter\u00edsticas:<\/strong><br data-start=\"2917\" data-end=\"2920\" \/><strong data-start=\"2920\" data-end=\"2944\">Nombre del producto:<\/strong> Perno de bater\u00eda M10x18<br data-start=\"2968\" data-end=\"2971\" \/><strong data-start=\"2971\" data-end=\"2991\">C\u00f3digo de pieza:<\/strong> \u2013<br data-start=\"2993\" data-end=\"2996\" \/><strong data-start=\"2996\" data-end=\"3009\">Material:<\/strong> Aleaci\u00f3n met\u00e1lica resistente<br data-start=\"3038\" data-end=\"3041\" \/><strong data-start=\"3041\" data-end=\"3064\">\u00c1rea de aplicaci\u00f3n:<\/strong> Sistemas de conexi\u00f3n de bater\u00edas<br data-start=\"3097\" data-end=\"3100\" \/><strong data-start=\"3100\" data-end=\"3112\">Ventaja:<\/strong> Construcci\u00f3n robusta, resistente a la corrosi\u00f3n, conexi\u00f3n segura<\/p>\n","protected":false},"featured_media":13516,"template":"","meta":[],"product_brand":[],"product_cat":[442,443],"product_tag":[],"class_list":{"0":"post-12794","1":"product","2":"type-product","3":"status-publish","4":"has-post-thumbnail","6":"product_cat-aku-yedek-parcalari","7":"product_cat-aku-parcalari","9":"first","10":"instock","11":"taxable","12":"shipping-taxable","13":"purchasable","14":"product-type-simple"},"_links":{"self":[{"href":"https:\/\/ceoparts.com\/es\/wp-json\/wp\/v2\/product\/12794","targetHints":{"allow":["GET"]}}],"collection":[{"href":"https:\/\/ceoparts.com\/es\/wp-json\/wp\/v2\/product"}],"about":[{"href":"https:\/\/ceoparts.com\/es\/wp-json\/wp\/v2\/types\/product"}],"wp:featuredmedia":[{"embeddable":true,"href":"https:\/\/ceoparts.com\/es\/wp-json\/wp\/v2\/media\/13516"}],"wp:attachment":[{"href":"https:\/\/ceoparts.com\/es\/wp-json\/wp\/v2\/media?parent=12794"}],"wp:term":[{"taxonomy":"product_brand","embeddable":true,"href":"https:\/\/ceoparts.com\/es\/wp-json\/wp\/v2\/product_brand?post=12794"},{"taxonomy":"product_cat","embeddable":true,"href":"https:\/\/ceoparts.com\/es\/wp-json\/wp\/v2\/product_cat?post=12794"},{"taxonomy":"product_tag","embeddable":true,"href":"https:\/\/ceoparts.com\/es\/wp-json\/wp\/v2\/product_tag?post=12794"}],"curies":[{"name":"wp","href":"https:\/\/api.w.org\/{rel}","templated":true}]}}