{"id":12798,"date":"2025-01-08T17:31:14","date_gmt":"2025-01-08T14:31:14","guid":{"rendered":"https:\/\/ceoparts.com\/?post_type=product&#038;p=12798"},"modified":"2026-05-16T15:52:20","modified_gmt":"2026-05-16T12:52:20","slug":"anderson-kirmizi-tutamak-175-350a-3859560","status":"publish","type":"product","link":"https:\/\/ceoparts.com\/es\/urun\/anderson-kirmizi-tutamak-175-350a-3859560\/","title":{"rendered":"Mango Rojo Anderson 175\/350A &#8211; 995G3"},"content":{"rendered":"<p>Mango Rojo Anderson 175\/350A &#8211; 995G3<\/p>","protected":false},"excerpt":{"rendered":"<p data-start=\"0\" data-end=\"194\"><br data-start=\"3011\" data-end=\"3014\" \/>Abrazadera roja Anderson 175\/350A es una pieza de conexi\u00f3n roja duradera con alta capacidad de corriente utilizada en carretillas y maquinaria. Proporciona una conexi\u00f3n el\u00e9ctrica segura.<\/p>\n<p data-start=\"3202\" data-end=\"3517\" data-is-last-node=\"\" data-is-only-node=\"\"><strong data-start=\"3202\" data-end=\"3222\">Caracter\u00edsticas:<\/strong><br data-start=\"3222\" data-end=\"3225\" \/><strong data-start=\"3225\" data-end=\"3249\">Nombre del producto:<\/strong> Abrazadera roja Anderson 175\/350A<br data-start=\"3283\" data-end=\"3286\" \/><strong data-start=\"3286\" data-end=\"3306\">C\u00f3digo de pieza:<\/strong> 995G3<br data-start=\"3312\" data-end=\"3315\" \/><strong data-start=\"3315\" data-end=\"3328\">Material:<\/strong> Pl\u00e1stico y metal duraderos<br data-start=\"3355\" data-end=\"3358\" \/><strong data-start=\"3358\" data-end=\"3381\">\u00c1rea de aplicaci\u00f3n:<\/strong> Sistema de conexi\u00f3n el\u00e9ctrica para carretillas y maquinaria<br data-start=\"3441\" data-end=\"3444\" \/><strong data-start=\"3444\" data-end=\"3456\">Ventaja:<\/strong> Alta capacidad de corriente, dise\u00f1o robusto, conexi\u00f3n segura<\/p>\n","protected":false},"featured_media":12801,"template":"","meta":[],"product_brand":[],"product_cat":[442,443,444],"product_tag":[],"class_list":{"0":"post-12798","1":"product","2":"type-product","3":"status-publish","4":"has-post-thumbnail","6":"product_cat-aku-yedek-parcalari","7":"product_cat-aku-parcalari","8":"product_cat-aku-fisi","10":"first","11":"instock","12":"taxable","13":"shipping-taxable","14":"purchasable","15":"product-type-simple"},"_links":{"self":[{"href":"https:\/\/ceoparts.com\/es\/wp-json\/wp\/v2\/product\/12798","targetHints":{"allow":["GET"]}}],"collection":[{"href":"https:\/\/ceoparts.com\/es\/wp-json\/wp\/v2\/product"}],"about":[{"href":"https:\/\/ceoparts.com\/es\/wp-json\/wp\/v2\/types\/product"}],"wp:featuredmedia":[{"embeddable":true,"href":"https:\/\/ceoparts.com\/es\/wp-json\/wp\/v2\/media\/12801"}],"wp:attachment":[{"href":"https:\/\/ceoparts.com\/es\/wp-json\/wp\/v2\/media?parent=12798"}],"wp:term":[{"taxonomy":"product_brand","embeddable":true,"href":"https:\/\/ceoparts.com\/es\/wp-json\/wp\/v2\/product_brand?post=12798"},{"taxonomy":"product_cat","embeddable":true,"href":"https:\/\/ceoparts.com\/es\/wp-json\/wp\/v2\/product_cat?post=12798"},{"taxonomy":"product_tag","embeddable":true,"href":"https:\/\/ceoparts.com\/es\/wp-json\/wp\/v2\/product_tag?post=12798"}],"curies":[{"name":"wp","href":"https:\/\/api.w.org\/{rel}","templated":true}]}}