{"id":12809,"date":"2025-01-09T09:33:01","date_gmt":"2025-01-09T06:33:01","guid":{"rendered":"https:\/\/ceoparts.com\/?post_type=product&#038;p=12809"},"modified":"2026-05-16T16:32:23","modified_gmt":"2026-05-16T13:32:23","slug":"jungheinrich-catal-mekanizma-burc-50463270","status":"publish","type":"product","link":"https:\/\/ceoparts.com\/es\/urun\/jungheinrich-catal-mekanizma-burc-50463270\/","title":{"rendered":"Jungheinrich Mecanismo de horquilla Casquillo &#8211; 50463270"},"content":{"rendered":"<p>Jungheinrich Mecanismo de horquilla Casquillo &#8211; 50463270<\/p>","protected":false},"excerpt":{"rendered":"<article class=\"text-token-text-primary w-full\" dir=\"auto\" data-testid=\"conversation-turn-151\" data-scroll-anchor=\"true\">\n<div class=\"text-base my-auto mx-auto py-5 [--thread-content-margin:--spacing(4)] @[37rem]:[--thread-content-margin:--spacing(6)] @[72rem]:[--thread-content-margin:--spacing(16)] px-(--thread-content-margin)\">\n<div class=\"[--thread-content-max-width:32rem] @[34rem]:[--thread-content-max-width:40rem] @[64rem]:[--thread-content-max-width:48rem] mx-auto flex max-w-(--thread-content-max-width) flex-1 text-base gap-4 md:gap-5 lg:gap-6 group\/turn-messages focus-visible:outline-hidden\" tabindex=\"-1\">\n<div class=\"group\/conversation-turn relative flex w-full min-w-0 flex-col agent-turn\">\n<div class=\"relative flex-col gap-1 md:gap-3\">\n<div class=\"flex max-w-full flex-col grow\">\n<div class=\"min-h-8 text-message relative flex w-full flex-col items-end gap-2 text-start break-words whitespace-normal [.text-message+&amp;]:mt-5\" dir=\"auto\" data-message-author-role=\"assistant\" data-message-id=\"002ed2ef-aaf0-4491-8f48-898d5a13343e\" data-message-model-slug=\"gpt-4-1-mini\">\n<div class=\"flex w-full flex-col gap-1 empty:hidden first:pt-[3px]\">\n<div class=\"markdown prose dark:prose-invert w-full break-words light\">\n<p data-start=\"0\" data-end=\"190\"><br data-start=\"2879\" data-end=\"2882\" \/>Casquillo del mecanismo de horquilla Jungheinrich es una pieza duradera utilizada en el mecanismo de horquilla. Su alta resistencia al desgaste asegura un funcionamiento suave de los movimientos del mecanismo.<\/p>\n<p data-start=\"3093\" data-end=\"3423\" data-is-last-node=\"\" data-is-only-node=\"\"><strong data-start=\"3093\" data-end=\"3113\">Caracter\u00edsticas:<\/strong><br data-start=\"3113\" data-end=\"3116\" \/><strong data-start=\"3116\" data-end=\"3140\">Nombre del producto:<\/strong> Casquillo del mecanismo de horquilla Jungheinrich<br data-start=\"3190\" data-end=\"3193\" \/><strong data-start=\"3193\" data-end=\"3213\">C\u00f3digo de pieza:<\/strong> 50463270<br data-start=\"3222\" data-end=\"3225\" \/><strong data-start=\"3225\" data-end=\"3238\">Material:<\/strong> Aleaci\u00f3n met\u00e1lica resistente<br data-start=\"3267\" data-end=\"3270\" \/><strong data-start=\"3270\" data-end=\"3293\">\u00c1rea de aplicaci\u00f3n:<\/strong> Mecanismo de horquilla para carretillas elevadoras<br data-start=\"3344\" data-end=\"3347\" \/><strong data-start=\"3347\" data-end=\"3359\">Ventaja:<\/strong> Alta resistencia al desgaste, larga duraci\u00f3n, f\u00e1cil instalaci\u00f3n<\/p>\n<\/div>\n<\/div>\n<\/div>\n<\/div>\n<div class=\"flex min-h-[46px] justify-start\">\n<div class=\"touch:-me-2 touch:-ms-3.5 -ms-2.5 -me-1 flex flex-wrap items-center gap-y-4 p-1 select-none touch:w-[calc(100%+--spacing(3.5))] -mt-1 w-[calc(100%+--spacing(2.5))] duration-[1.5s] focus-within:transition-none hover:transition-none pointer-events-none [mask-image:linear-gradient(to_right,black_33%,transparent_66%)] [mask-size:300%_100%] [mask-position:100%_0%] motion-safe:transition-[mask-position] group-hover\/turn-messages:pointer-events-auto group-hover\/turn-messages:[mask-position:0_0] group-focus-within\/turn-messages:pointer-events-auto group-focus-within\/turn-messages:[mask-position:0_0] has-data-[state=open]:pointer-events-auto has-data-[state=open]:[mask-position:0_0]\">\n<div class=\"flex items-center\"><\/div>\n<\/div>\n<\/div>\n<\/div>\n<div class=\"absolute\">\n<div class=\"flex items-center justify-center\"><\/div>\n<\/div>\n<\/div>\n<\/div>\n<\/div>\n<\/article>\n<div class=\"pointer-events-none h-px w-px\" aria-hidden=\"true\" data-edge=\"true\"><\/div>\n","protected":false},"featured_media":12812,"template":"","meta":[],"product_brand":[],"product_cat":[522,236,464,465],"product_tag":[],"class_list":{"0":"post-12809","1":"product","2":"type-product","3":"status-publish","4":"has-post-thumbnail","6":"product_cat-yedek-parca-jungheinrich","7":"product_cat-jungheinrich","8":"product_cat-burc-ve-mill-grubu","9":"product_cat-catal-burclari","11":"first","12":"instock","13":"taxable","14":"shipping-taxable","15":"purchasable","16":"product-type-simple"},"_links":{"self":[{"href":"https:\/\/ceoparts.com\/es\/wp-json\/wp\/v2\/product\/12809","targetHints":{"allow":["GET"]}}],"collection":[{"href":"https:\/\/ceoparts.com\/es\/wp-json\/wp\/v2\/product"}],"about":[{"href":"https:\/\/ceoparts.com\/es\/wp-json\/wp\/v2\/types\/product"}],"wp:featuredmedia":[{"embeddable":true,"href":"https:\/\/ceoparts.com\/es\/wp-json\/wp\/v2\/media\/12812"}],"wp:attachment":[{"href":"https:\/\/ceoparts.com\/es\/wp-json\/wp\/v2\/media?parent=12809"}],"wp:term":[{"taxonomy":"product_brand","embeddable":true,"href":"https:\/\/ceoparts.com\/es\/wp-json\/wp\/v2\/product_brand?post=12809"},{"taxonomy":"product_cat","embeddable":true,"href":"https:\/\/ceoparts.com\/es\/wp-json\/wp\/v2\/product_cat?post=12809"},{"taxonomy":"product_tag","embeddable":true,"href":"https:\/\/ceoparts.com\/es\/wp-json\/wp\/v2\/product_tag?post=12809"}],"curies":[{"name":"wp","href":"https:\/\/api.w.org\/{rel}","templated":true}]}}