{"id":12813,"date":"2025-01-09T09:52:53","date_gmt":"2025-01-09T06:52:53","guid":{"rendered":"https:\/\/ceoparts.com\/?post_type=product&#038;p=12813"},"modified":"2026-05-16T12:10:44","modified_gmt":"2026-05-16T09:10:44","slug":"linde-tasiyici-tekerlek-flansi-kelebek-2619114","status":"publish","type":"product","link":"https:\/\/ceoparts.com\/es\/urun\/linde-tasiyici-tekerlek-flansi-kelebek-2619114\/","title":{"rendered":"BT Brida de rueda portadora &#8211; 2619114"},"content":{"rendered":"<p>BT Brida de rueda portadora &#8211; 2619114<\/p>","protected":false},"excerpt":{"rendered":"<p data-start=\"0\" data-end=\"190\"><br data-start=\"2985\" data-end=\"2988\" \/>Brida de rueda portadora mariposa Linde es una pieza de brida de rueda portadora utilizada en carretillas y maquinaria. Su estructura duradera y dise\u00f1o mariposa proporcionan alto rendimiento.<\/p>\n<p data-start=\"3181\" data-end=\"3495\" data-is-last-node=\"\" data-is-only-node=\"\"><strong data-start=\"3181\" data-end=\"3201\">Caracter\u00edsticas:<\/strong><br data-start=\"3201\" data-end=\"3204\" \/><strong data-start=\"3204\" data-end=\"3228\">Nombre del producto:<\/strong> Brida de rueda portadora mariposa Linde<br data-start=\"3268\" data-end=\"3271\" \/><strong data-start=\"3271\" data-end=\"3291\">C\u00f3digo de pieza:<\/strong> 2619114<br data-start=\"3299\" data-end=\"3302\" \/><strong data-start=\"3302\" data-end=\"3315\">Material:<\/strong> Aleaci\u00f3n met\u00e1lica resistente<br data-start=\"3344\" data-end=\"3347\" \/><strong data-start=\"3347\" data-end=\"3370\">\u00c1rea de aplicaci\u00f3n:<\/strong> Sistema de rueda portadora para carretillas y maquinaria<br data-start=\"3427\" data-end=\"3430\" \/><strong data-start=\"3430\" data-end=\"3442\">Ventaja:<\/strong> Dise\u00f1o duradero, f\u00e1cil instalaci\u00f3n, alto rendimiento<\/p>\n","protected":false},"featured_media":13845,"template":"","meta":[],"product_brand":[],"product_cat":[246,247,251,411],"product_tag":[],"class_list":{"0":"post-12813","1":"product","2":"type-product","3":"status-publish","4":"has-post-thumbnail","6":"product_cat-linde","7":"product_cat-denge-tekeri-linde","8":"product_cat-bt","9":"product_cat-parcalar-catal-mekanizma","11":"first","12":"instock","13":"taxable","14":"shipping-taxable","15":"purchasable","16":"product-type-simple"},"_links":{"self":[{"href":"https:\/\/ceoparts.com\/es\/wp-json\/wp\/v2\/product\/12813","targetHints":{"allow":["GET"]}}],"collection":[{"href":"https:\/\/ceoparts.com\/es\/wp-json\/wp\/v2\/product"}],"about":[{"href":"https:\/\/ceoparts.com\/es\/wp-json\/wp\/v2\/types\/product"}],"wp:featuredmedia":[{"embeddable":true,"href":"https:\/\/ceoparts.com\/es\/wp-json\/wp\/v2\/media\/13845"}],"wp:attachment":[{"href":"https:\/\/ceoparts.com\/es\/wp-json\/wp\/v2\/media?parent=12813"}],"wp:term":[{"taxonomy":"product_brand","embeddable":true,"href":"https:\/\/ceoparts.com\/es\/wp-json\/wp\/v2\/product_brand?post=12813"},{"taxonomy":"product_cat","embeddable":true,"href":"https:\/\/ceoparts.com\/es\/wp-json\/wp\/v2\/product_cat?post=12813"},{"taxonomy":"product_tag","embeddable":true,"href":"https:\/\/ceoparts.com\/es\/wp-json\/wp\/v2\/product_tag?post=12813"}],"curies":[{"name":"wp","href":"https:\/\/api.w.org\/{rel}","templated":true}]}}