{"id":12822,"date":"2025-01-09T13:56:40","date_gmt":"2025-01-09T10:56:40","guid":{"rendered":"https:\/\/ceoparts.com\/?post_type=product&#038;p=12822"},"modified":"2026-05-16T06:16:12","modified_gmt":"2026-05-16T03:16:12","slug":"forklift-panoramik-ayna","status":"publish","type":"product","link":"https:\/\/ceoparts.com\/es\/urun\/forklift-panoramik-ayna\/","title":{"rendered":"Espejo panor\u00e1mico para carretilla elevadora &#8211; 220&#215;115 mm"},"content":{"rendered":"<p>Espejo panor\u00e1mico para carretilla elevadora &#8211; 220&#215;115 mm<\/p>\n<p><\/p>","protected":false},"excerpt":{"rendered":"<p data-start=\"0\" data-end=\"184\"><br data-start=\"3064\" data-end=\"3067\" \/>Espejo panor\u00e1mico para carretilla elevadora de 220\u00d7115 mm, espejo duradero utilizado en carretillas y maquinaria. Mejora la conciencia ambiental del operador con un amplio campo de visi\u00f3n.<\/p>\n<p data-start=\"3257\" data-end=\"3583\" data-is-last-node=\"\" data-is-only-node=\"\"><strong data-start=\"3257\" data-end=\"3277\">Caracter\u00edsticas:<\/strong><br data-start=\"3277\" data-end=\"3280\" \/><strong data-start=\"3280\" data-end=\"3304\">Nombre del producto:<\/strong> Espejo panor\u00e1mico para carretilla elevadora<br data-start=\"3348\" data-end=\"3351\" \/><strong data-start=\"3351\" data-end=\"3371\">C\u00f3digo de pieza:<\/strong> \u2013<br data-start=\"3373\" data-end=\"3376\" \/><strong data-start=\"3376\" data-end=\"3389\">Material:<\/strong> Vidrio duradero y marco de pl\u00e1stico<br data-start=\"3425\" data-end=\"3428\" \/><strong data-start=\"3428\" data-end=\"3451\">\u00c1rea de aplicaci\u00f3n:<\/strong> Sistema de visi\u00f3n ambiental para carretillas y maquinaria<br data-start=\"3509\" data-end=\"3512\" \/><strong data-start=\"3512\" data-end=\"3524\">Ventaja:<\/strong> Amplio campo de visi\u00f3n, dise\u00f1o duradero, f\u00e1cil instalaci\u00f3n<\/p>\n<p>&nbsp;<\/p>\n","protected":false},"featured_media":13647,"template":"","meta":[],"product_brand":[],"product_cat":[451,452],"product_tag":[],"class_list":{"0":"post-12822","1":"product","2":"type-product","3":"status-publish","4":"has-post-thumbnail","6":"product_cat-aksesuar-grubu","7":"product_cat-aynalar","9":"first","10":"instock","11":"taxable","12":"shipping-taxable","13":"purchasable","14":"product-type-simple"},"_links":{"self":[{"href":"https:\/\/ceoparts.com\/es\/wp-json\/wp\/v2\/product\/12822","targetHints":{"allow":["GET"]}}],"collection":[{"href":"https:\/\/ceoparts.com\/es\/wp-json\/wp\/v2\/product"}],"about":[{"href":"https:\/\/ceoparts.com\/es\/wp-json\/wp\/v2\/types\/product"}],"wp:featuredmedia":[{"embeddable":true,"href":"https:\/\/ceoparts.com\/es\/wp-json\/wp\/v2\/media\/13647"}],"wp:attachment":[{"href":"https:\/\/ceoparts.com\/es\/wp-json\/wp\/v2\/media?parent=12822"}],"wp:term":[{"taxonomy":"product_brand","embeddable":true,"href":"https:\/\/ceoparts.com\/es\/wp-json\/wp\/v2\/product_brand?post=12822"},{"taxonomy":"product_cat","embeddable":true,"href":"https:\/\/ceoparts.com\/es\/wp-json\/wp\/v2\/product_cat?post=12822"},{"taxonomy":"product_tag","embeddable":true,"href":"https:\/\/ceoparts.com\/es\/wp-json\/wp\/v2\/product_tag?post=12822"}],"curies":[{"name":"wp","href":"https:\/\/api.w.org\/{rel}","templated":true}]}}