{"id":12829,"date":"2025-01-10T14:57:13","date_gmt":"2025-01-10T11:57:13","guid":{"rendered":"https:\/\/ceoparts.com\/?post_type=product&#038;p=12829"},"modified":"2026-05-06T16:39:15","modified_gmt":"2026-05-06T13:39:15","slug":"forklift-dikiz-ayna-587202332071-22x13","status":"publish","type":"product","link":"https:\/\/ceoparts.com\/es\/urun\/forklift-dikiz-ayna-587202332071-22x13\/","title":{"rendered":"Espejo retrovisor para carretilla elevadora &#8211; 225&#215;130 mm &#8211; 587202332071"},"content":{"rendered":"<p>Espejo retrovisor para carretilla elevadora &#8211; 225&#215;130 mm &#8211; 587202332071<\/p>\n<p><\/p>","protected":false},"excerpt":{"rendered":"<p data-start=\"0\" data-end=\"178\"><br data-start=\"2948\" data-end=\"2951\" \/>Espejo retrovisor para carretilla elevadora de 225\u00d7130 mm, espejo duradero utilizado en carretillas y maquinaria. Mejora la visibilidad trasera del operador para mayor seguridad.<\/p>\n<p data-start=\"3131\" data-end=\"3456\" data-is-last-node=\"\" data-is-only-node=\"\"><strong data-start=\"3131\" data-end=\"3151\">Caracter\u00edsticas:<\/strong><br data-start=\"3151\" data-end=\"3154\" \/><strong data-start=\"3154\" data-end=\"3178\">Nombre del producto:<\/strong> Espejo retrovisor para carretilla elevadora<br data-start=\"3222\" data-end=\"3225\" \/><strong data-start=\"3225\" data-end=\"3245\">C\u00f3digo de pieza:<\/strong> 587202332071<br data-start=\"3258\" data-end=\"3261\" \/><strong data-start=\"3261\" data-end=\"3274\">Material:<\/strong> Vidrio duradero y marco de pl\u00e1stico<br data-start=\"3310\" data-end=\"3313\" \/><strong data-start=\"3313\" data-end=\"3336\">\u00c1rea de aplicaci\u00f3n:<\/strong> Sistema de visi\u00f3n trasera para carretillas y maquinaria<br data-start=\"3392\" data-end=\"3395\" \/><strong data-start=\"3395\" data-end=\"3407\">Ventaja:<\/strong> Imagen clara, dise\u00f1o duradero, f\u00e1cil instalaci\u00f3n<\/p>\n","protected":false},"featured_media":12830,"template":"","meta":[],"product_brand":[],"product_cat":[452,451],"product_tag":[],"class_list":{"0":"post-12829","1":"product","2":"type-product","3":"status-publish","4":"has-post-thumbnail","6":"product_cat-aynalar","7":"product_cat-aksesuar-grubu","9":"first","10":"instock","11":"taxable","12":"shipping-taxable","13":"purchasable","14":"product-type-simple"},"_links":{"self":[{"href":"https:\/\/ceoparts.com\/es\/wp-json\/wp\/v2\/product\/12829","targetHints":{"allow":["GET"]}}],"collection":[{"href":"https:\/\/ceoparts.com\/es\/wp-json\/wp\/v2\/product"}],"about":[{"href":"https:\/\/ceoparts.com\/es\/wp-json\/wp\/v2\/types\/product"}],"wp:featuredmedia":[{"embeddable":true,"href":"https:\/\/ceoparts.com\/es\/wp-json\/wp\/v2\/media\/12830"}],"wp:attachment":[{"href":"https:\/\/ceoparts.com\/es\/wp-json\/wp\/v2\/media?parent=12829"}],"wp:term":[{"taxonomy":"product_brand","embeddable":true,"href":"https:\/\/ceoparts.com\/es\/wp-json\/wp\/v2\/product_brand?post=12829"},{"taxonomy":"product_cat","embeddable":true,"href":"https:\/\/ceoparts.com\/es\/wp-json\/wp\/v2\/product_cat?post=12829"},{"taxonomy":"product_tag","embeddable":true,"href":"https:\/\/ceoparts.com\/es\/wp-json\/wp\/v2\/product_tag?post=12829"}],"curies":[{"name":"wp","href":"https:\/\/api.w.org\/{rel}","templated":true}]}}