{"id":12844,"date":"2025-01-10T15:10:07","date_gmt":"2025-01-10T12:10:07","guid":{"rendered":"https:\/\/ceoparts.com\/?post_type=product&#038;p=12844"},"modified":"2026-05-06T15:21:12","modified_gmt":"2026-05-06T12:21:12","slug":"forklift-panoramik-ayna-275x140mm","status":"publish","type":"product","link":"https:\/\/ceoparts.com\/es\/urun\/forklift-panoramik-ayna-275x140mm\/","title":{"rendered":"Espejo panor\u00e1mico para carretilla elevadora &#8211; 275&#215;140 mm,100mc3848"},"content":{"rendered":"<p>Espejo panor\u00e1mico para carretilla elevadora &#8211; 275&#215;140 mm,100mc3848<\/p>\n<p><\/p>","protected":false},"excerpt":{"rendered":"<p data-start=\"0\" data-end=\"208\"><br data-start=\"3146\" data-end=\"3149\" \/>Espejo panor\u00e1mico para carretilla elevadora de 275\u00d7140 mm, que ofrece un amplio campo de visi\u00f3n. Dise\u00f1ado para carretillas y maquinaria, mejora la conciencia ambiental del operador.<\/p>\n<p data-start=\"3332\" data-end=\"3666\" data-is-last-node=\"\" data-is-only-node=\"\"><strong data-start=\"3332\" data-end=\"3352\">Caracter\u00edsticas:<\/strong><br data-start=\"3352\" data-end=\"3355\" \/><strong data-start=\"3355\" data-end=\"3379\">Nombre del producto:<\/strong> Espejo panor\u00e1mico para carretilla elevadora<br data-start=\"3423\" data-end=\"3426\" \/><strong data-start=\"3426\" data-end=\"3446\">C\u00f3digo de pieza:<\/strong> 100mc3848<br data-start=\"3456\" data-end=\"3459\" \/><strong data-start=\"3459\" data-end=\"3472\">Material:<\/strong> Vidrio duradero y marco de pl\u00e1stico<br data-start=\"3508\" data-end=\"3511\" \/><strong data-start=\"3511\" data-end=\"3534\">\u00c1rea de aplicaci\u00f3n:<\/strong> Sistema de visi\u00f3n ambiental para carretillas y maquinaria<br data-start=\"3592\" data-end=\"3595\" \/><strong data-start=\"3595\" data-end=\"3607\">Ventaja:<\/strong> Amplio campo de visi\u00f3n, dise\u00f1o duradero, f\u00e1cil instalaci\u00f3n<\/p>\n","protected":false},"featured_media":13649,"template":"","meta":[],"product_brand":[],"product_cat":[451,452],"product_tag":[],"class_list":{"0":"post-12844","1":"product","2":"type-product","3":"status-publish","4":"has-post-thumbnail","6":"product_cat-aksesuar-grubu","7":"product_cat-aynalar","9":"first","10":"instock","11":"taxable","12":"shipping-taxable","13":"purchasable","14":"product-type-simple"},"_links":{"self":[{"href":"https:\/\/ceoparts.com\/es\/wp-json\/wp\/v2\/product\/12844","targetHints":{"allow":["GET"]}}],"collection":[{"href":"https:\/\/ceoparts.com\/es\/wp-json\/wp\/v2\/product"}],"about":[{"href":"https:\/\/ceoparts.com\/es\/wp-json\/wp\/v2\/types\/product"}],"wp:featuredmedia":[{"embeddable":true,"href":"https:\/\/ceoparts.com\/es\/wp-json\/wp\/v2\/media\/13649"}],"wp:attachment":[{"href":"https:\/\/ceoparts.com\/es\/wp-json\/wp\/v2\/media?parent=12844"}],"wp:term":[{"taxonomy":"product_brand","embeddable":true,"href":"https:\/\/ceoparts.com\/es\/wp-json\/wp\/v2\/product_brand?post=12844"},{"taxonomy":"product_cat","embeddable":true,"href":"https:\/\/ceoparts.com\/es\/wp-json\/wp\/v2\/product_cat?post=12844"},{"taxonomy":"product_tag","embeddable":true,"href":"https:\/\/ceoparts.com\/es\/wp-json\/wp\/v2\/product_tag?post=12844"}],"curies":[{"name":"wp","href":"https:\/\/api.w.org\/{rel}","templated":true}]}}