{"id":12873,"date":"2025-01-13T17:28:49","date_gmt":"2025-01-13T14:28:49","guid":{"rendered":"https:\/\/ceoparts.com\/?post_type=product&#038;p=12873"},"modified":"2026-05-16T05:02:30","modified_gmt":"2026-05-16T02:02:30","slug":"emniyet-kemeri-sivicli-duz-baglantili","status":"publish","type":"product","link":"https:\/\/ceoparts.com\/es\/urun\/emniyet-kemeri-sivicli-duz-baglantili\/","title":{"rendered":"Cintur\u00f3n de seguridad con interruptor, Conexi\u00f3n recta"},"content":{"rendered":"<p>Cintur\u00f3n de seguridad con interruptor, Conexi\u00f3n recta<\/p>","protected":false},"excerpt":{"rendered":"<p data-start=\"0\" data-end=\"237\"><br data-start=\"3468\" data-end=\"3471\" \/>Conexi\u00f3n recta con interruptor de cintur\u00f3n de seguridad es un sistema de conexi\u00f3n de cintur\u00f3n con interruptor y tipo de conexi\u00f3n recta utilizado en carretillas y maquinaria. Su dise\u00f1o duradero y conexi\u00f3n segura mejoran la seguridad del operador.<\/p>\n<p data-start=\"3718\" data-end=\"4053\" data-is-last-node=\"\" data-is-only-node=\"\"><strong data-start=\"3718\" data-end=\"3738\">Caracter\u00edsticas:<\/strong><br data-start=\"3738\" data-end=\"3741\" \/><strong data-start=\"3741\" data-end=\"3765\">Nombre del producto:<\/strong> Conexi\u00f3n recta con interruptor de cintur\u00f3n de seguridad<br data-start=\"3821\" data-end=\"3824\" \/><strong data-start=\"3824\" data-end=\"3844\">C\u00f3digo de pieza:<\/strong> \u2013<br data-start=\"3846\" data-end=\"3849\" \/><strong data-start=\"3849\" data-end=\"3862\">Material:<\/strong> Pl\u00e1stico y metal duraderos<br data-start=\"3889\" data-end=\"3892\" \/><strong data-start=\"3892\" data-end=\"3915\">\u00c1rea de aplicaci\u00f3n:<\/strong> Sistema de seguridad para carretillas y maquinaria<br data-start=\"3966\" data-end=\"3969\" \/><strong data-start=\"3969\" data-end=\"3981\">Ventaja:<\/strong> Conexi\u00f3n segura y resistente, mecanismo con interruptor, larga duraci\u00f3n<\/p>\n","protected":false},"featured_media":12874,"template":"","meta":[],"product_brand":[],"product_cat":[451,453],"product_tag":[],"class_list":{"0":"post-12873","1":"product","2":"type-product","3":"status-publish","4":"has-post-thumbnail","6":"product_cat-aksesuar-grubu","7":"product_cat-emniyet-kemerleri","9":"first","10":"instock","11":"taxable","12":"shipping-taxable","13":"purchasable","14":"product-type-simple"},"_links":{"self":[{"href":"https:\/\/ceoparts.com\/es\/wp-json\/wp\/v2\/product\/12873","targetHints":{"allow":["GET"]}}],"collection":[{"href":"https:\/\/ceoparts.com\/es\/wp-json\/wp\/v2\/product"}],"about":[{"href":"https:\/\/ceoparts.com\/es\/wp-json\/wp\/v2\/types\/product"}],"wp:featuredmedia":[{"embeddable":true,"href":"https:\/\/ceoparts.com\/es\/wp-json\/wp\/v2\/media\/12874"}],"wp:attachment":[{"href":"https:\/\/ceoparts.com\/es\/wp-json\/wp\/v2\/media?parent=12873"}],"wp:term":[{"taxonomy":"product_brand","embeddable":true,"href":"https:\/\/ceoparts.com\/es\/wp-json\/wp\/v2\/product_brand?post=12873"},{"taxonomy":"product_cat","embeddable":true,"href":"https:\/\/ceoparts.com\/es\/wp-json\/wp\/v2\/product_cat?post=12873"},{"taxonomy":"product_tag","embeddable":true,"href":"https:\/\/ceoparts.com\/es\/wp-json\/wp\/v2\/product_tag?post=12873"}],"curies":[{"name":"wp","href":"https:\/\/api.w.org\/{rel}","templated":true}]}}