{"id":12879,"date":"2025-01-13T17:32:20","date_gmt":"2025-01-13T14:32:20","guid":{"rendered":"https:\/\/ceoparts.com\/?post_type=product&#038;p=12879"},"modified":"2026-05-16T17:05:09","modified_gmt":"2026-05-16T14:05:09","slug":"emniyet-kemeri-sensorlu-turuncu-securoni","status":"publish","type":"product","link":"https:\/\/ceoparts.com\/es\/urun\/emniyet-kemeri-sensorlu-turuncu-securoni\/","title":{"rendered":"Cintur\u00f3n de seguridad con sensor, Naranja &#8211; SECURONI"},"content":{"rendered":"<p>Cintur\u00f3n de seguridad con sensor, Naranja &#8211; SECURONI<\/p>","protected":false},"excerpt":{"rendered":"<p data-start=\"0\" data-end=\"235\"><br data-start=\"3414\" data-end=\"3417\" \/>Sensor de cintur\u00f3n de seguridad naranja \u2013 Securoni es un sistema de conexi\u00f3n de cintur\u00f3n de seguridad de color naranja con sensor, utilizado en carretillas y maquinaria. Su funci\u00f3n de sensor proporciona monitoreo de seguridad y mejora la protecci\u00f3n del operador.<\/p>\n<p data-start=\"3681\" data-end=\"4009\" data-is-last-node=\"\" data-is-only-node=\"\"><strong data-start=\"3681\" data-end=\"3701\">Caracter\u00edsticas:<\/strong><br data-start=\"3701\" data-end=\"3704\" \/><strong data-start=\"3704\" data-end=\"3728\">Nombre del producto:<\/strong> Sensor de cintur\u00f3n de seguridad naranja \u2013 Securoni<br data-start=\"3779\" data-end=\"3782\" \/><strong data-start=\"3782\" data-end=\"3802\">C\u00f3digo de pieza:<\/strong> \u2013<br data-start=\"3804\" data-end=\"3807\" \/><strong data-start=\"3807\" data-end=\"3820\">Material:<\/strong> Pl\u00e1stico y metal duraderos<br data-start=\"3847\" data-end=\"3850\" \/><strong data-start=\"3850\" data-end=\"3873\">\u00c1rea de aplicaci\u00f3n:<\/strong> Sistema de seguridad para carretillas y maquinaria<br data-start=\"3924\" data-end=\"3927\" \/><strong data-start=\"3927\" data-end=\"3939\">Ventaja:<\/strong> Monitoreo de seguridad con sensor, dise\u00f1o duradero, f\u00e1cil instalaci\u00f3n<\/p>\n","protected":false},"featured_media":12885,"template":"","meta":[],"product_brand":[],"product_cat":[453,451],"product_tag":[],"class_list":{"0":"post-12879","1":"product","2":"type-product","3":"status-publish","4":"has-post-thumbnail","6":"product_cat-emniyet-kemerleri","7":"product_cat-aksesuar-grubu","9":"first","10":"instock","11":"taxable","12":"shipping-taxable","13":"purchasable","14":"product-type-simple"},"_links":{"self":[{"href":"https:\/\/ceoparts.com\/es\/wp-json\/wp\/v2\/product\/12879","targetHints":{"allow":["GET"]}}],"collection":[{"href":"https:\/\/ceoparts.com\/es\/wp-json\/wp\/v2\/product"}],"about":[{"href":"https:\/\/ceoparts.com\/es\/wp-json\/wp\/v2\/types\/product"}],"wp:featuredmedia":[{"embeddable":true,"href":"https:\/\/ceoparts.com\/es\/wp-json\/wp\/v2\/media\/12885"}],"wp:attachment":[{"href":"https:\/\/ceoparts.com\/es\/wp-json\/wp\/v2\/media?parent=12879"}],"wp:term":[{"taxonomy":"product_brand","embeddable":true,"href":"https:\/\/ceoparts.com\/es\/wp-json\/wp\/v2\/product_brand?post=12879"},{"taxonomy":"product_cat","embeddable":true,"href":"https:\/\/ceoparts.com\/es\/wp-json\/wp\/v2\/product_cat?post=12879"},{"taxonomy":"product_tag","embeddable":true,"href":"https:\/\/ceoparts.com\/es\/wp-json\/wp\/v2\/product_tag?post=12879"}],"curies":[{"name":"wp","href":"https:\/\/api.w.org\/{rel}","templated":true}]}}