{"id":12896,"date":"2025-01-13T17:56:51","date_gmt":"2025-01-13T14:56:51","guid":{"rendered":"https:\/\/ceoparts.com\/?post_type=product&#038;p=12896"},"modified":"2026-05-16T19:46:54","modified_gmt":"2026-05-16T16:46:54","slug":"korna-ince-ses-12-v","status":"publish","type":"product","link":"https:\/\/ceoparts.com\/es\/urun\/korna-ince-ses-12-v\/","title":{"rendered":"Claxon, Sonido suave 12V"},"content":{"rendered":"<p>Claxon, Sonido suave 12V<\/p>","protected":false},"excerpt":{"rendered":"<p data-start=\"0\" data-end=\"162\"><br data-start=\"2907\" data-end=\"2910\" \/>Bocina Sonido Delgado 12V es una bocina duradera utilizada en carretillas y maquinaria el\u00e9ctrica 12V que produce un sonido fino y claro. Proporciona una fuerte advertencia y larga vida \u00fatil.<\/p>\n<p data-start=\"3102\" data-end=\"3404\" data-is-last-node=\"\" data-is-only-node=\"\"><strong data-start=\"3102\" data-end=\"3122\">Caracter\u00edsticas:<\/strong><br data-start=\"3122\" data-end=\"3125\" \/><strong data-start=\"3125\" data-end=\"3149\">Nombre del producto:<\/strong> Bocina Sonido Delgado \u2013 12V<br data-start=\"3177\" data-end=\"3180\" \/><strong data-start=\"3180\" data-end=\"3200\">C\u00f3digo de pieza:<\/strong> \u2013<br data-start=\"3202\" data-end=\"3205\" \/><strong data-start=\"3205\" data-end=\"3218\">Material:<\/strong> Pl\u00e1stico y metal duraderos<br data-start=\"3245\" data-end=\"3248\" \/><strong data-start=\"3248\" data-end=\"3271\">\u00c1rea de aplicaci\u00f3n:<\/strong> Sistema de bocina para carretillas y maquinaria el\u00e9ctrica 12V<br data-start=\"3333\" data-end=\"3336\" \/><strong data-start=\"3336\" data-end=\"3348\">Ventaja:<\/strong> Sonido fino y claro, dise\u00f1o duradero, f\u00e1cil instalaci\u00f3n<\/p>\n","protected":false},"featured_media":12897,"template":"","meta":[],"product_brand":[],"product_cat":[451,455],"product_tag":[],"class_list":{"0":"post-12896","1":"product","2":"type-product","3":"status-publish","4":"has-post-thumbnail","6":"product_cat-aksesuar-grubu","7":"product_cat-kornalar","9":"first","10":"instock","11":"taxable","12":"shipping-taxable","13":"purchasable","14":"product-type-simple"},"_links":{"self":[{"href":"https:\/\/ceoparts.com\/es\/wp-json\/wp\/v2\/product\/12896","targetHints":{"allow":["GET"]}}],"collection":[{"href":"https:\/\/ceoparts.com\/es\/wp-json\/wp\/v2\/product"}],"about":[{"href":"https:\/\/ceoparts.com\/es\/wp-json\/wp\/v2\/types\/product"}],"wp:featuredmedia":[{"embeddable":true,"href":"https:\/\/ceoparts.com\/es\/wp-json\/wp\/v2\/media\/12897"}],"wp:attachment":[{"href":"https:\/\/ceoparts.com\/es\/wp-json\/wp\/v2\/media?parent=12896"}],"wp:term":[{"taxonomy":"product_brand","embeddable":true,"href":"https:\/\/ceoparts.com\/es\/wp-json\/wp\/v2\/product_brand?post=12896"},{"taxonomy":"product_cat","embeddable":true,"href":"https:\/\/ceoparts.com\/es\/wp-json\/wp\/v2\/product_cat?post=12896"},{"taxonomy":"product_tag","embeddable":true,"href":"https:\/\/ceoparts.com\/es\/wp-json\/wp\/v2\/product_tag?post=12896"}],"curies":[{"name":"wp","href":"https:\/\/api.w.org\/{rel}","templated":true}]}}