{"id":12902,"date":"2025-01-14T09:01:32","date_gmt":"2025-01-14T06:01:32","guid":{"rendered":"https:\/\/ceoparts.com\/?post_type=product&#038;p=12902"},"modified":"2026-05-16T09:37:13","modified_gmt":"2026-05-16T06:37:13","slug":"korna-kalin-ses-12-v","status":"publish","type":"product","link":"https:\/\/ceoparts.com\/es\/urun\/korna-kalin-ses-12-v\/","title":{"rendered":"Claxon Sonido Grave 12 V"},"content":{"rendered":"<p>Claxon Sonido Grave 12 V<\/p>","protected":false},"excerpt":{"rendered":"<p data-start=\"0\" data-end=\"184\"><br data-start=\"2896\" data-end=\"2899\" \/>Bocina Sonido Grueso 12V es una bocina duradera con alto rendimiento sonoro utilizada en carretillas y maquinaria el\u00e9ctrica 12V. Proporciona un sonido fuerte y claro para una advertencia segura.<\/p>\n<p data-start=\"3095\" data-end=\"3390\" data-is-last-node=\"\" data-is-only-node=\"\"><strong data-start=\"3095\" data-end=\"3115\">Caracter\u00edsticas:<\/strong><br data-start=\"3115\" data-end=\"3118\" \/><strong data-start=\"3118\" data-end=\"3142\">Nombre del producto:<\/strong> Bocina Sonido Grueso \u2013 12V<br data-start=\"3169\" data-end=\"3172\" \/><strong data-start=\"3172\" data-end=\"3192\">C\u00f3digo de pieza:<\/strong> \u2013<br data-start=\"3194\" data-end=\"3197\" \/><strong data-start=\"3197\" data-end=\"3210\">Material:<\/strong> Pl\u00e1stico y metal duraderos<br data-start=\"3237\" data-end=\"3240\" \/><strong data-start=\"3240\" data-end=\"3263\">\u00c1rea de aplicaci\u00f3n:<\/strong> Sistema de bocina para carretillas y maquinaria el\u00e9ctrica 12V<br data-start=\"3325\" data-end=\"3328\" \/><strong data-start=\"3328\" data-end=\"3340\">Ventaja:<\/strong> Sonido fuerte, dise\u00f1o duradero, f\u00e1cil instalaci\u00f3n<\/p>\n","protected":false},"featured_media":12903,"template":"","meta":[],"product_brand":[],"product_cat":[451,455],"product_tag":[],"class_list":{"0":"post-12902","1":"product","2":"type-product","3":"status-publish","4":"has-post-thumbnail","6":"product_cat-aksesuar-grubu","7":"product_cat-kornalar","9":"first","10":"instock","11":"taxable","12":"shipping-taxable","13":"purchasable","14":"product-type-simple"},"_links":{"self":[{"href":"https:\/\/ceoparts.com\/es\/wp-json\/wp\/v2\/product\/12902","targetHints":{"allow":["GET"]}}],"collection":[{"href":"https:\/\/ceoparts.com\/es\/wp-json\/wp\/v2\/product"}],"about":[{"href":"https:\/\/ceoparts.com\/es\/wp-json\/wp\/v2\/types\/product"}],"wp:featuredmedia":[{"embeddable":true,"href":"https:\/\/ceoparts.com\/es\/wp-json\/wp\/v2\/media\/12903"}],"wp:attachment":[{"href":"https:\/\/ceoparts.com\/es\/wp-json\/wp\/v2\/media?parent=12902"}],"wp:term":[{"taxonomy":"product_brand","embeddable":true,"href":"https:\/\/ceoparts.com\/es\/wp-json\/wp\/v2\/product_brand?post=12902"},{"taxonomy":"product_cat","embeddable":true,"href":"https:\/\/ceoparts.com\/es\/wp-json\/wp\/v2\/product_cat?post=12902"},{"taxonomy":"product_tag","embeddable":true,"href":"https:\/\/ceoparts.com\/es\/wp-json\/wp\/v2\/product_tag?post=12902"}],"curies":[{"name":"wp","href":"https:\/\/api.w.org\/{rel}","templated":true}]}}