{"id":12913,"date":"2025-01-14T09:48:59","date_gmt":"2025-01-14T06:48:59","guid":{"rendered":"https:\/\/ceoparts.com\/?post_type=product&#038;p=12913"},"modified":"2026-05-16T09:34:25","modified_gmt":"2026-05-16T06:34:25","slug":"korna-kalin-ses-48-v","status":"publish","type":"product","link":"https:\/\/ceoparts.com\/es\/urun\/korna-kalin-ses-48-v\/","title":{"rendered":"Claxon Sonido Grave 48 V"},"content":{"rendered":"<p>Claxon Sonido Grave 48 V<\/p>","protected":false},"excerpt":{"rendered":"<p data-start=\"0\" data-end=\"186\"><br data-start=\"2900\" data-end=\"2903\" \/>Bocina Sonido Grueso 48V es una bocina duradera con alto rendimiento sonoro utilizada en carretillas y maquinaria el\u00e9ctrica 48V. Proporciona un sonido fuerte y claro para una advertencia segura.<\/p>\n<p data-start=\"3099\" data-end=\"3394\" data-is-last-node=\"\" data-is-only-node=\"\"><strong data-start=\"3099\" data-end=\"3119\">Caracter\u00edsticas:<\/strong><br data-start=\"3119\" data-end=\"3122\" \/><strong data-start=\"3122\" data-end=\"3146\">Nombre del producto:<\/strong> Bocina Sonido Grueso \u2013 48V<br data-start=\"3173\" data-end=\"3176\" \/><strong data-start=\"3176\" data-end=\"3196\">C\u00f3digo de pieza:<\/strong> \u2013<br data-start=\"3198\" data-end=\"3201\" \/><strong data-start=\"3201\" data-end=\"3214\">Material:<\/strong> Pl\u00e1stico y metal duraderos<br data-start=\"3241\" data-end=\"3244\" \/><strong data-start=\"3244\" data-end=\"3267\">\u00c1rea de aplicaci\u00f3n:<\/strong> Sistema de bocina para carretillas y maquinaria el\u00e9ctrica 48V<br data-start=\"3329\" data-end=\"3332\" \/><strong data-start=\"3332\" data-end=\"3344\">Ventaja:<\/strong> Sonido fuerte, dise\u00f1o duradero, f\u00e1cil instalaci\u00f3n<\/p>\n","protected":false},"featured_media":12925,"template":"","meta":[],"product_brand":[],"product_cat":[451,455],"product_tag":[],"class_list":{"0":"post-12913","1":"product","2":"type-product","3":"status-publish","4":"has-post-thumbnail","6":"product_cat-aksesuar-grubu","7":"product_cat-kornalar","9":"first","10":"instock","11":"taxable","12":"shipping-taxable","13":"purchasable","14":"product-type-simple"},"_links":{"self":[{"href":"https:\/\/ceoparts.com\/es\/wp-json\/wp\/v2\/product\/12913","targetHints":{"allow":["GET"]}}],"collection":[{"href":"https:\/\/ceoparts.com\/es\/wp-json\/wp\/v2\/product"}],"about":[{"href":"https:\/\/ceoparts.com\/es\/wp-json\/wp\/v2\/types\/product"}],"wp:featuredmedia":[{"embeddable":true,"href":"https:\/\/ceoparts.com\/es\/wp-json\/wp\/v2\/media\/12925"}],"wp:attachment":[{"href":"https:\/\/ceoparts.com\/es\/wp-json\/wp\/v2\/media?parent=12913"}],"wp:term":[{"taxonomy":"product_brand","embeddable":true,"href":"https:\/\/ceoparts.com\/es\/wp-json\/wp\/v2\/product_brand?post=12913"},{"taxonomy":"product_cat","embeddable":true,"href":"https:\/\/ceoparts.com\/es\/wp-json\/wp\/v2\/product_cat?post=12913"},{"taxonomy":"product_tag","embeddable":true,"href":"https:\/\/ceoparts.com\/es\/wp-json\/wp\/v2\/product_tag?post=12913"}],"curies":[{"name":"wp","href":"https:\/\/api.w.org\/{rel}","templated":true}]}}