{"id":12918,"date":"2025-01-14T09:58:48","date_gmt":"2025-01-14T06:58:48","guid":{"rendered":"https:\/\/ceoparts.com\/?post_type=product&#038;p=12918"},"modified":"2026-05-16T08:30:28","modified_gmt":"2026-05-16T05:30:28","slug":"geri-vites-ikaz-kucuk-korna-12-24v","status":"publish","type":"product","link":"https:\/\/ceoparts.com\/es\/urun\/geri-vites-ikaz-kucuk-korna-12-24v\/","title":{"rendered":"Alerta de Reversa Claxon Peque\u00f1o &#8211; 12-24V"},"content":{"rendered":"<p>Alerta de Reversa Claxon Peque\u00f1o &#8211; 12-24V<\/p>","protected":false},"excerpt":{"rendered":"<p data-start=\"0\" data-end=\"206\"><br data-start=\"3237\" data-end=\"3240\" \/>Bocina peque\u00f1a de advertencia de marcha atr\u00e1s es una bocina compacta y duradera utilizada en carretillas y maquinaria el\u00e9ctrica 12-24V. Proporciona un alto rendimiento sonoro para una marcha atr\u00e1s segura.<\/p>\n<p data-start=\"3446\" data-end=\"3807\" data-is-last-node=\"\" data-is-only-node=\"\"><strong data-start=\"3446\" data-end=\"3466\">Caracter\u00edsticas:<\/strong><br data-start=\"3466\" data-end=\"3469\" \/><strong data-start=\"3469\" data-end=\"3493\">Nombre del producto:<\/strong> Bocina peque\u00f1a de advertencia de marcha atr\u00e1s \u2013 12-24V<br data-start=\"3548\" data-end=\"3551\" \/><strong data-start=\"3551\" data-end=\"3571\">C\u00f3digo de pieza:<\/strong> \u2013<br data-start=\"3573\" data-end=\"3576\" \/><strong data-start=\"3576\" data-end=\"3589\">Material:<\/strong> Pl\u00e1stico y metal duraderos<br data-start=\"3616\" data-end=\"3619\" \/><strong data-start=\"3619\" data-end=\"3642\">\u00c1rea de aplicaci\u00f3n:<\/strong> Sistema de advertencia de marcha atr\u00e1s para carretillas y maquinaria el\u00e9ctrica 12-24V<br data-start=\"3728\" data-end=\"3731\" \/><strong data-start=\"3731\" data-end=\"3743\">Ventaja:<\/strong> Dise\u00f1o compacto, alto rendimiento sonoro, construcci\u00f3n duradera<\/p>\n","protected":false},"featured_media":12919,"template":"","meta":[],"product_brand":[],"product_cat":[451,455],"product_tag":[],"class_list":{"0":"post-12918","1":"product","2":"type-product","3":"status-publish","4":"has-post-thumbnail","6":"product_cat-aksesuar-grubu","7":"product_cat-kornalar","9":"first","10":"instock","11":"taxable","12":"shipping-taxable","13":"purchasable","14":"product-type-simple"},"_links":{"self":[{"href":"https:\/\/ceoparts.com\/es\/wp-json\/wp\/v2\/product\/12918","targetHints":{"allow":["GET"]}}],"collection":[{"href":"https:\/\/ceoparts.com\/es\/wp-json\/wp\/v2\/product"}],"about":[{"href":"https:\/\/ceoparts.com\/es\/wp-json\/wp\/v2\/types\/product"}],"wp:featuredmedia":[{"embeddable":true,"href":"https:\/\/ceoparts.com\/es\/wp-json\/wp\/v2\/media\/12919"}],"wp:attachment":[{"href":"https:\/\/ceoparts.com\/es\/wp-json\/wp\/v2\/media?parent=12918"}],"wp:term":[{"taxonomy":"product_brand","embeddable":true,"href":"https:\/\/ceoparts.com\/es\/wp-json\/wp\/v2\/product_brand?post=12918"},{"taxonomy":"product_cat","embeddable":true,"href":"https:\/\/ceoparts.com\/es\/wp-json\/wp\/v2\/product_cat?post=12918"},{"taxonomy":"product_tag","embeddable":true,"href":"https:\/\/ceoparts.com\/es\/wp-json\/wp\/v2\/product_tag?post=12918"}],"curies":[{"name":"wp","href":"https:\/\/api.w.org\/{rel}","templated":true}]}}