{"id":12926,"date":"2025-01-14T10:50:33","date_gmt":"2025-01-14T07:50:33","guid":{"rendered":"https:\/\/ceoparts.com\/?post_type=product&#038;p=12926"},"modified":"2026-05-16T11:44:20","modified_gmt":"2026-05-16T08:44:20","slug":"roots-korna-24v","status":"publish","type":"product","link":"https:\/\/ceoparts.com\/es\/urun\/roots-korna-24v\/","title":{"rendered":"Claxon Roots &#8211; 24V"},"content":{"rendered":"<p>Claxon Roots &#8211; 24V<\/p>","protected":false},"excerpt":{"rendered":"<p data-start=\"0\" data-end=\"164\"><br data-start=\"2698\" data-end=\"2701\" \/>Bocina Roots es una bocina duradera y de alto rendimiento utilizada en sistemas de 24V. Fabricada con materiales duraderos, ofrece un sonido fiable.<\/p>\n<p data-start=\"2851\" data-end=\"3148\" data-is-last-node=\"\" data-is-only-node=\"\"><strong data-start=\"2851\" data-end=\"2871\">Caracter\u00edsticas:<\/strong><br data-start=\"2871\" data-end=\"2874\" \/><strong data-start=\"2874\" data-end=\"2898\">Nombre del producto:<\/strong> Bocina Roots \u2013 24V<br data-start=\"2917\" data-end=\"2920\" \/><strong data-start=\"2920\" data-end=\"2940\">C\u00f3digo de pieza:<\/strong> \u2013<br data-start=\"2942\" data-end=\"2945\" \/><strong data-start=\"2945\" data-end=\"2958\">Material:<\/strong> Pl\u00e1stico y metal duraderos<br data-start=\"2985\" data-end=\"2988\" \/><strong data-start=\"2988\" data-end=\"3011\">\u00c1rea de aplicaci\u00f3n:<\/strong> Sistema de bocina para carretillas y maquinaria el\u00e9ctrica 24V<br data-start=\"3073\" data-end=\"3076\" \/><strong data-start=\"3076\" data-end=\"3088\">Ventaja:<\/strong> Dise\u00f1o duradero, alto rendimiento sonoro, f\u00e1cil instalaci\u00f3n<\/p>\n","protected":false},"featured_media":12935,"template":"","meta":[],"product_brand":[],"product_cat":[451,455],"product_tag":[],"class_list":{"0":"post-12926","1":"product","2":"type-product","3":"status-publish","4":"has-post-thumbnail","6":"product_cat-aksesuar-grubu","7":"product_cat-kornalar","9":"first","10":"instock","11":"taxable","12":"shipping-taxable","13":"purchasable","14":"product-type-simple"},"_links":{"self":[{"href":"https:\/\/ceoparts.com\/es\/wp-json\/wp\/v2\/product\/12926","targetHints":{"allow":["GET"]}}],"collection":[{"href":"https:\/\/ceoparts.com\/es\/wp-json\/wp\/v2\/product"}],"about":[{"href":"https:\/\/ceoparts.com\/es\/wp-json\/wp\/v2\/types\/product"}],"wp:featuredmedia":[{"embeddable":true,"href":"https:\/\/ceoparts.com\/es\/wp-json\/wp\/v2\/media\/12935"}],"wp:attachment":[{"href":"https:\/\/ceoparts.com\/es\/wp-json\/wp\/v2\/media?parent=12926"}],"wp:term":[{"taxonomy":"product_brand","embeddable":true,"href":"https:\/\/ceoparts.com\/es\/wp-json\/wp\/v2\/product_brand?post=12926"},{"taxonomy":"product_cat","embeddable":true,"href":"https:\/\/ceoparts.com\/es\/wp-json\/wp\/v2\/product_cat?post=12926"},{"taxonomy":"product_tag","embeddable":true,"href":"https:\/\/ceoparts.com\/es\/wp-json\/wp\/v2\/product_tag?post=12926"}],"curies":[{"name":"wp","href":"https:\/\/api.w.org\/{rel}","templated":true}]}}