{"id":12933,"date":"2025-01-14T11:12:07","date_gmt":"2025-01-14T08:12:07","guid":{"rendered":"https:\/\/ceoparts.com\/?post_type=product&#038;p=12933"},"modified":"2026-05-16T17:22:49","modified_gmt":"2026-05-16T14:22:49","slug":"seger-geri-vites-kornasi-9-48v","status":"publish","type":"product","link":"https:\/\/ceoparts.com\/es\/urun\/seger-geri-vites-kornasi-9-48v\/","title":{"rendered":"Claxon de Reversa Seger &#8211; 9-48V"},"content":{"rendered":"<p>Claxon de Reversa Seger &#8211; 9-48V<\/p>","protected":false},"excerpt":{"rendered":"<p data-start=\"0\" data-end=\"223\"><br data-start=\"3271\" data-end=\"3274\" \/>Bocina de marcha atr\u00e1s Seger \u2013 9-48V es una bocina duradera dise\u00f1ada para carretillas y maquinaria que funcionan en un rango de 9-48V. Proporciona un alto rendimiento sonoro y durabilidad para garantizar una marcha atr\u00e1s segura.<\/p>\n<p data-start=\"3504\" data-end=\"3842\" data-is-last-node=\"\" data-is-only-node=\"\"><strong data-start=\"3504\" data-end=\"3524\">Caracter\u00edsticas:<\/strong><br data-start=\"3524\" data-end=\"3527\" \/><strong data-start=\"3527\" data-end=\"3551\">Nombre del producto:<\/strong> Bocina de marcha atr\u00e1s Seger \u2013 9-48V<br data-start=\"3588\" data-end=\"3591\" \/><strong data-start=\"3591\" data-end=\"3611\">C\u00f3digo de pieza:<\/strong> \u2013<br data-start=\"3613\" data-end=\"3616\" \/><strong data-start=\"3616\" data-end=\"3629\">Material:<\/strong> Pl\u00e1stico y metal duraderos<br data-start=\"3656\" data-end=\"3659\" \/><strong data-start=\"3659\" data-end=\"3682\">\u00c1rea de aplicaci\u00f3n:<\/strong> Sistema de advertencia de marcha atr\u00e1s para carretillas y maquinaria el\u00e9ctrica 9-48V<br data-start=\"3767\" data-end=\"3770\" \/><strong data-start=\"3770\" data-end=\"3782\">Ventaja:<\/strong> Alto rendimiento sonoro, dise\u00f1o duradero, f\u00e1cil instalaci\u00f3n<\/p>\n","protected":false},"featured_media":12942,"template":"","meta":[],"product_brand":[],"product_cat":[451,455],"product_tag":[],"class_list":{"0":"post-12933","1":"product","2":"type-product","3":"status-publish","4":"has-post-thumbnail","6":"product_cat-aksesuar-grubu","7":"product_cat-kornalar","9":"first","10":"instock","11":"taxable","12":"shipping-taxable","13":"purchasable","14":"product-type-simple"},"_links":{"self":[{"href":"https:\/\/ceoparts.com\/es\/wp-json\/wp\/v2\/product\/12933","targetHints":{"allow":["GET"]}}],"collection":[{"href":"https:\/\/ceoparts.com\/es\/wp-json\/wp\/v2\/product"}],"about":[{"href":"https:\/\/ceoparts.com\/es\/wp-json\/wp\/v2\/types\/product"}],"wp:featuredmedia":[{"embeddable":true,"href":"https:\/\/ceoparts.com\/es\/wp-json\/wp\/v2\/media\/12942"}],"wp:attachment":[{"href":"https:\/\/ceoparts.com\/es\/wp-json\/wp\/v2\/media?parent=12933"}],"wp:term":[{"taxonomy":"product_brand","embeddable":true,"href":"https:\/\/ceoparts.com\/es\/wp-json\/wp\/v2\/product_brand?post=12933"},{"taxonomy":"product_cat","embeddable":true,"href":"https:\/\/ceoparts.com\/es\/wp-json\/wp\/v2\/product_cat?post=12933"},{"taxonomy":"product_tag","embeddable":true,"href":"https:\/\/ceoparts.com\/es\/wp-json\/wp\/v2\/product_tag?post=12933"}],"curies":[{"name":"wp","href":"https:\/\/api.w.org\/{rel}","templated":true}]}}