{"id":12943,"date":"2025-01-14T11:32:43","date_gmt":"2025-01-14T08:32:43","guid":{"rendered":"https:\/\/ceoparts.com\/?post_type=product&#038;p=12943"},"modified":"2026-05-16T07:29:39","modified_gmt":"2026-05-16T04:29:39","slug":"seger-korna-48v","status":"publish","type":"product","link":"https:\/\/ceoparts.com\/es\/urun\/seger-korna-48v\/","title":{"rendered":"Claxon Seger &#8211; 48V"},"content":{"rendered":"<p>Claxon Seger &#8211; 48V<\/p>","protected":false},"excerpt":{"rendered":"<p data-start=\"0\" data-end=\"170\"><br data-start=\"2736\" data-end=\"2739\" \/>Bocina Seger es una bocina duradera con alto rendimiento sonoro utilizada en sistemas de 48V. Fabricada con materiales robustos, ofrece un sonido fiable.<\/p>\n<p data-start=\"2894\" data-end=\"3191\" data-is-last-node=\"\" data-is-only-node=\"\"><strong data-start=\"2894\" data-end=\"2914\">Caracter\u00edsticas:<\/strong><br data-start=\"2914\" data-end=\"2917\" \/><strong data-start=\"2917\" data-end=\"2941\">Nombre del producto:<\/strong> Bocina Seger \u2013 48V<br data-start=\"2960\" data-end=\"2963\" \/><strong data-start=\"2963\" data-end=\"2983\">C\u00f3digo de pieza:<\/strong> \u2013<br data-start=\"2985\" data-end=\"2988\" \/><strong data-start=\"2988\" data-end=\"3001\">Material:<\/strong> Pl\u00e1stico y metal duraderos<br data-start=\"3028\" data-end=\"3031\" \/><strong data-start=\"3031\" data-end=\"3054\">\u00c1rea de aplicaci\u00f3n:<\/strong> Sistema de bocina para carretillas y maquinaria el\u00e9ctrica 48V<br data-start=\"3116\" data-end=\"3119\" \/><strong data-start=\"3119\" data-end=\"3131\">Ventaja:<\/strong> Dise\u00f1o duradero, alto rendimiento sonoro, f\u00e1cil instalaci\u00f3n<\/p>\n","protected":false},"featured_media":12950,"template":"","meta":[],"product_brand":[],"product_cat":[451,455],"product_tag":[],"class_list":{"0":"post-12943","1":"product","2":"type-product","3":"status-publish","4":"has-post-thumbnail","6":"product_cat-aksesuar-grubu","7":"product_cat-kornalar","9":"first","10":"instock","11":"taxable","12":"shipping-taxable","13":"purchasable","14":"product-type-simple"},"_links":{"self":[{"href":"https:\/\/ceoparts.com\/es\/wp-json\/wp\/v2\/product\/12943","targetHints":{"allow":["GET"]}}],"collection":[{"href":"https:\/\/ceoparts.com\/es\/wp-json\/wp\/v2\/product"}],"about":[{"href":"https:\/\/ceoparts.com\/es\/wp-json\/wp\/v2\/types\/product"}],"wp:featuredmedia":[{"embeddable":true,"href":"https:\/\/ceoparts.com\/es\/wp-json\/wp\/v2\/media\/12950"}],"wp:attachment":[{"href":"https:\/\/ceoparts.com\/es\/wp-json\/wp\/v2\/media?parent=12943"}],"wp:term":[{"taxonomy":"product_brand","embeddable":true,"href":"https:\/\/ceoparts.com\/es\/wp-json\/wp\/v2\/product_brand?post=12943"},{"taxonomy":"product_cat","embeddable":true,"href":"https:\/\/ceoparts.com\/es\/wp-json\/wp\/v2\/product_cat?post=12943"},{"taxonomy":"product_tag","embeddable":true,"href":"https:\/\/ceoparts.com\/es\/wp-json\/wp\/v2\/product_tag?post=12943"}],"curies":[{"name":"wp","href":"https:\/\/api.w.org\/{rel}","templated":true}]}}