{"id":12952,"date":"2025-01-14T13:16:51","date_gmt":"2025-01-14T10:16:51","guid":{"rendered":"https:\/\/ceoparts.com\/?post_type=product&#038;p=12952"},"modified":"2026-05-16T18:44:46","modified_gmt":"2026-05-16T15:44:46","slug":"jungheinrich-acil-stop-butonu-ere-eje-ece-69384970-139ta2561","status":"publish","type":"product","link":"https:\/\/ceoparts.com\/es\/urun\/jungheinrich-acil-stop-butonu-ere-eje-ece-69384970-139ta2561\/","title":{"rendered":"Bot\u00f3n de Parada de Emergencia Jungheinrich &#8211; ERE\/EJE\/ECE &#8211; 69384970, 139TA2561"},"content":{"rendered":"<p>Bot\u00f3n de Parada de Emergencia Jungheinrich &#8211; ERE\/EJE\/ECE &#8211; 69384970, 139TA2561<\/p>\n<p>TFG\/DFG<br \/>\nECC<br \/>\nECE<br \/>\nERC<br \/>\nERD<br \/>\nERE<br \/>\nEZS<br \/>\nEJC<br \/>\nEFG<br \/>\nESE<br \/>\nEJE<\/p>","protected":false},"excerpt":{"rendered":"<p data-start=\"0\" data-end=\"218\"><br data-start=\"3433\" data-end=\"3436\" \/>Bot\u00f3n de parada de emergencia Jungheinrich \u2013 ERE\/EJE\/ECE es un bot\u00f3n de parada de emergencia duradero utilizado en modelos de carretillas elevadoras Jungheinrich. Fabricado con materiales de alta calidad, garantiza una respuesta r\u00e1pida y un uso seguro.<\/p>\n<p data-start=\"3690\" data-end=\"4048\" data-is-last-node=\"\" data-is-only-node=\"\"><strong data-start=\"3690\" data-end=\"3710\">Caracter\u00edsticas:<\/strong><br data-start=\"3710\" data-end=\"3713\" \/><strong data-start=\"3713\" data-end=\"3737\">Nombre del producto:<\/strong> Bot\u00f3n de parada de emergencia Jungheinrich \u2013 ERE\/EJE\/ECE<br data-start=\"3794\" data-end=\"3797\" \/><strong data-start=\"3797\" data-end=\"3817\">C\u00f3digo de pieza:<\/strong> 69384970, 139TA2561<br data-start=\"3837\" data-end=\"3840\" \/><strong data-start=\"3840\" data-end=\"3853\">Material:<\/strong> Pl\u00e1stico y metal duraderos<br data-start=\"3880\" data-end=\"3883\" \/><strong data-start=\"3883\" data-end=\"3906\">\u00c1rea de aplicaci\u00f3n:<\/strong> Sistema de parada de emergencia para carretillas Jungheinrich ERE, EJE, ECE<br data-start=\"3982\" data-end=\"3985\" \/><strong data-start=\"3985\" data-end=\"3997\">Ventaja:<\/strong> Respuesta r\u00e1pida, dise\u00f1o seguro, f\u00e1cil instalaci\u00f3n<\/p>\n","protected":false},"featured_media":12993,"template":"","meta":[],"product_brand":[],"product_cat":[236,451,454,522],"product_tag":[],"class_list":{"0":"post-12952","1":"product","2":"type-product","3":"status-publish","4":"has-post-thumbnail","6":"product_cat-jungheinrich","7":"product_cat-aksesuar-grubu","8":"product_cat-switch-ve-buton","9":"product_cat-yedek-parca-jungheinrich","11":"first","12":"instock","13":"taxable","14":"shipping-taxable","15":"purchasable","16":"product-type-simple"},"_links":{"self":[{"href":"https:\/\/ceoparts.com\/es\/wp-json\/wp\/v2\/product\/12952","targetHints":{"allow":["GET"]}}],"collection":[{"href":"https:\/\/ceoparts.com\/es\/wp-json\/wp\/v2\/product"}],"about":[{"href":"https:\/\/ceoparts.com\/es\/wp-json\/wp\/v2\/types\/product"}],"wp:featuredmedia":[{"embeddable":true,"href":"https:\/\/ceoparts.com\/es\/wp-json\/wp\/v2\/media\/12993"}],"wp:attachment":[{"href":"https:\/\/ceoparts.com\/es\/wp-json\/wp\/v2\/media?parent=12952"}],"wp:term":[{"taxonomy":"product_brand","embeddable":true,"href":"https:\/\/ceoparts.com\/es\/wp-json\/wp\/v2\/product_brand?post=12952"},{"taxonomy":"product_cat","embeddable":true,"href":"https:\/\/ceoparts.com\/es\/wp-json\/wp\/v2\/product_cat?post=12952"},{"taxonomy":"product_tag","embeddable":true,"href":"https:\/\/ceoparts.com\/es\/wp-json\/wp\/v2\/product_tag?post=12952"}],"curies":[{"name":"wp","href":"https:\/\/api.w.org\/{rel}","templated":true}]}}