{"id":12962,"date":"2025-01-14T13:25:16","date_gmt":"2025-01-14T10:25:16","guid":{"rendered":"https:\/\/ceoparts.com\/?post_type=product&#038;p=12962"},"modified":"2026-05-16T10:45:24","modified_gmt":"2026-05-16T07:45:24","slug":"bt-indirme-kaldirma-butonu-171665","status":"publish","type":"product","link":"https:\/\/ceoparts.com\/es\/urun\/bt-indirme-kaldirma-butonu-171665\/","title":{"rendered":"Bot\u00f3n de Descarga \/ Elevaci\u00f3n BT &#8211; 171665"},"content":{"rendered":"<p>Bot\u00f3n de Descarga \/ Elevaci\u00f3n BT &#8211; 171665<\/p>\n<p>BT<\/p>\n<p>OL<\/p>\n<p>OSE<\/p>\n<p>TSE<\/p>\n<p>OME<\/p>\n<p>HWE 100<\/p>\n<p>S<\/p>\n<p>SWE<\/p>\n<p>LPE<\/p>\n<p>LWE<\/p>\n<p>P20, P24<\/p>\n<p>W<\/p>\n<p>AL, AS<\/p>\n<p>LAE<\/p>\n<p>SAE<\/p>\n<p>&nbsp;<\/p>","protected":false},"excerpt":{"rendered":"<p data-start=\"0\" data-end=\"192\"><br data-start=\"3050\" data-end=\"3053\" \/>Bot\u00f3n subir\/bajar BT es un bot\u00f3n duradero utilizado en carretillas elevadoras BT para controlar las operaciones de elevaci\u00f3n y descenso de carga. Fabricado con materiales robustos, ofrece un rendimiento preciso y fiable.<\/p>\n<p data-start=\"3275\" data-end=\"3569\" data-is-last-node=\"\" data-is-only-node=\"\"><strong data-start=\"3275\" data-end=\"3295\">Caracter\u00edsticas:<\/strong><br data-start=\"3295\" data-end=\"3298\" \/><strong data-start=\"3298\" data-end=\"3322\">Nombre del producto:<\/strong> Bot\u00f3n subir\/bajar BT<br data-start=\"3343\" data-end=\"3346\" \/><strong data-start=\"3346\" data-end=\"3366\">C\u00f3digo de pieza:<\/strong> 171665<br data-start=\"3373\" data-end=\"3376\" \/><strong data-start=\"3376\" data-end=\"3389\">Material:<\/strong> Pl\u00e1stico y metal duraderos<br data-start=\"3416\" data-end=\"3419\" \/><strong data-start=\"3419\" data-end=\"3442\">\u00c1rea de aplicaci\u00f3n:<\/strong> Control de elevaci\u00f3n y descenso de carga en carretillas BT<br data-start=\"3501\" data-end=\"3504\" \/><strong data-start=\"3504\" data-end=\"3516\">Ventaja:<\/strong> Respuesta precisa, larga duraci\u00f3n, f\u00e1cil instalaci\u00f3n<\/p>\n","protected":false},"featured_media":12963,"template":"","meta":[],"product_brand":[],"product_cat":[251,451,454,518],"product_tag":[],"class_list":{"0":"post-12962","1":"product","2":"type-product","3":"status-publish","4":"has-post-thumbnail","6":"product_cat-bt","7":"product_cat-aksesuar-grubu","8":"product_cat-switch-ve-buton","9":"product_cat-yedek-parca-bt","11":"first","12":"instock","13":"taxable","14":"shipping-taxable","15":"purchasable","16":"product-type-simple"},"_links":{"self":[{"href":"https:\/\/ceoparts.com\/es\/wp-json\/wp\/v2\/product\/12962","targetHints":{"allow":["GET"]}}],"collection":[{"href":"https:\/\/ceoparts.com\/es\/wp-json\/wp\/v2\/product"}],"about":[{"href":"https:\/\/ceoparts.com\/es\/wp-json\/wp\/v2\/types\/product"}],"wp:featuredmedia":[{"embeddable":true,"href":"https:\/\/ceoparts.com\/es\/wp-json\/wp\/v2\/media\/12963"}],"wp:attachment":[{"href":"https:\/\/ceoparts.com\/es\/wp-json\/wp\/v2\/media?parent=12962"}],"wp:term":[{"taxonomy":"product_brand","embeddable":true,"href":"https:\/\/ceoparts.com\/es\/wp-json\/wp\/v2\/product_brand?post=12962"},{"taxonomy":"product_cat","embeddable":true,"href":"https:\/\/ceoparts.com\/es\/wp-json\/wp\/v2\/product_cat?post=12962"},{"taxonomy":"product_tag","embeddable":true,"href":"https:\/\/ceoparts.com\/es\/wp-json\/wp\/v2\/product_tag?post=12962"}],"curies":[{"name":"wp","href":"https:\/\/api.w.org\/{rel}","templated":true}]}}