{"id":12970,"date":"2025-01-14T13:34:00","date_gmt":"2025-01-14T10:34:00","guid":{"rendered":"https:\/\/ceoparts.com\/?post_type=product&#038;p=12970"},"modified":"2026-05-16T09:34:31","modified_gmt":"2026-05-16T06:34:31","slug":"bt-indirme-kaldirma-butonu-rocker-switch-203401","status":"publish","type":"product","link":"https:\/\/ceoparts.com\/es\/urun\/bt-indirme-kaldirma-butonu-rocker-switch-203401\/","title":{"rendered":"Bot\u00f3n de Descarga \/ Elevaci\u00f3n BT Rocker Switch &#8211; 203401"},"content":{"rendered":"<p>Bot\u00f3n de Descarga \/ Elevaci\u00f3n BT Rocker Switch &#8211; 203401<\/p>","protected":false},"excerpt":{"rendered":"<p data-start=\"0\" data-end=\"208\"><br data-start=\"3189\" data-end=\"3192\" \/>Interruptor basculante bot\u00f3n subir\/bajar BT es un bot\u00f3n basculante duradero utilizado en carretillas BT para controlar elevaci\u00f3n y descenso. Fabricado con materiales duraderos, ofrece un control preciso y f\u00e1cil instalaci\u00f3n.<\/p>\n<p data-start=\"3417\" data-end=\"3726\" data-is-last-node=\"\" data-is-only-node=\"\"><strong data-start=\"3417\" data-end=\"3437\">Caracter\u00edsticas:<\/strong><br data-start=\"3437\" data-end=\"3440\" \/><strong data-start=\"3440\" data-end=\"3464\">Nombre del producto:<\/strong> Interruptor basculante bot\u00f3n subir\/bajar BT<br data-start=\"3508\" data-end=\"3511\" \/><strong data-start=\"3511\" data-end=\"3531\">C\u00f3digo de pieza:<\/strong> 203401<br data-start=\"3538\" data-end=\"3541\" \/><strong data-start=\"3541\" data-end=\"3554\">Material:<\/strong> Pl\u00e1stico y metal duraderos<br data-start=\"3581\" data-end=\"3584\" \/><strong data-start=\"3584\" data-end=\"3607\">\u00c1rea de aplicaci\u00f3n:<\/strong> Control de elevaci\u00f3n y descenso en carretillas BT<br data-start=\"3657\" data-end=\"3660\" \/><strong data-start=\"3660\" data-end=\"3672\">Ventaja:<\/strong> Respuesta precisa, dise\u00f1o duradero, f\u00e1cil instalaci\u00f3n<\/p>\n","protected":false},"featured_media":12971,"template":"","meta":[],"product_brand":[],"product_cat":[251,451,454,518],"product_tag":[],"class_list":{"0":"post-12970","1":"product","2":"type-product","3":"status-publish","4":"has-post-thumbnail","6":"product_cat-bt","7":"product_cat-aksesuar-grubu","8":"product_cat-switch-ve-buton","9":"product_cat-yedek-parca-bt","11":"first","12":"instock","13":"taxable","14":"shipping-taxable","15":"purchasable","16":"product-type-simple"},"_links":{"self":[{"href":"https:\/\/ceoparts.com\/es\/wp-json\/wp\/v2\/product\/12970","targetHints":{"allow":["GET"]}}],"collection":[{"href":"https:\/\/ceoparts.com\/es\/wp-json\/wp\/v2\/product"}],"about":[{"href":"https:\/\/ceoparts.com\/es\/wp-json\/wp\/v2\/types\/product"}],"wp:featuredmedia":[{"embeddable":true,"href":"https:\/\/ceoparts.com\/es\/wp-json\/wp\/v2\/media\/12971"}],"wp:attachment":[{"href":"https:\/\/ceoparts.com\/es\/wp-json\/wp\/v2\/media?parent=12970"}],"wp:term":[{"taxonomy":"product_brand","embeddable":true,"href":"https:\/\/ceoparts.com\/es\/wp-json\/wp\/v2\/product_brand?post=12970"},{"taxonomy":"product_cat","embeddable":true,"href":"https:\/\/ceoparts.com\/es\/wp-json\/wp\/v2\/product_cat?post=12970"},{"taxonomy":"product_tag","embeddable":true,"href":"https:\/\/ceoparts.com\/es\/wp-json\/wp\/v2\/product_tag?post=12970"}],"curies":[{"name":"wp","href":"https:\/\/api.w.org\/{rel}","templated":true}]}}