{"id":12974,"date":"2025-01-14T13:42:39","date_gmt":"2025-01-14T10:42:39","guid":{"rendered":"https:\/\/ceoparts.com\/?post_type=product&#038;p=12974"},"modified":"2026-05-16T19:50:50","modified_gmt":"2026-05-16T16:50:50","slug":"still-exu-buton-kirmizi-4492821","status":"publish","type":"product","link":"https:\/\/ceoparts.com\/es\/urun\/still-exu-buton-kirmizi-4492821\/","title":{"rendered":"Bot\u00f3n STILL EXU &#8211; Rojo &#8211; 4492821"},"content":{"rendered":"<p>Bot\u00f3n STILL EXU &#8211; Rojo &#8211; 4492821<\/p>","protected":false},"excerpt":{"rendered":"<p data-start=\"0\" data-end=\"190\"><br data-start=\"2931\" data-end=\"2934\" \/>Bot\u00f3n STILL EXU \u2013 Rojo es un bot\u00f3n rojo duradero utilizado en carretillas elevadoras y maquinaria STILL. Fabricado con materiales duraderos, ofrece una respuesta precisa y una f\u00e1cil instalaci\u00f3n.<\/p>\n<p data-start=\"3130\" data-end=\"3424\" data-is-last-node=\"\" data-is-only-node=\"\"><strong data-start=\"3130\" data-end=\"3150\">Caracter\u00edsticas:<\/strong><br data-start=\"3150\" data-end=\"3153\" \/><strong data-start=\"3153\" data-end=\"3177\">Nombre del producto:<\/strong> Bot\u00f3n STILL EXU \u2013 Rojo<br data-start=\"3200\" data-end=\"3203\" \/><strong data-start=\"3203\" data-end=\"3223\">C\u00f3digo de pieza:<\/strong> 4492821<br data-start=\"3231\" data-end=\"3234\" \/><strong data-start=\"3234\" data-end=\"3247\">Material:<\/strong> Pl\u00e1stico y metal duraderos<br data-start=\"3274\" data-end=\"3277\" \/><strong data-start=\"3277\" data-end=\"3300\">\u00c1rea de aplicaci\u00f3n:<\/strong> Sistema de control para carretillas y maquinaria STILL<br data-start=\"3355\" data-end=\"3358\" \/><strong data-start=\"3358\" data-end=\"3370\">Ventaja:<\/strong> Dise\u00f1o duradero, respuesta precisa, f\u00e1cil instalaci\u00f3n<\/p>\n","protected":false},"featured_media":13016,"template":"","meta":[],"product_brand":[],"product_cat":[241,451,454,524],"product_tag":[],"class_list":{"0":"post-12974","1":"product","2":"type-product","3":"status-publish","4":"has-post-thumbnail","6":"product_cat-still","7":"product_cat-aksesuar-grubu","8":"product_cat-switch-ve-buton","9":"product_cat-yedek-parca-still","11":"first","12":"instock","13":"taxable","14":"shipping-taxable","15":"purchasable","16":"product-type-simple"},"_links":{"self":[{"href":"https:\/\/ceoparts.com\/es\/wp-json\/wp\/v2\/product\/12974","targetHints":{"allow":["GET"]}}],"collection":[{"href":"https:\/\/ceoparts.com\/es\/wp-json\/wp\/v2\/product"}],"about":[{"href":"https:\/\/ceoparts.com\/es\/wp-json\/wp\/v2\/types\/product"}],"wp:featuredmedia":[{"embeddable":true,"href":"https:\/\/ceoparts.com\/es\/wp-json\/wp\/v2\/media\/13016"}],"wp:attachment":[{"href":"https:\/\/ceoparts.com\/es\/wp-json\/wp\/v2\/media?parent=12974"}],"wp:term":[{"taxonomy":"product_brand","embeddable":true,"href":"https:\/\/ceoparts.com\/es\/wp-json\/wp\/v2\/product_brand?post=12974"},{"taxonomy":"product_cat","embeddable":true,"href":"https:\/\/ceoparts.com\/es\/wp-json\/wp\/v2\/product_cat?post=12974"},{"taxonomy":"product_tag","embeddable":true,"href":"https:\/\/ceoparts.com\/es\/wp-json\/wp\/v2\/product_tag?post=12974"}],"curies":[{"name":"wp","href":"https:\/\/api.w.org\/{rel}","templated":true}]}}