{"id":12985,"date":"2025-01-14T13:57:28","date_gmt":"2025-01-14T10:57:28","guid":{"rendered":"https:\/\/ceoparts.com\/?post_type=product&#038;p=12985"},"modified":"2026-05-16T11:50:04","modified_gmt":"2026-05-16T08:50:04","slug":"still-korna-butonu-s0503037","status":"publish","type":"product","link":"https:\/\/ceoparts.com\/es\/urun\/still-korna-butonu-s0503037\/","title":{"rendered":"Bot\u00f3n de Claxon STILL &#8211; S0503037"},"content":{"rendered":"<p>Bot\u00f3n de Claxon STILL &#8211; S0503037<\/p>","protected":false},"excerpt":{"rendered":"<p data-start=\"0\" data-end=\"160\"><br data-start=\"2670\" data-end=\"2673\" \/>Bot\u00f3n de bocina STILL es un bot\u00f3n de bocina duradero utilizado en carretillas elevadoras STILL. Fabricado con materiales duraderos, ofrece una respuesta precisa y una f\u00e1cil instalaci\u00f3n.<\/p>\n<p data-start=\"2860\" data-end=\"3140\" data-is-last-node=\"\" data-is-only-node=\"\"><strong data-start=\"2860\" data-end=\"2880\">Caracter\u00edsticas:<\/strong><br data-start=\"2880\" data-end=\"2883\" \/><strong data-start=\"2883\" data-end=\"2907\">Nombre del producto:<\/strong> Bot\u00f3n de bocina STILL<br data-start=\"2929\" data-end=\"2932\" \/><strong data-start=\"2932\" data-end=\"2952\">C\u00f3digo de pieza:<\/strong> S0503037<br data-start=\"2961\" data-end=\"2964\" \/><strong data-start=\"2964\" data-end=\"2977\">Material:<\/strong> Pl\u00e1stico y metal duraderos<br data-start=\"3004\" data-end=\"3007\" \/><strong data-start=\"3007\" data-end=\"3030\">\u00c1rea de aplicaci\u00f3n:<\/strong> Control de bocina para carretillas STILL<br data-start=\"3071\" data-end=\"3074\" \/><strong data-start=\"3074\" data-end=\"3086\">Ventaja:<\/strong> Dise\u00f1o duradero, respuesta precisa, f\u00e1cil instalaci\u00f3n<\/p>\n","protected":false},"featured_media":12986,"template":"","meta":[],"product_brand":[],"product_cat":[451,454,524,241],"product_tag":[],"class_list":{"0":"post-12985","1":"product","2":"type-product","3":"status-publish","4":"has-post-thumbnail","6":"product_cat-aksesuar-grubu","7":"product_cat-switch-ve-buton","8":"product_cat-yedek-parca-still","9":"product_cat-still","11":"first","12":"instock","13":"taxable","14":"shipping-taxable","15":"purchasable","16":"product-type-simple"},"_links":{"self":[{"href":"https:\/\/ceoparts.com\/es\/wp-json\/wp\/v2\/product\/12985","targetHints":{"allow":["GET"]}}],"collection":[{"href":"https:\/\/ceoparts.com\/es\/wp-json\/wp\/v2\/product"}],"about":[{"href":"https:\/\/ceoparts.com\/es\/wp-json\/wp\/v2\/types\/product"}],"wp:featuredmedia":[{"embeddable":true,"href":"https:\/\/ceoparts.com\/es\/wp-json\/wp\/v2\/media\/12986"}],"wp:attachment":[{"href":"https:\/\/ceoparts.com\/es\/wp-json\/wp\/v2\/media?parent=12985"}],"wp:term":[{"taxonomy":"product_brand","embeddable":true,"href":"https:\/\/ceoparts.com\/es\/wp-json\/wp\/v2\/product_brand?post=12985"},{"taxonomy":"product_cat","embeddable":true,"href":"https:\/\/ceoparts.com\/es\/wp-json\/wp\/v2\/product_cat?post=12985"},{"taxonomy":"product_tag","embeddable":true,"href":"https:\/\/ceoparts.com\/es\/wp-json\/wp\/v2\/product_tag?post=12985"}],"curies":[{"name":"wp","href":"https:\/\/api.w.org\/{rel}","templated":true}]}}