{"id":12989,"date":"2025-01-14T14:01:52","date_gmt":"2025-01-14T11:01:52","guid":{"rendered":"https:\/\/ceoparts.com\/?post_type=product&#038;p=12989"},"modified":"2026-05-16T15:37:29","modified_gmt":"2026-05-16T12:37:29","slug":"bt-lpe-acil-buton-220822-7220003","status":"publish","type":"product","link":"https:\/\/ceoparts.com\/es\/urun\/bt-lpe-acil-buton-220822-7220003\/","title":{"rendered":"Bot\u00f3n de Parada de Emergencia BT LPE &#8211; 220822, 7220003"},"content":{"rendered":"<p>Bot\u00f3n de Parada de Emergencia BT LPE &#8211; 220822, 7220003<\/p>\n<p>Bot\u00f3n de Parada de Emergencia BT LPE &#8211; 220822, 7220003<\/p>\n<p><\/p>","protected":false},"excerpt":{"rendered":"<p data-start=\"0\" data-end=\"162\"><br data-start=\"2844\" data-end=\"2847\" \/>Bot\u00f3n de parada de emergencia BT LPE es un bot\u00f3n de parada de emergencia utilizado en carretillas BT LPE. Fabricado con materiales duraderos, garantiza una respuesta r\u00e1pida y un uso seguro.<\/p>\n<p data-start=\"3038\" data-end=\"3352\" data-is-last-node=\"\" data-is-only-node=\"\"><strong data-start=\"3038\" data-end=\"3058\">Caracter\u00edsticas:<\/strong><br data-start=\"3058\" data-end=\"3061\" \/><strong data-start=\"3061\" data-end=\"3085\">Nombre del producto:<\/strong> Bot\u00f3n de parada de emergencia BT LPE<br data-start=\"3122\" data-end=\"3125\" \/><strong data-start=\"3125\" data-end=\"3145\">C\u00f3digo de pieza:<\/strong> 220822, 7220003<br data-start=\"3161\" data-end=\"3164\" \/><strong data-start=\"3164\" data-end=\"3177\">Material:<\/strong> Pl\u00e1stico y metal duraderos<br data-start=\"3204\" data-end=\"3207\" \/><strong data-start=\"3207\" data-end=\"3230\">\u00c1rea de aplicaci\u00f3n:<\/strong> Sistema de parada de emergencia para carretillas BT LPE<br data-start=\"3286\" data-end=\"3289\" \/><strong data-start=\"3289\" data-end=\"3301\">Ventaja:<\/strong> Respuesta r\u00e1pida, dise\u00f1o seguro, f\u00e1cil instalaci\u00f3n<\/p>\n","protected":false},"featured_media":12990,"template":"","meta":[],"product_brand":[],"product_cat":[251,451,454,518],"product_tag":[],"class_list":{"0":"post-12989","1":"product","2":"type-product","3":"status-publish","4":"has-post-thumbnail","6":"product_cat-bt","7":"product_cat-aksesuar-grubu","8":"product_cat-switch-ve-buton","9":"product_cat-yedek-parca-bt","11":"first","12":"instock","13":"taxable","14":"shipping-taxable","15":"purchasable","16":"product-type-simple"},"_links":{"self":[{"href":"https:\/\/ceoparts.com\/es\/wp-json\/wp\/v2\/product\/12989","targetHints":{"allow":["GET"]}}],"collection":[{"href":"https:\/\/ceoparts.com\/es\/wp-json\/wp\/v2\/product"}],"about":[{"href":"https:\/\/ceoparts.com\/es\/wp-json\/wp\/v2\/types\/product"}],"wp:featuredmedia":[{"embeddable":true,"href":"https:\/\/ceoparts.com\/es\/wp-json\/wp\/v2\/media\/12990"}],"wp:attachment":[{"href":"https:\/\/ceoparts.com\/es\/wp-json\/wp\/v2\/media?parent=12989"}],"wp:term":[{"taxonomy":"product_brand","embeddable":true,"href":"https:\/\/ceoparts.com\/es\/wp-json\/wp\/v2\/product_brand?post=12989"},{"taxonomy":"product_cat","embeddable":true,"href":"https:\/\/ceoparts.com\/es\/wp-json\/wp\/v2\/product_cat?post=12989"},{"taxonomy":"product_tag","embeddable":true,"href":"https:\/\/ceoparts.com\/es\/wp-json\/wp\/v2\/product_tag?post=12989"}],"curies":[{"name":"wp","href":"https:\/\/api.w.org\/{rel}","templated":true}]}}