{"id":13004,"date":"2025-01-14T14:40:06","date_gmt":"2025-01-14T11:40:06","guid":{"rendered":"https:\/\/ceoparts.com\/?post_type=product&#038;p=13004"},"modified":"2026-05-16T11:42:45","modified_gmt":"2026-05-16T08:42:45","slug":"linde-indirme-kaldirma-butonu-0039732913-3005430300","status":"publish","type":"product","link":"https:\/\/ceoparts.com\/es\/urun\/linde-indirme-kaldirma-butonu-0039732913-3005430300\/","title":{"rendered":"Bot\u00f3n de Descarga \/ Elevaci\u00f3n LINDE &#8211; 0039732913"},"content":{"rendered":"<p>Bot\u00f3n de Descarga \/ Elevaci\u00f3n LINDE &#8211; 0039732913<\/p>","protected":false},"excerpt":{"rendered":"<p data-start=\"0\" data-end=\"199\"><br data-start=\"3159\" data-end=\"3162\" \/>Bot\u00f3n de elevaci\u00f3n\/bajada Linde es un bot\u00f3n duradero utilizado en carretillas elevadoras Linde para controlar las operaciones de elevaci\u00f3n y bajada. Fabricado con materiales duraderos, proporciona un rendimiento preciso y fiable.<\/p>\n<p data-start=\"3393\" data-end=\"3712\" data-is-last-node=\"\" data-is-only-node=\"\"><strong data-start=\"3393\" data-end=\"3413\">Caracter\u00edsticas:<\/strong><br data-start=\"3413\" data-end=\"3416\" \/><strong data-start=\"3416\" data-end=\"3440\">Nombre del producto:<\/strong> Bot\u00f3n de elevaci\u00f3n\/bajada Linde<br data-start=\"3472\" data-end=\"3475\" \/><strong data-start=\"3475\" data-end=\"3495\">C\u00f3digo de pieza:<\/strong> 0039732913, 3005430300<br data-start=\"3518\" data-end=\"3521\" \/><strong data-start=\"3521\" data-end=\"3534\">Material:<\/strong> Pl\u00e1stico y metal duraderos<br data-start=\"3561\" data-end=\"3564\" \/><strong data-start=\"3564\" data-end=\"3587\">\u00c1rea de aplicaci\u00f3n:<\/strong> Control de elevaci\u00f3n y bajada en carretillas elevadoras<br data-start=\"3643\" data-end=\"3646\" \/><strong data-start=\"3646\" data-end=\"3658\">Ventaja:<\/strong> Respuesta precisa, dise\u00f1o duradero, f\u00e1cil instalaci\u00f3n<\/p>\n","protected":false},"featured_media":13005,"template":"","meta":[],"product_brand":[],"product_cat":[246,451,454,523],"product_tag":[],"class_list":{"0":"post-13004","1":"product","2":"type-product","3":"status-publish","4":"has-post-thumbnail","6":"product_cat-linde","7":"product_cat-aksesuar-grubu","8":"product_cat-switch-ve-buton","9":"product_cat-yedek-parca-linde","11":"first","12":"instock","13":"taxable","14":"shipping-taxable","15":"purchasable","16":"product-type-simple"},"_links":{"self":[{"href":"https:\/\/ceoparts.com\/es\/wp-json\/wp\/v2\/product\/13004","targetHints":{"allow":["GET"]}}],"collection":[{"href":"https:\/\/ceoparts.com\/es\/wp-json\/wp\/v2\/product"}],"about":[{"href":"https:\/\/ceoparts.com\/es\/wp-json\/wp\/v2\/types\/product"}],"wp:featuredmedia":[{"embeddable":true,"href":"https:\/\/ceoparts.com\/es\/wp-json\/wp\/v2\/media\/13005"}],"wp:attachment":[{"href":"https:\/\/ceoparts.com\/es\/wp-json\/wp\/v2\/media?parent=13004"}],"wp:term":[{"taxonomy":"product_brand","embeddable":true,"href":"https:\/\/ceoparts.com\/es\/wp-json\/wp\/v2\/product_brand?post=13004"},{"taxonomy":"product_cat","embeddable":true,"href":"https:\/\/ceoparts.com\/es\/wp-json\/wp\/v2\/product_cat?post=13004"},{"taxonomy":"product_tag","embeddable":true,"href":"https:\/\/ceoparts.com\/es\/wp-json\/wp\/v2\/product_tag?post=13004"}],"curies":[{"name":"wp","href":"https:\/\/api.w.org\/{rel}","templated":true}]}}