{"id":13011,"date":"2025-01-14T15:10:46","date_gmt":"2025-01-14T12:10:46","guid":{"rendered":"https:\/\/ceoparts.com\/?post_type=product&#038;p=13011"},"modified":"2026-05-16T12:54:16","modified_gmt":"2026-05-16T09:54:16","slug":"still-exu-sf-acil-stop-butonu-15145570-4499520","status":"publish","type":"product","link":"https:\/\/ceoparts.com\/es\/urun\/still-exu-sf-acil-stop-butonu-15145570-4499520\/","title":{"rendered":"Bot\u00f3n de Parada de Emergencia STILL EXU SF &#8211; 15145570, 4499520"},"content":{"rendered":"<p>Bot\u00f3n de Parada de Emergencia STILL EXU SF &#8211; 15145570, 4499520<\/p>\n<p>EGV EXV\/Linde L12<\/p>\n<p>Still 50024331400<\/p>","protected":false},"excerpt":{"rendered":"<p data-start=\"0\" data-end=\"185\"><br data-start=\"3174\" data-end=\"3177\" \/>Bot\u00f3n de parada de emergencia STILL EXU SF es un bot\u00f3n de parada de emergencia utilizado en carretillas elevadoras y maquinaria STILL. Fabricado con materiales de alta calidad, garantiza una intervenci\u00f3n r\u00e1pida y segura.<\/p>\n<p data-start=\"3399\" data-end=\"3733\" data-is-last-node=\"\" data-is-only-node=\"\"><strong data-start=\"3399\" data-end=\"3419\">Caracter\u00edsticas:<\/strong><br data-start=\"3419\" data-end=\"3422\" \/><strong data-start=\"3422\" data-end=\"3446\">Nombre del producto:<\/strong> Bot\u00f3n de parada de emergencia STILL EXU SF<br data-start=\"3489\" data-end=\"3492\" \/><strong data-start=\"3492\" data-end=\"3512\">C\u00f3digo de pieza:<\/strong> 15145570, 4499520<br data-start=\"3530\" data-end=\"3533\" \/><strong data-start=\"3533\" data-end=\"3546\">Material:<\/strong> Pl\u00e1stico y metal duraderos<br data-start=\"3573\" data-end=\"3576\" \/><strong data-start=\"3576\" data-end=\"3599\">\u00c1rea de aplicaci\u00f3n:<\/strong> Sistema de parada de emergencia para carretillas y maquinaria STILL<br data-start=\"3667\" data-end=\"3670\" \/><strong data-start=\"3670\" data-end=\"3682\">Ventaja:<\/strong> Respuesta r\u00e1pida, dise\u00f1o seguro, f\u00e1cil instalaci\u00f3n<\/p>\n","protected":false},"featured_media":13013,"template":"","meta":[],"product_brand":[],"product_cat":[241,246,451,454,523,524],"product_tag":[],"class_list":{"0":"post-13011","1":"product","2":"type-product","3":"status-publish","4":"has-post-thumbnail","6":"product_cat-still","7":"product_cat-linde","8":"product_cat-aksesuar-grubu","9":"product_cat-switch-ve-buton","10":"product_cat-yedek-parca-linde","11":"product_cat-yedek-parca-still","13":"first","14":"instock","15":"taxable","16":"shipping-taxable","17":"purchasable","18":"product-type-simple"},"_links":{"self":[{"href":"https:\/\/ceoparts.com\/es\/wp-json\/wp\/v2\/product\/13011","targetHints":{"allow":["GET"]}}],"collection":[{"href":"https:\/\/ceoparts.com\/es\/wp-json\/wp\/v2\/product"}],"about":[{"href":"https:\/\/ceoparts.com\/es\/wp-json\/wp\/v2\/types\/product"}],"wp:featuredmedia":[{"embeddable":true,"href":"https:\/\/ceoparts.com\/es\/wp-json\/wp\/v2\/media\/13013"}],"wp:attachment":[{"href":"https:\/\/ceoparts.com\/es\/wp-json\/wp\/v2\/media?parent=13011"}],"wp:term":[{"taxonomy":"product_brand","embeddable":true,"href":"https:\/\/ceoparts.com\/es\/wp-json\/wp\/v2\/product_brand?post=13011"},{"taxonomy":"product_cat","embeddable":true,"href":"https:\/\/ceoparts.com\/es\/wp-json\/wp\/v2\/product_cat?post=13011"},{"taxonomy":"product_tag","embeddable":true,"href":"https:\/\/ceoparts.com\/es\/wp-json\/wp\/v2\/product_tag?post=13011"}],"curies":[{"name":"wp","href":"https:\/\/api.w.org\/{rel}","templated":true}]}}