{"id":13024,"date":"2025-01-14T16:20:58","date_gmt":"2025-01-14T13:20:58","guid":{"rendered":"https:\/\/ceoparts.com\/?post_type=product&#038;p=13024"},"modified":"2026-05-16T17:29:30","modified_gmt":"2026-05-16T14:29:30","slug":"toyota-forklift-korna-butonu-451211247271","status":"publish","type":"product","link":"https:\/\/ceoparts.com\/es\/urun\/toyota-forklift-korna-butonu-451211247271\/","title":{"rendered":"Bot\u00f3n de Claxon TOYOTA Carretilla elevadora &#8211; 451211247271"},"content":{"rendered":"<p>Bot\u00f3n de Claxon TOYOTA Carretilla elevadora &#8211; 451211247271<\/p>\n<p><\/p>","protected":false},"excerpt":{"rendered":"<p data-start=\"0\" data-end=\"171\"><br data-start=\"2864\" data-end=\"2867\" \/>Bot\u00f3n de bocina para carretilla Toyota es un bot\u00f3n duradero utilizado en carretillas Toyota. Fabricado con materiales duraderos, ofrece una f\u00e1cil instalaci\u00f3n y una respuesta precisa.<\/p>\n<p data-start=\"3051\" data-end=\"3353\" data-is-last-node=\"\" data-is-only-node=\"\"><strong data-start=\"3051\" data-end=\"3071\">Caracter\u00edsticas:<\/strong><br data-start=\"3071\" data-end=\"3074\" \/><strong data-start=\"3074\" data-end=\"3098\">Nombre del producto:<\/strong> Bot\u00f3n de bocina para carretilla Toyota<br data-start=\"3137\" data-end=\"3140\" \/><strong data-start=\"3140\" data-end=\"3160\">C\u00f3digo de pieza:<\/strong> 451211247271<br data-start=\"3173\" data-end=\"3176\" \/><strong data-start=\"3176\" data-end=\"3189\">Material:<\/strong> Pl\u00e1stico y metal duraderos<br data-start=\"3216\" data-end=\"3219\" \/><strong data-start=\"3219\" data-end=\"3242\">\u00c1rea de aplicaci\u00f3n:<\/strong> Control de bocina para carretillas Toyota<br data-start=\"3284\" data-end=\"3287\" \/><strong data-start=\"3287\" data-end=\"3299\">Ventaja:<\/strong> Dise\u00f1o duradero, respuesta precisa, f\u00e1cil instalaci\u00f3n<\/p>\n","protected":false},"featured_media":13026,"template":"","meta":[],"product_brand":[],"product_cat":[451,454,521,530],"product_tag":[],"class_list":{"0":"post-13024","1":"product","2":"type-product","3":"status-publish","4":"has-post-thumbnail","6":"product_cat-aksesuar-grubu","7":"product_cat-switch-ve-buton","8":"product_cat-toyota","9":"product_cat-yedek-parca-toyota","11":"first","12":"instock","13":"taxable","14":"shipping-taxable","15":"purchasable","16":"product-type-simple"},"_links":{"self":[{"href":"https:\/\/ceoparts.com\/es\/wp-json\/wp\/v2\/product\/13024","targetHints":{"allow":["GET"]}}],"collection":[{"href":"https:\/\/ceoparts.com\/es\/wp-json\/wp\/v2\/product"}],"about":[{"href":"https:\/\/ceoparts.com\/es\/wp-json\/wp\/v2\/types\/product"}],"wp:featuredmedia":[{"embeddable":true,"href":"https:\/\/ceoparts.com\/es\/wp-json\/wp\/v2\/media\/13026"}],"wp:attachment":[{"href":"https:\/\/ceoparts.com\/es\/wp-json\/wp\/v2\/media?parent=13024"}],"wp:term":[{"taxonomy":"product_brand","embeddable":true,"href":"https:\/\/ceoparts.com\/es\/wp-json\/wp\/v2\/product_brand?post=13024"},{"taxonomy":"product_cat","embeddable":true,"href":"https:\/\/ceoparts.com\/es\/wp-json\/wp\/v2\/product_cat?post=13024"},{"taxonomy":"product_tag","embeddable":true,"href":"https:\/\/ceoparts.com\/es\/wp-json\/wp\/v2\/product_tag?post=13024"}],"curies":[{"name":"wp","href":"https:\/\/api.w.org\/{rel}","templated":true}]}}