{"id":13030,"date":"2025-01-14T16:36:48","date_gmt":"2025-01-14T13:36:48","guid":{"rendered":"https:\/\/ceoparts.com\/?post_type=product&#038;p=13030"},"modified":"2026-05-16T12:54:04","modified_gmt":"2026-05-16T09:54:04","slug":"jungheinrich-erc-erc-z-karin-butonu-50114482-05109729","status":"publish","type":"product","link":"https:\/\/ceoparts.com\/es\/urun\/jungheinrich-erc-erc-z-karin-butonu-50114482-05109729\/","title":{"rendered":"Bot\u00f3n de Claxon Jungheinrich ERC\/ERC-Z &#8211; 50114482, 05109729"},"content":{"rendered":"<p>Bot\u00f3n de Claxon Jungheinrich ERC\/ERC-Z &#8211; 50114482, 05109729<\/p>","protected":false},"excerpt":{"rendered":"<p data-start=\"0\" data-end=\"179\"><br data-start=\"3261\" data-end=\"3264\" \/>Bot\u00f3n abdominal Jungheinrich ERC\/ERC-Z es un bot\u00f3n abdominal duradero utilizado en los modelos Jungheinrich ERC y ERC-Z. Fabricado con materiales de alta calidad, garantiza un rendimiento duradero.<\/p>\n<p data-start=\"3463\" data-end=\"3823\" data-is-last-node=\"\" data-is-only-node=\"\"><strong data-start=\"3463\" data-end=\"3483\">Caracter\u00edsticas:<\/strong><br data-start=\"3483\" data-end=\"3486\" \/><strong data-start=\"3486\" data-end=\"3510\">Nombre del producto:<\/strong> Bot\u00f3n abdominal Jungheinrich ERC\/ERC-Z<br data-start=\"3549\" data-end=\"3552\" \/><strong data-start=\"3552\" data-end=\"3572\">C\u00f3digo de pieza:<\/strong> 50114482, 05109729<br data-start=\"3591\" data-end=\"3594\" \/><strong data-start=\"3594\" data-end=\"3607\">Material:<\/strong> Piezas duraderas de pl\u00e1stico y metal<br data-start=\"3644\" data-end=\"3647\" \/><strong data-start=\"3647\" data-end=\"3670\">\u00c1rea de aplicaci\u00f3n:<\/strong> Utilizado como bot\u00f3n abdominal en los modelos de carretillas Jungheinrich ERC y ERC-Z<br data-start=\"3756\" data-end=\"3759\" \/><strong data-start=\"3759\" data-end=\"3771\">Ventaja:<\/strong> Control preciso, dise\u00f1o duradero, f\u00e1cil instalaci\u00f3n<\/p>\n","protected":false},"featured_media":13032,"template":"","meta":[],"product_brand":[],"product_cat":[236,451,454,522],"product_tag":[],"class_list":{"0":"post-13030","1":"product","2":"type-product","3":"status-publish","4":"has-post-thumbnail","6":"product_cat-jungheinrich","7":"product_cat-aksesuar-grubu","8":"product_cat-switch-ve-buton","9":"product_cat-yedek-parca-jungheinrich","11":"first","12":"instock","13":"taxable","14":"shipping-taxable","15":"purchasable","16":"product-type-simple"},"_links":{"self":[{"href":"https:\/\/ceoparts.com\/es\/wp-json\/wp\/v2\/product\/13030","targetHints":{"allow":["GET"]}}],"collection":[{"href":"https:\/\/ceoparts.com\/es\/wp-json\/wp\/v2\/product"}],"about":[{"href":"https:\/\/ceoparts.com\/es\/wp-json\/wp\/v2\/types\/product"}],"wp:featuredmedia":[{"embeddable":true,"href":"https:\/\/ceoparts.com\/es\/wp-json\/wp\/v2\/media\/13032"}],"wp:attachment":[{"href":"https:\/\/ceoparts.com\/es\/wp-json\/wp\/v2\/media?parent=13030"}],"wp:term":[{"taxonomy":"product_brand","embeddable":true,"href":"https:\/\/ceoparts.com\/es\/wp-json\/wp\/v2\/product_brand?post=13030"},{"taxonomy":"product_cat","embeddable":true,"href":"https:\/\/ceoparts.com\/es\/wp-json\/wp\/v2\/product_cat?post=13030"},{"taxonomy":"product_tag","embeddable":true,"href":"https:\/\/ceoparts.com\/es\/wp-json\/wp\/v2\/product_tag?post=13030"}],"curies":[{"name":"wp","href":"https:\/\/api.w.org\/{rel}","templated":true}]}}