{"id":13040,"date":"2025-01-14T16:51:25","date_gmt":"2025-01-14T13:51:25","guid":{"rendered":"https:\/\/ceoparts.com\/?post_type=product&#038;p=13040"},"modified":"2026-05-16T14:01:33","modified_gmt":"2026-05-16T11:01:33","slug":"bt-korna-butonu-sag-7219999-167847","status":"publish","type":"product","link":"https:\/\/ceoparts.com\/es\/urun\/bt-korna-butonu-sag-7219999-167847\/","title":{"rendered":"Bot\u00f3n de Claxon Derecho BT &#8211; 167847"},"content":{"rendered":"<p>Bot\u00f3n de Claxon Derecho BT &#8211; 167847<\/p>","protected":false},"excerpt":{"rendered":"<p data-start=\"0\" data-end=\"160\"><br data-start=\"2787\" data-end=\"2790\" \/>Bot\u00f3n de bocina BT derecho es el bot\u00f3n de bocina del lado derecho utilizado en carretillas elevadoras y maquinaria de construcci\u00f3n. Fabricado con materiales duraderos para uso prolongado.<\/p>\n<p data-start=\"2979\" data-end=\"3298\" data-is-last-node=\"\" data-is-only-node=\"\"><strong data-start=\"2979\" data-end=\"2999\">Caracter\u00edsticas:<\/strong><br data-start=\"2999\" data-end=\"3002\" \/><strong data-start=\"3002\" data-end=\"3026\">Nombre del producto:<\/strong> Bot\u00f3n de bocina BT derecho<br data-start=\"3053\" data-end=\"3056\" \/><strong data-start=\"3056\" data-end=\"3076\">C\u00f3digo de pieza:<\/strong> 167847<br data-start=\"3083\" data-end=\"3086\" \/><strong data-start=\"3086\" data-end=\"3099\">Material:<\/strong> Piezas duraderas de pl\u00e1stico y metal<br data-start=\"3136\" data-end=\"3139\" \/><strong data-start=\"3139\" data-end=\"3162\">\u00c1rea de aplicaci\u00f3n:<\/strong> Control de bocina para carretillas elevadoras y maquinaria de construcci\u00f3n<br data-start=\"3237\" data-end=\"3240\" \/><strong data-start=\"3240\" data-end=\"3252\">Ventaja:<\/strong> Receptivo, f\u00e1cil instalaci\u00f3n, dise\u00f1o duradero<\/p>\n","protected":false},"featured_media":13046,"template":"","meta":[],"product_brand":[],"product_cat":[251,451,454,518],"product_tag":[],"class_list":{"0":"post-13040","1":"product","2":"type-product","3":"status-publish","4":"has-post-thumbnail","6":"product_cat-bt","7":"product_cat-aksesuar-grubu","8":"product_cat-switch-ve-buton","9":"product_cat-yedek-parca-bt","11":"first","12":"instock","13":"taxable","14":"shipping-taxable","15":"purchasable","16":"product-type-simple"},"_links":{"self":[{"href":"https:\/\/ceoparts.com\/es\/wp-json\/wp\/v2\/product\/13040","targetHints":{"allow":["GET"]}}],"collection":[{"href":"https:\/\/ceoparts.com\/es\/wp-json\/wp\/v2\/product"}],"about":[{"href":"https:\/\/ceoparts.com\/es\/wp-json\/wp\/v2\/types\/product"}],"wp:featuredmedia":[{"embeddable":true,"href":"https:\/\/ceoparts.com\/es\/wp-json\/wp\/v2\/media\/13046"}],"wp:attachment":[{"href":"https:\/\/ceoparts.com\/es\/wp-json\/wp\/v2\/media?parent=13040"}],"wp:term":[{"taxonomy":"product_brand","embeddable":true,"href":"https:\/\/ceoparts.com\/es\/wp-json\/wp\/v2\/product_brand?post=13040"},{"taxonomy":"product_cat","embeddable":true,"href":"https:\/\/ceoparts.com\/es\/wp-json\/wp\/v2\/product_cat?post=13040"},{"taxonomy":"product_tag","embeddable":true,"href":"https:\/\/ceoparts.com\/es\/wp-json\/wp\/v2\/product_tag?post=13040"}],"curies":[{"name":"wp","href":"https:\/\/api.w.org\/{rel}","templated":true}]}}