{"id":13047,"date":"2025-01-14T17:00:17","date_gmt":"2025-01-14T14:00:17","guid":{"rendered":"https:\/\/ceoparts.com\/?post_type=product&#038;p=13047"},"modified":"2026-05-16T19:51:38","modified_gmt":"2026-05-16T16:51:38","slug":"linde-indirme-kaldirma-ust-buton-3005431200","status":"publish","type":"product","link":"https:\/\/ceoparts.com\/es\/urun\/linde-indirme-kaldirma-ust-buton-3005431200\/","title":{"rendered":"Bot\u00f3n de Descarga \/ Elevaci\u00f3n Superior Linde &#8211; 3005431200"},"content":{"rendered":"<p>Bot\u00f3n de Descarga \/ Elevaci\u00f3n Superior Linde &#8211; 3005431200<\/p>\n<p>Linde 3095431202<\/p>\n<p>1152\u00a0T16\/T18\/T20\/T16L<br \/>\n1169\u00a0L10P\/L12P\/L14P<br \/>\n1172\u00a0L10\/L12\/L12i<\/p>","protected":false},"excerpt":{"rendered":"<p data-start=\"0\" data-end=\"198\"><br data-start=\"3113\" data-end=\"3116\" \/>Bot\u00f3n superior de elevaci\u00f3n\/bajada Linde es un bot\u00f3n duradero utilizado en carretillas elevadoras para controlar las funciones de elevaci\u00f3n y bajada. Fabricado con materiales de alta calidad para una larga vida \u00fatil.<\/p>\n<p data-start=\"3334\" data-end=\"3656\" data-is-last-node=\"\" data-is-only-node=\"\"><strong data-start=\"3334\" data-end=\"3354\">Caracter\u00edsticas:<\/strong><br data-start=\"3354\" data-end=\"3357\" \/><strong data-start=\"3357\" data-end=\"3381\">Nombre del producto:<\/strong> Bot\u00f3n superior de elevaci\u00f3n\/bajada Linde<br data-start=\"3422\" data-end=\"3425\" \/><strong data-start=\"3425\" data-end=\"3445\">C\u00f3digo de pieza:<\/strong> 3005431200<br data-start=\"3456\" data-end=\"3459\" \/><strong data-start=\"3459\" data-end=\"3472\">Material:<\/strong> Piezas duraderas de pl\u00e1stico y metal<br data-start=\"3509\" data-end=\"3512\" \/><strong data-start=\"3512\" data-end=\"3535\">\u00c1rea de aplicaci\u00f3n:<\/strong> Carretillas elevadoras, control de elevaci\u00f3n y bajada<br data-start=\"3589\" data-end=\"3592\" \/><strong data-start=\"3592\" data-end=\"3604\">Ventaja:<\/strong> Control preciso, dise\u00f1o duradero, f\u00e1cil instalaci\u00f3n<\/p>\n","protected":false},"featured_media":13048,"template":"","meta":[],"product_brand":[],"product_cat":[246,451,454,523],"product_tag":[],"class_list":{"0":"post-13047","1":"product","2":"type-product","3":"status-publish","4":"has-post-thumbnail","6":"product_cat-linde","7":"product_cat-aksesuar-grubu","8":"product_cat-switch-ve-buton","9":"product_cat-yedek-parca-linde","11":"first","12":"instock","13":"taxable","14":"shipping-taxable","15":"purchasable","16":"product-type-simple"},"_links":{"self":[{"href":"https:\/\/ceoparts.com\/es\/wp-json\/wp\/v2\/product\/13047","targetHints":{"allow":["GET"]}}],"collection":[{"href":"https:\/\/ceoparts.com\/es\/wp-json\/wp\/v2\/product"}],"about":[{"href":"https:\/\/ceoparts.com\/es\/wp-json\/wp\/v2\/types\/product"}],"wp:featuredmedia":[{"embeddable":true,"href":"https:\/\/ceoparts.com\/es\/wp-json\/wp\/v2\/media\/13048"}],"wp:attachment":[{"href":"https:\/\/ceoparts.com\/es\/wp-json\/wp\/v2\/media?parent=13047"}],"wp:term":[{"taxonomy":"product_brand","embeddable":true,"href":"https:\/\/ceoparts.com\/es\/wp-json\/wp\/v2\/product_brand?post=13047"},{"taxonomy":"product_cat","embeddable":true,"href":"https:\/\/ceoparts.com\/es\/wp-json\/wp\/v2\/product_cat?post=13047"},{"taxonomy":"product_tag","embeddable":true,"href":"https:\/\/ceoparts.com\/es\/wp-json\/wp\/v2\/product_tag?post=13047"}],"curies":[{"name":"wp","href":"https:\/\/api.w.org\/{rel}","templated":true}]}}