{"id":13051,"date":"2025-01-14T17:04:43","date_gmt":"2025-01-14T14:04:43","guid":{"rendered":"https:\/\/ceoparts.com\/?post_type=product&#038;p=13051"},"modified":"2026-05-16T10:58:22","modified_gmt":"2026-05-16T07:58:22","slug":"bt-buton-muhafaza-kapagi-203399","status":"publish","type":"product","link":"https:\/\/ceoparts.com\/es\/urun\/bt-buton-muhafaza-kapagi-203399\/","title":{"rendered":"Cubierta del Enclosure del Bot\u00f3n BT &#8211; 203399"},"content":{"rendered":"<p>Cubierta del Enclosure del Bot\u00f3n BT &#8211; 203399<\/p>\n<p>BT<\/p>\n<p>SPE<\/p>\n<p>SWE<\/p>","protected":false},"excerpt":{"rendered":"<p data-start=\"0\" data-end=\"168\"><br data-start=\"2923\" data-end=\"2926\" \/>Tapa protectora para bot\u00f3n BT \u2013 203399 es una tapa protectora duradera utilizada en carretillas elevadoras y maquinaria de construcci\u00f3n. Previene da\u00f1os a los botones y asegura un uso prolongado.<\/p>\n<p data-start=\"3122\" data-end=\"3438\" data-is-last-node=\"\" data-is-only-node=\"\"><strong data-start=\"3122\" data-end=\"3142\">Caracter\u00edsticas:<\/strong><br data-start=\"3142\" data-end=\"3145\" \/><strong data-start=\"3145\" data-end=\"3169\">Nombre del producto:<\/strong> Tapa protectora para bot\u00f3n BT<br data-start=\"3199\" data-end=\"3202\" \/><strong data-start=\"3202\" data-end=\"3222\">C\u00f3digo de pieza:<\/strong> 203399<br data-start=\"3229\" data-end=\"3232\" \/><strong data-start=\"3232\" data-end=\"3245\">Material:<\/strong> Pl\u00e1stico duradero<br data-start=\"3263\" data-end=\"3266\" \/><strong data-start=\"3266\" data-end=\"3289\">\u00c1rea de aplicaci\u00f3n:<\/strong> Protecci\u00f3n de botones para carretillas elevadoras y maquinaria de construcci\u00f3n<br data-start=\"3368\" data-end=\"3371\" \/><strong data-start=\"3371\" data-end=\"3383\">Ventaja:<\/strong> Dise\u00f1o protector, f\u00e1cil instalaci\u00f3n, material duradero<\/p>\n","protected":false},"featured_media":13053,"template":"","meta":[],"product_brand":[],"product_cat":[518,251,451,454],"product_tag":[],"class_list":{"0":"post-13051","1":"product","2":"type-product","3":"status-publish","4":"has-post-thumbnail","6":"product_cat-yedek-parca-bt","7":"product_cat-bt","8":"product_cat-aksesuar-grubu","9":"product_cat-switch-ve-buton","11":"first","12":"instock","13":"taxable","14":"shipping-taxable","15":"purchasable","16":"product-type-simple"},"_links":{"self":[{"href":"https:\/\/ceoparts.com\/es\/wp-json\/wp\/v2\/product\/13051","targetHints":{"allow":["GET"]}}],"collection":[{"href":"https:\/\/ceoparts.com\/es\/wp-json\/wp\/v2\/product"}],"about":[{"href":"https:\/\/ceoparts.com\/es\/wp-json\/wp\/v2\/types\/product"}],"wp:featuredmedia":[{"embeddable":true,"href":"https:\/\/ceoparts.com\/es\/wp-json\/wp\/v2\/media\/13053"}],"wp:attachment":[{"href":"https:\/\/ceoparts.com\/es\/wp-json\/wp\/v2\/media?parent=13051"}],"wp:term":[{"taxonomy":"product_brand","embeddable":true,"href":"https:\/\/ceoparts.com\/es\/wp-json\/wp\/v2\/product_brand?post=13051"},{"taxonomy":"product_cat","embeddable":true,"href":"https:\/\/ceoparts.com\/es\/wp-json\/wp\/v2\/product_cat?post=13051"},{"taxonomy":"product_tag","embeddable":true,"href":"https:\/\/ceoparts.com\/es\/wp-json\/wp\/v2\/product_tag?post=13051"}],"curies":[{"name":"wp","href":"https:\/\/api.w.org\/{rel}","templated":true}]}}