{"id":13056,"date":"2025-01-14T17:30:47","date_gmt":"2025-01-14T14:30:47","guid":{"rendered":"https:\/\/ceoparts.com\/?post_type=product&#038;p=13056"},"modified":"2026-05-16T21:10:57","modified_gmt":"2026-05-16T18:10:57","slug":"tepe-ikaz-lambasi-12x110v-miknatissiz","status":"publish","type":"product","link":"https:\/\/ceoparts.com\/es\/urun\/tepe-ikaz-lambasi-12x110v-miknatissiz\/","title":{"rendered":"Luz de Se\u00f1alizaci\u00f3n Superior (12x110V) Sin Im\u00e1n"},"content":{"rendered":"<p>Luz de Se\u00f1alizaci\u00f3n Superior (12x110V) Sin Im\u00e1n<\/p>","protected":false},"excerpt":{"rendered":"<p data-start=\"0\" data-end=\"196\"><br data-start=\"3215\" data-end=\"3218\" \/>Luz de techo (12x110V) sin im\u00e1n es una luz de techo utilizada en carretillas elevadoras y maquinaria de construcci\u00f3n, montada sin im\u00e1n. Proporciona alta visibilidad con 12 LED y funciona a 110 voltios.<\/p>\n<p data-start=\"3421\" data-end=\"3775\" data-is-last-node=\"\" data-is-only-node=\"\"><strong data-start=\"3421\" data-end=\"3441\">Caracter\u00edsticas:<\/strong><br data-start=\"3441\" data-end=\"3444\" \/><strong data-start=\"3444\" data-end=\"3468\">Nombre del producto:<\/strong> Luz de techo (12x110V) sin im\u00e1n<br data-start=\"3500\" data-end=\"3503\" \/><strong data-start=\"3503\" data-end=\"3523\">C\u00f3digo de pieza:<\/strong> TL-12-110N<br data-start=\"3534\" data-end=\"3537\" \/><strong data-start=\"3537\" data-end=\"3550\">Material:<\/strong> Carcasa pl\u00e1stica resistente<br data-start=\"3578\" data-end=\"3581\" \/><strong data-start=\"3581\" data-end=\"3604\">\u00c1rea de aplicaci\u00f3n:<\/strong> Sistemas de advertencia para carretillas elevadoras y maquinaria de construcci\u00f3n<br data-start=\"3685\" data-end=\"3688\" \/><strong data-start=\"3688\" data-end=\"3700\">Ventaja:<\/strong> Opci\u00f3n de montaje fijo, alta visibilidad, larga vida \u00fatil, dise\u00f1o duradero<\/p>\n","protected":false},"featured_media":13058,"template":"","meta":[],"product_brand":[],"product_cat":[463],"product_tag":[],"class_list":{"0":"post-13056","1":"product","2":"type-product","3":"status-publish","4":"has-post-thumbnail","6":"product_cat-aydinlatma-grubu","8":"first","9":"instock","10":"taxable","11":"shipping-taxable","12":"purchasable","13":"product-type-simple"},"_links":{"self":[{"href":"https:\/\/ceoparts.com\/es\/wp-json\/wp\/v2\/product\/13056","targetHints":{"allow":["GET"]}}],"collection":[{"href":"https:\/\/ceoparts.com\/es\/wp-json\/wp\/v2\/product"}],"about":[{"href":"https:\/\/ceoparts.com\/es\/wp-json\/wp\/v2\/types\/product"}],"wp:featuredmedia":[{"embeddable":true,"href":"https:\/\/ceoparts.com\/es\/wp-json\/wp\/v2\/media\/13058"}],"wp:attachment":[{"href":"https:\/\/ceoparts.com\/es\/wp-json\/wp\/v2\/media?parent=13056"}],"wp:term":[{"taxonomy":"product_brand","embeddable":true,"href":"https:\/\/ceoparts.com\/es\/wp-json\/wp\/v2\/product_brand?post=13056"},{"taxonomy":"product_cat","embeddable":true,"href":"https:\/\/ceoparts.com\/es\/wp-json\/wp\/v2\/product_cat?post=13056"},{"taxonomy":"product_tag","embeddable":true,"href":"https:\/\/ceoparts.com\/es\/wp-json\/wp\/v2\/product_tag?post=13056"}],"curies":[{"name":"wp","href":"https:\/\/api.w.org\/{rel}","templated":true}]}}