{"id":13061,"date":"2025-01-14T17:38:29","date_gmt":"2025-01-14T14:38:29","guid":{"rendered":"https:\/\/ceoparts.com\/?post_type=product&#038;p=13061"},"modified":"2026-05-16T18:16:41","modified_gmt":"2026-05-16T15:16:41","slug":"tepe-ikaz-lambasi-10x110v-miknatisli","status":"publish","type":"product","link":"https:\/\/ceoparts.com\/es\/urun\/tepe-ikaz-lambasi-10x110v-miknatisli\/","title":{"rendered":"Luz de Se\u00f1alizaci\u00f3n Superior (10x110V) Con Im\u00e1n"},"content":{"rendered":"<p>Luz de Se\u00f1alizaci\u00f3n Superior (10x110V) Con Im\u00e1n<\/p>","protected":false},"excerpt":{"rendered":"<p data-start=\"0\" data-end=\"176\"><br data-start=\"3250\" data-end=\"3253\" \/>Luz de techo (10x110V) magn\u00e9tica es una luz de techo con base magn\u00e9tica utilizada en carretillas elevadoras y maquinaria de construcci\u00f3n. Proporciona una advertencia fuerte con 10 LED y funciona a 110 voltios.<\/p>\n<p data-start=\"3464\" data-end=\"3840\" data-is-last-node=\"\" data-is-only-node=\"\"><strong data-start=\"3464\" data-end=\"3484\">Caracter\u00edsticas:<\/strong><br data-start=\"3484\" data-end=\"3487\" \/><strong data-start=\"3487\" data-end=\"3511\">Nombre del producto:<\/strong> Luz de techo (10x110V) magn\u00e9tica<br data-start=\"3544\" data-end=\"3547\" \/><strong data-start=\"3547\" data-end=\"3567\">C\u00f3digo de pieza:<\/strong> TL-10-110M<br data-start=\"3578\" data-end=\"3581\" \/><strong data-start=\"3581\" data-end=\"3594\">Material:<\/strong> Pl\u00e1stico duradero y base magn\u00e9tica de metal<br data-start=\"3638\" data-end=\"3641\" \/><strong data-start=\"3641\" data-end=\"3664\">\u00c1rea de aplicaci\u00f3n:<\/strong> Sistemas de advertencia para carretillas elevadoras y maquinaria de construcci\u00f3n<br data-start=\"3745\" data-end=\"3748\" \/><strong data-start=\"3748\" data-end=\"3760\">Ventaja:<\/strong> F\u00e1cil instalaci\u00f3n, fuerte sujeci\u00f3n magn\u00e9tica, alta visibilidad, larga vida \u00fatil<\/p>\n","protected":false},"featured_media":13067,"template":"","meta":[],"product_brand":[],"product_cat":[463],"product_tag":[],"class_list":{"0":"post-13061","1":"product","2":"type-product","3":"status-publish","4":"has-post-thumbnail","6":"product_cat-aydinlatma-grubu","8":"first","9":"instock","10":"taxable","11":"shipping-taxable","12":"purchasable","13":"product-type-simple"},"_links":{"self":[{"href":"https:\/\/ceoparts.com\/es\/wp-json\/wp\/v2\/product\/13061","targetHints":{"allow":["GET"]}}],"collection":[{"href":"https:\/\/ceoparts.com\/es\/wp-json\/wp\/v2\/product"}],"about":[{"href":"https:\/\/ceoparts.com\/es\/wp-json\/wp\/v2\/types\/product"}],"wp:featuredmedia":[{"embeddable":true,"href":"https:\/\/ceoparts.com\/es\/wp-json\/wp\/v2\/media\/13067"}],"wp:attachment":[{"href":"https:\/\/ceoparts.com\/es\/wp-json\/wp\/v2\/media?parent=13061"}],"wp:term":[{"taxonomy":"product_brand","embeddable":true,"href":"https:\/\/ceoparts.com\/es\/wp-json\/wp\/v2\/product_brand?post=13061"},{"taxonomy":"product_cat","embeddable":true,"href":"https:\/\/ceoparts.com\/es\/wp-json\/wp\/v2\/product_cat?post=13061"},{"taxonomy":"product_tag","embeddable":true,"href":"https:\/\/ceoparts.com\/es\/wp-json\/wp\/v2\/product_tag?post=13061"}],"curies":[{"name":"wp","href":"https:\/\/api.w.org\/{rel}","templated":true}]}}