{"id":13068,"date":"2025-01-14T17:48:50","date_gmt":"2025-01-14T14:48:50","guid":{"rendered":"https:\/\/ceoparts.com\/?post_type=product&#038;p=13068"},"modified":"2026-05-16T17:12:36","modified_gmt":"2026-05-16T14:12:36","slug":"calisma-lambasi-yuvarlak-9-led","status":"publish","type":"product","link":"https:\/\/ceoparts.com\/es\/urun\/calisma-lambasi-yuvarlak-9-led\/","title":{"rendered":"Luz de Trabajo Redonda 9 LED 9-60V 27W"},"content":{"rendered":"<p>Luz de Trabajo Redonda 9 LED 9-60V 27W<\/p>","protected":false},"excerpt":{"rendered":"<p data-start=\"0\" data-end=\"205\"><br data-start=\"3407\" data-end=\"3410\" \/>L\u00e1mpara de trabajo redonda 9 LED 9-60V 27W es una l\u00e1mpara de trabajo LED blanca redonda duradera utilizada en carretillas elevadoras y maquinaria de construcci\u00f3n. Proporciona una iluminaci\u00f3n potente con 9 LED y funciona entre 9 y 60 voltios.<\/p>\n<p data-start=\"3653\" data-end=\"4031\" data-is-last-node=\"\" data-is-only-node=\"\"><strong data-start=\"3653\" data-end=\"3673\">Caracter\u00edsticas:<\/strong><br data-start=\"3673\" data-end=\"3676\" \/><strong data-start=\"3676\" data-end=\"3700\">Nombre del producto:<\/strong> L\u00e1mpara de trabajo redonda 9 LED 9-60V 27W<br data-start=\"3743\" data-end=\"3746\" \/><strong data-start=\"3746\" data-end=\"3766\">C\u00f3digo de pieza:<\/strong> CL-Y9-960<br data-start=\"3776\" data-end=\"3779\" \/><strong data-start=\"3779\" data-end=\"3792\">Material:<\/strong> Carcasa resistente de pl\u00e1stico y aluminio<br data-start=\"3834\" data-end=\"3837\" \/><strong data-start=\"3837\" data-end=\"3860\">\u00c1rea de aplicaci\u00f3n:<\/strong> Iluminaci\u00f3n de trabajo para carretillas elevadoras y maquinaria de construcci\u00f3n<br data-start=\"3940\" data-end=\"3943\" \/><strong data-start=\"3943\" data-end=\"3955\">Ventaja:<\/strong> Alta luminosidad, amplio rango de voltaje, larga vida \u00fatil, dise\u00f1o duradero<\/p>\n","protected":false},"featured_media":13078,"template":"","meta":[],"product_brand":[],"product_cat":[463],"product_tag":[],"class_list":{"0":"post-13068","1":"product","2":"type-product","3":"status-publish","4":"has-post-thumbnail","6":"product_cat-aydinlatma-grubu","8":"first","9":"instock","10":"taxable","11":"shipping-taxable","12":"purchasable","13":"product-type-simple"},"_links":{"self":[{"href":"https:\/\/ceoparts.com\/es\/wp-json\/wp\/v2\/product\/13068","targetHints":{"allow":["GET"]}}],"collection":[{"href":"https:\/\/ceoparts.com\/es\/wp-json\/wp\/v2\/product"}],"about":[{"href":"https:\/\/ceoparts.com\/es\/wp-json\/wp\/v2\/types\/product"}],"wp:featuredmedia":[{"embeddable":true,"href":"https:\/\/ceoparts.com\/es\/wp-json\/wp\/v2\/media\/13078"}],"wp:attachment":[{"href":"https:\/\/ceoparts.com\/es\/wp-json\/wp\/v2\/media?parent=13068"}],"wp:term":[{"taxonomy":"product_brand","embeddable":true,"href":"https:\/\/ceoparts.com\/es\/wp-json\/wp\/v2\/product_brand?post=13068"},{"taxonomy":"product_cat","embeddable":true,"href":"https:\/\/ceoparts.com\/es\/wp-json\/wp\/v2\/product_cat?post=13068"},{"taxonomy":"product_tag","embeddable":true,"href":"https:\/\/ceoparts.com\/es\/wp-json\/wp\/v2\/product_tag?post=13068"}],"curies":[{"name":"wp","href":"https:\/\/api.w.org\/{rel}","templated":true}]}}