{"id":13084,"date":"2025-01-16T09:55:55","date_gmt":"2025-01-16T06:55:55","guid":{"rendered":"https:\/\/ceoparts.com\/?post_type=product&#038;p=13084"},"modified":"2026-05-16T04:59:27","modified_gmt":"2026-05-16T01:59:27","slug":"bluespot-buyuk-boy-mavi","status":"publish","type":"product","link":"https:\/\/ceoparts.com\/es\/urun\/bluespot-buyuk-boy-mavi\/","title":{"rendered":"Bluespot Grande Azul 10-80V 20W"},"content":{"rendered":"<p>Bluespot Grande Azul 10-80V 20W<\/p>","protected":false},"excerpt":{"rendered":"<p data-start=\"0\" data-end=\"201\"><br data-start=\"3322\" data-end=\"3325\" \/>Bluespot Grande Azul 10-80V 20W es una luz de advertencia LED azul grande y de alta potencia utilizada en carretillas elevadoras y maquinaria de construcci\u00f3n. Funciona en un amplio rango de voltaje y proporciona una iluminaci\u00f3n visible.<\/p>\n<p data-start=\"3563\" data-end=\"3926\" data-is-last-node=\"\" data-is-only-node=\"\"><strong data-start=\"3563\" data-end=\"3583\">Caracter\u00edsticas:<\/strong><br data-start=\"3583\" data-end=\"3586\" \/><strong data-start=\"3586\" data-end=\"3610\">Nombre del producto:<\/strong> Bluespot Grande Azul 10-80V 20W<br data-start=\"3642\" data-end=\"3645\" \/><strong data-start=\"3645\" data-end=\"3665\">C\u00f3digo de pieza:<\/strong> BS-BM-1080<br data-start=\"3676\" data-end=\"3679\" \/><strong data-start=\"3679\" data-end=\"3692\">Material:<\/strong> Carcasa resistente de pl\u00e1stico y aluminio<br data-start=\"3734\" data-end=\"3737\" \/><strong data-start=\"3737\" data-end=\"3760\">\u00c1rea de aplicaci\u00f3n:<\/strong> Sistemas de advertencia para carretillas elevadoras y maquinaria de construcci\u00f3n<br data-start=\"3841\" data-end=\"3844\" \/><strong data-start=\"3844\" data-end=\"3856\">Ventaja:<\/strong> Alta luminosidad, larga vida \u00fatil, dise\u00f1o duradero, ahorro energ\u00e9tico<\/p>\n","protected":false},"featured_media":13086,"template":"","meta":[],"product_brand":[],"product_cat":[463],"product_tag":[],"class_list":{"0":"post-13084","1":"product","2":"type-product","3":"status-publish","4":"has-post-thumbnail","6":"product_cat-aydinlatma-grubu","8":"first","9":"instock","10":"taxable","11":"shipping-taxable","12":"purchasable","13":"product-type-simple"},"_links":{"self":[{"href":"https:\/\/ceoparts.com\/es\/wp-json\/wp\/v2\/product\/13084","targetHints":{"allow":["GET"]}}],"collection":[{"href":"https:\/\/ceoparts.com\/es\/wp-json\/wp\/v2\/product"}],"about":[{"href":"https:\/\/ceoparts.com\/es\/wp-json\/wp\/v2\/types\/product"}],"wp:featuredmedia":[{"embeddable":true,"href":"https:\/\/ceoparts.com\/es\/wp-json\/wp\/v2\/media\/13086"}],"wp:attachment":[{"href":"https:\/\/ceoparts.com\/es\/wp-json\/wp\/v2\/media?parent=13084"}],"wp:term":[{"taxonomy":"product_brand","embeddable":true,"href":"https:\/\/ceoparts.com\/es\/wp-json\/wp\/v2\/product_brand?post=13084"},{"taxonomy":"product_cat","embeddable":true,"href":"https:\/\/ceoparts.com\/es\/wp-json\/wp\/v2\/product_cat?post=13084"},{"taxonomy":"product_tag","embeddable":true,"href":"https:\/\/ceoparts.com\/es\/wp-json\/wp\/v2\/product_tag?post=13084"}],"curies":[{"name":"wp","href":"https:\/\/api.w.org\/{rel}","templated":true}]}}