{"id":13105,"date":"2025-01-16T10:13:30","date_gmt":"2025-01-16T07:13:30","guid":{"rendered":"https:\/\/ceoparts.com\/?post_type=product&#038;p=13105"},"modified":"2026-05-16T17:29:45","modified_gmt":"2026-05-16T14:29:45","slug":"norma-redzone-osram-nr160481r","status":"publish","type":"product","link":"https:\/\/ceoparts.com\/es\/urun\/norma-redzone-osram-nr160481r\/","title":{"rendered":"Norma Redzone Osram 10-80V 6W &#8211; NR160481R"},"content":{"rendered":"<p>Norma Redzone Osram 10-80V 6W &#8211; NR160481R<\/p>\n","protected":false},"excerpt":{"rendered":"<p data-start=\"0\" data-end=\"191\"><br data-start=\"3332\" data-end=\"3335\" \/>Norma Redzone Osram 10-80V 6W es una l\u00e1mpara LED roja de alta calidad con chip Osram utilizada en carretillas elevadoras y maquinaria de construcci\u00f3n. Proporciona una advertencia segura con eficiencia energ\u00e9tica y dise\u00f1o duradero.<\/p>\n<p data-start=\"3567\" data-end=\"3927\" data-is-last-node=\"\" data-is-only-node=\"\"><strong data-start=\"3567\" data-end=\"3587\">Caracter\u00edsticas:<\/strong><br data-start=\"3587\" data-end=\"3590\" \/><strong data-start=\"3590\" data-end=\"3614\">Nombre del producto:<\/strong> Norma Redzone Osram 10-80V 6W<br data-start=\"3644\" data-end=\"3647\" \/><strong data-start=\"3647\" data-end=\"3667\">C\u00f3digo de pieza:<\/strong> NR160481R<br data-start=\"3677\" data-end=\"3680\" \/><strong data-start=\"3680\" data-end=\"3693\">Material:<\/strong> Pl\u00e1stico y aluminio duraderos<br data-start=\"3723\" data-end=\"3726\" \/><strong data-start=\"3726\" data-end=\"3749\">\u00c1rea de aplicaci\u00f3n:<\/strong> Sistemas de advertencia para carretillas elevadoras y maquinaria de construcci\u00f3n<br data-start=\"3830\" data-end=\"3833\" \/><strong data-start=\"3833\" data-end=\"3845\">Ventaja:<\/strong> Tecnolog\u00eda chip Osram, larga vida \u00fatil, bajo consumo energ\u00e9tico, alta visibilidad<\/p>\n","protected":false},"featured_media":18308,"template":"","meta":[],"product_brand":[],"product_cat":[463],"product_tag":[],"class_list":{"0":"post-13105","1":"product","2":"type-product","3":"status-publish","4":"has-post-thumbnail","6":"product_cat-aydinlatma-grubu","8":"first","9":"instock","10":"taxable","11":"shipping-taxable","12":"purchasable","13":"product-type-simple"},"_links":{"self":[{"href":"https:\/\/ceoparts.com\/es\/wp-json\/wp\/v2\/product\/13105","targetHints":{"allow":["GET"]}}],"collection":[{"href":"https:\/\/ceoparts.com\/es\/wp-json\/wp\/v2\/product"}],"about":[{"href":"https:\/\/ceoparts.com\/es\/wp-json\/wp\/v2\/types\/product"}],"wp:featuredmedia":[{"embeddable":true,"href":"https:\/\/ceoparts.com\/es\/wp-json\/wp\/v2\/media\/18308"}],"wp:attachment":[{"href":"https:\/\/ceoparts.com\/es\/wp-json\/wp\/v2\/media?parent=13105"}],"wp:term":[{"taxonomy":"product_brand","embeddable":true,"href":"https:\/\/ceoparts.com\/es\/wp-json\/wp\/v2\/product_brand?post=13105"},{"taxonomy":"product_cat","embeddable":true,"href":"https:\/\/ceoparts.com\/es\/wp-json\/wp\/v2\/product_cat?post=13105"},{"taxonomy":"product_tag","embeddable":true,"href":"https:\/\/ceoparts.com\/es\/wp-json\/wp\/v2\/product_tag?post=13105"}],"curies":[{"name":"wp","href":"https:\/\/api.w.org\/{rel}","templated":true}]}}