{"id":13111,"date":"2025-01-16T10:19:10","date_gmt":"2025-01-16T07:19:10","guid":{"rendered":"https:\/\/ceoparts.com\/?post_type=product&#038;p=13111"},"modified":"2026-05-16T19:46:26","modified_gmt":"2026-05-16T16:46:26","slug":"norma-kare-beyaz-kalin-27w-9-led-nr161556","status":"publish","type":"product","link":"https:\/\/ceoparts.com\/es\/urun\/norma-kare-beyaz-kalin-27w-9-led-nr161556\/","title":{"rendered":"Norma Cuadrado Blanco Grueso 27W 9 Led &#8211; NR161556"},"content":{"rendered":"<p>Norma Cuadrado Blanco Grueso 27W 9 Led &#8211; NR161556<\/p>","protected":false},"excerpt":{"rendered":"<p data-start=\"0\" data-end=\"177\"><br data-start=\"3265\" data-end=\"3268\" \/>Norma Cuadrado Blanco Grueso 27W 9 LED es una l\u00e1mpara LED cuadrada blanca potente y duradera utilizada en carretillas elevadoras y maquinaria de construcci\u00f3n. Proporciona una iluminaci\u00f3n potente con 27 vatios y 9 LED.<\/p>\n<p data-start=\"3487\" data-end=\"3861\" data-is-last-node=\"\" data-is-only-node=\"\"><strong data-start=\"3487\" data-end=\"3507\">Caracter\u00edsticas:<\/strong><br data-start=\"3507\" data-end=\"3510\" \/><strong data-start=\"3510\" data-end=\"3534\">Nombre del producto:<\/strong> Norma Cuadrado Blanco Grueso 27W 9 LED<br data-start=\"3573\" data-end=\"3576\" \/><strong data-start=\"3576\" data-end=\"3596\">C\u00f3digo de pieza:<\/strong> NR161556<br data-start=\"3605\" data-end=\"3608\" \/><strong data-start=\"3608\" data-end=\"3621\">Material:<\/strong> Carcasa resistente de pl\u00e1stico y aluminio<br data-start=\"3663\" data-end=\"3666\" \/><strong data-start=\"3666\" data-end=\"3689\">\u00c1rea de aplicaci\u00f3n:<\/strong> Sistemas de iluminaci\u00f3n para carretillas elevadoras y maquinaria de construcci\u00f3n<br data-start=\"3770\" data-end=\"3773\" \/><strong data-start=\"3773\" data-end=\"3785\">Ventaja:<\/strong> Alta luminosidad, estructura resistente, larga vida \u00fatil, ahorro energ\u00e9tico<\/p>\n","protected":false},"featured_media":13115,"template":"","meta":[],"product_brand":[],"product_cat":[463],"product_tag":[],"class_list":{"0":"post-13111","1":"product","2":"type-product","3":"status-publish","4":"has-post-thumbnail","6":"product_cat-aydinlatma-grubu","8":"first","9":"instock","10":"taxable","11":"shipping-taxable","12":"purchasable","13":"product-type-simple"},"_links":{"self":[{"href":"https:\/\/ceoparts.com\/es\/wp-json\/wp\/v2\/product\/13111","targetHints":{"allow":["GET"]}}],"collection":[{"href":"https:\/\/ceoparts.com\/es\/wp-json\/wp\/v2\/product"}],"about":[{"href":"https:\/\/ceoparts.com\/es\/wp-json\/wp\/v2\/types\/product"}],"wp:featuredmedia":[{"embeddable":true,"href":"https:\/\/ceoparts.com\/es\/wp-json\/wp\/v2\/media\/13115"}],"wp:attachment":[{"href":"https:\/\/ceoparts.com\/es\/wp-json\/wp\/v2\/media?parent=13111"}],"wp:term":[{"taxonomy":"product_brand","embeddable":true,"href":"https:\/\/ceoparts.com\/es\/wp-json\/wp\/v2\/product_brand?post=13111"},{"taxonomy":"product_cat","embeddable":true,"href":"https:\/\/ceoparts.com\/es\/wp-json\/wp\/v2\/product_cat?post=13111"},{"taxonomy":"product_tag","embeddable":true,"href":"https:\/\/ceoparts.com\/es\/wp-json\/wp\/v2\/product_tag?post=13111"}],"curies":[{"name":"wp","href":"https:\/\/api.w.org\/{rel}","templated":true}]}}