{"id":13116,"date":"2025-01-16T10:32:24","date_gmt":"2025-01-16T07:32:24","guid":{"rendered":"https:\/\/ceoparts.com\/?post_type=product&#038;p=13116"},"modified":"2026-05-16T17:29:49","modified_gmt":"2026-05-16T14:29:49","slug":"norma-forklift-ok-spot-led-mavi-nr161563","status":"publish","type":"product","link":"https:\/\/ceoparts.com\/es\/urun\/norma-forklift-ok-spot-led-mavi-nr161563\/","title":{"rendered":"Norma Carretilla elevadora OK Spot Led Azul 12-80V 20W &#8211; NR161563"},"content":{"rendered":"<p>Norma Carretilla elevadora OK Spot Led Azul 12-80V 20W &#8211; NR161563<\/p>","protected":false},"excerpt":{"rendered":"<p data-start=\"0\" data-end=\"195\"><br data-start=\"3341\" data-end=\"3344\" \/>Norma Forklift OK Spot LED Azul 12-80V 20W es una l\u00e1mpara LED spot azul de alto rendimiento utilizada en carretillas elevadoras y maquinaria de construcci\u00f3n. Proporciona alta luminosidad y funciona en un amplio rango de voltaje.<\/p>\n<p data-start=\"3574\" data-end=\"3933\" data-is-last-node=\"\" data-is-only-node=\"\"><strong data-start=\"3574\" data-end=\"3594\">Caracter\u00edsticas:<\/strong><br data-start=\"3594\" data-end=\"3597\" \/><strong data-start=\"3597\" data-end=\"3621\">Nombre del producto:<\/strong> Norma Forklift OK Spot LED Azul 12-80V 20W<br data-start=\"3664\" data-end=\"3667\" \/><strong data-start=\"3667\" data-end=\"3687\">C\u00f3digo de pieza:<\/strong> NR161563<br data-start=\"3696\" data-end=\"3699\" \/><strong data-start=\"3699\" data-end=\"3712\">Material:<\/strong> Pl\u00e1stico y metal duraderos<br data-start=\"3739\" data-end=\"3742\" \/><strong data-start=\"3742\" data-end=\"3765\">\u00c1rea de aplicaci\u00f3n:<\/strong> Sistemas de iluminaci\u00f3n para carretillas elevadoras y maquinaria de construcci\u00f3n<br data-start=\"3846\" data-end=\"3849\" \/><strong data-start=\"3849\" data-end=\"3861\">Ventaja:<\/strong> Alta luminosidad, ahorro energ\u00e9tico, larga vida \u00fatil, f\u00e1cil instalaci\u00f3n<\/p>\n","protected":false},"featured_media":16078,"template":"","meta":[],"product_brand":[],"product_cat":[463],"product_tag":[],"class_list":{"0":"post-13116","1":"product","2":"type-product","3":"status-publish","4":"has-post-thumbnail","6":"product_cat-aydinlatma-grubu","8":"first","9":"instock","10":"taxable","11":"shipping-taxable","12":"purchasable","13":"product-type-simple"},"_links":{"self":[{"href":"https:\/\/ceoparts.com\/es\/wp-json\/wp\/v2\/product\/13116","targetHints":{"allow":["GET"]}}],"collection":[{"href":"https:\/\/ceoparts.com\/es\/wp-json\/wp\/v2\/product"}],"about":[{"href":"https:\/\/ceoparts.com\/es\/wp-json\/wp\/v2\/types\/product"}],"wp:featuredmedia":[{"embeddable":true,"href":"https:\/\/ceoparts.com\/es\/wp-json\/wp\/v2\/media\/16078"}],"wp:attachment":[{"href":"https:\/\/ceoparts.com\/es\/wp-json\/wp\/v2\/media?parent=13116"}],"wp:term":[{"taxonomy":"product_brand","embeddable":true,"href":"https:\/\/ceoparts.com\/es\/wp-json\/wp\/v2\/product_brand?post=13116"},{"taxonomy":"product_cat","embeddable":true,"href":"https:\/\/ceoparts.com\/es\/wp-json\/wp\/v2\/product_cat?post=13116"},{"taxonomy":"product_tag","embeddable":true,"href":"https:\/\/ceoparts.com\/es\/wp-json\/wp\/v2\/product_tag?post=13116"}],"curies":[{"name":"wp","href":"https:\/\/api.w.org\/{rel}","templated":true}]}}