{"id":13123,"date":"2025-01-16T10:40:26","date_gmt":"2025-01-16T07:40:26","guid":{"rendered":"https:\/\/ceoparts.com\/?post_type=product&#038;p=13123"},"modified":"2026-05-16T15:09:06","modified_gmt":"2026-05-16T12:09:06","slug":"norma-forklift-cizgi-led-mavi-nr161587","status":"publish","type":"product","link":"https:\/\/ceoparts.com\/es\/urun\/norma-forklift-cizgi-led-mavi-nr161587\/","title":{"rendered":"Norma Carretilla elevadora L\u00ednea Led Azul 9V-80V &#8211; NR161587"},"content":{"rendered":"<p>Norma Carretilla elevadora L\u00ednea Led Azul 9V-80V &#8211; NR161587<\/p>","protected":false},"excerpt":{"rendered":"<p data-start=\"0\" data-end=\"203\"><br data-start=\"3493\" data-end=\"3496\" \/>Norma LED de tira azul para carretillas elevadoras 9V-80V es una l\u00e1mpara LED de tira azul duradera y de alto rendimiento utilizada en carretillas elevadoras y maquinaria de construcci\u00f3n. Funciona en un amplio rango de voltaje y proporciona ahorro de energ\u00eda.<\/p>\n<p data-start=\"3756\" data-end=\"4145\" data-is-last-node=\"\" data-is-only-node=\"\"><strong data-start=\"3756\" data-end=\"3776\">Caracter\u00edsticas:<\/strong><br data-start=\"3776\" data-end=\"3779\" \/><strong data-start=\"3779\" data-end=\"3803\">Nombre del producto:<\/strong> Norma LED de tira azul para carretillas elevadoras 9V-80V<br data-start=\"3861\" data-end=\"3864\" \/><strong data-start=\"3864\" data-end=\"3884\">C\u00f3digo de pieza:<\/strong> NR161587<br data-start=\"3893\" data-end=\"3896\" \/><strong data-start=\"3896\" data-end=\"3909\">Material:<\/strong> Carcasa resistente de pl\u00e1stico y aluminio<br data-start=\"3951\" data-end=\"3954\" \/><strong data-start=\"3954\" data-end=\"3977\">\u00c1rea de aplicaci\u00f3n:<\/strong> Sistemas de iluminaci\u00f3n para carretillas elevadoras y maquinaria de construcci\u00f3n<br data-start=\"4058\" data-end=\"4061\" \/><strong data-start=\"4061\" data-end=\"4073\">Ventaja:<\/strong> Alta luminosidad, ahorro energ\u00e9tico, larga vida \u00fatil, f\u00e1cil instalaci\u00f3n<\/p>\n","protected":false},"featured_media":13124,"template":"","meta":[],"product_brand":[],"product_cat":[463],"product_tag":[],"class_list":{"0":"post-13123","1":"product","2":"type-product","3":"status-publish","4":"has-post-thumbnail","6":"product_cat-aydinlatma-grubu","8":"first","9":"instock","10":"taxable","11":"shipping-taxable","12":"purchasable","13":"product-type-simple"},"_links":{"self":[{"href":"https:\/\/ceoparts.com\/es\/wp-json\/wp\/v2\/product\/13123","targetHints":{"allow":["GET"]}}],"collection":[{"href":"https:\/\/ceoparts.com\/es\/wp-json\/wp\/v2\/product"}],"about":[{"href":"https:\/\/ceoparts.com\/es\/wp-json\/wp\/v2\/types\/product"}],"wp:featuredmedia":[{"embeddable":true,"href":"https:\/\/ceoparts.com\/es\/wp-json\/wp\/v2\/media\/13124"}],"wp:attachment":[{"href":"https:\/\/ceoparts.com\/es\/wp-json\/wp\/v2\/media?parent=13123"}],"wp:term":[{"taxonomy":"product_brand","embeddable":true,"href":"https:\/\/ceoparts.com\/es\/wp-json\/wp\/v2\/product_brand?post=13123"},{"taxonomy":"product_cat","embeddable":true,"href":"https:\/\/ceoparts.com\/es\/wp-json\/wp\/v2\/product_cat?post=13123"},{"taxonomy":"product_tag","embeddable":true,"href":"https:\/\/ceoparts.com\/es\/wp-json\/wp\/v2\/product_tag?post=13123"}],"curies":[{"name":"wp","href":"https:\/\/api.w.org\/{rel}","templated":true}]}}