{"id":13133,"date":"2025-01-16T10:48:19","date_gmt":"2025-01-16T07:48:19","guid":{"rendered":"https:\/\/ceoparts.com\/?post_type=product&#038;p=13133"},"modified":"2026-05-16T15:44:40","modified_gmt":"2026-05-16T12:44:40","slug":"norma-osram-cipli-kucuk-u-led","status":"publish","type":"product","link":"https:\/\/ceoparts.com\/es\/urun\/norma-osram-cipli-kucuk-u-led\/","title":{"rendered":"Norma Osram Chip Peque\u00f1o U Led 10-110V 5W"},"content":{"rendered":"<p>Norma Osram Chip Peque\u00f1o U Led 10-110V 5W<\/p>","protected":false},"excerpt":{"rendered":"<p data-start=\"0\" data-end=\"223\"><br data-start=\"3653\" data-end=\"3656\" \/>Norma Osram Chip Peque\u00f1o LED en U 10-110V 5W es una l\u00e1mpara LED peque\u00f1a en forma de U de alta calidad con chip Osram utilizada en carretillas elevadoras y maquinaria de construcci\u00f3n. Es eficiente energ\u00e9ticamente y duradera, proporcionando una iluminaci\u00f3n eficiente con 5 vatios.<\/p>\n<p data-start=\"3936\" data-end=\"4321\" data-is-last-node=\"\" data-is-only-node=\"\"><strong data-start=\"3936\" data-end=\"3956\">Caracter\u00edsticas:<\/strong><br data-start=\"3956\" data-end=\"3959\" \/><strong data-start=\"3959\" data-end=\"3983\">Nombre del producto:<\/strong> Norma Osram Chip Peque\u00f1o LED en U 10-110V 5W<br data-start=\"4028\" data-end=\"4031\" \/><strong data-start=\"4031\" data-end=\"4051\">C\u00f3digo de pieza:<\/strong> NR161840<br data-start=\"4060\" data-end=\"4063\" \/><strong data-start=\"4063\" data-end=\"4076\">Material:<\/strong> Carcasa resistente de pl\u00e1stico y aluminio<br data-start=\"4118\" data-end=\"4121\" \/><strong data-start=\"4121\" data-end=\"4144\">\u00c1rea de aplicaci\u00f3n:<\/strong> Sistemas de iluminaci\u00f3n para carretillas elevadoras y maquinaria de construcci\u00f3n<br data-start=\"4225\" data-end=\"4228\" \/><strong data-start=\"4228\" data-end=\"4240\">Ventaja:<\/strong> Tecnolog\u00eda chip Osram, bajo consumo de energ\u00eda, larga vida \u00fatil, dise\u00f1o compacto<\/p>\n","protected":false},"featured_media":18275,"template":"","meta":[],"product_brand":[],"product_cat":[463],"product_tag":[],"class_list":{"0":"post-13133","1":"product","2":"type-product","3":"status-publish","4":"has-post-thumbnail","6":"product_cat-aydinlatma-grubu","8":"first","9":"instock","10":"taxable","11":"shipping-taxable","12":"purchasable","13":"product-type-simple"},"_links":{"self":[{"href":"https:\/\/ceoparts.com\/es\/wp-json\/wp\/v2\/product\/13133","targetHints":{"allow":["GET"]}}],"collection":[{"href":"https:\/\/ceoparts.com\/es\/wp-json\/wp\/v2\/product"}],"about":[{"href":"https:\/\/ceoparts.com\/es\/wp-json\/wp\/v2\/types\/product"}],"wp:featuredmedia":[{"embeddable":true,"href":"https:\/\/ceoparts.com\/es\/wp-json\/wp\/v2\/media\/18275"}],"wp:attachment":[{"href":"https:\/\/ceoparts.com\/es\/wp-json\/wp\/v2\/media?parent=13133"}],"wp:term":[{"taxonomy":"product_brand","embeddable":true,"href":"https:\/\/ceoparts.com\/es\/wp-json\/wp\/v2\/product_brand?post=13133"},{"taxonomy":"product_cat","embeddable":true,"href":"https:\/\/ceoparts.com\/es\/wp-json\/wp\/v2\/product_cat?post=13133"},{"taxonomy":"product_tag","embeddable":true,"href":"https:\/\/ceoparts.com\/es\/wp-json\/wp\/v2\/product_tag?post=13133"}],"curies":[{"name":"wp","href":"https:\/\/api.w.org\/{rel}","templated":true}]}}