{"id":13152,"date":"2025-01-16T12:57:49","date_gmt":"2025-01-16T09:57:49","guid":{"rendered":"https:\/\/ceoparts.com\/?post_type=product&#038;p=13152"},"modified":"2026-05-16T11:44:25","modified_gmt":"2026-05-16T08:44:25","slug":"norma-redzone-nr160474","status":"publish","type":"product","link":"https:\/\/ceoparts.com\/es\/urun\/norma-redzone-nr160474\/","title":{"rendered":"Norma Redzone 9-80V &#8211; NR160474"},"content":{"rendered":"<p>Norma Redzone 9-80V &#8211; NR160474<\/p>\n","protected":false},"excerpt":{"rendered":"<p data-start=\"0\" data-end=\"172\"><br data-start=\"3017\" data-end=\"3020\" \/>Norma Redzone 9-80V es una luz de advertencia roja duradera y altamente visible utilizada en carretillas elevadoras y maquinaria de construcci\u00f3n. Est\u00e1 dise\u00f1ada para mejorar la seguridad en el trabajo.<\/p>\n<p data-start=\"3222\" data-end=\"3558\" data-is-last-node=\"\" data-is-only-node=\"\"><strong data-start=\"3222\" data-end=\"3242\">Caracter\u00edsticas:<\/strong><br data-start=\"3242\" data-end=\"3245\" \/><strong data-start=\"3245\" data-end=\"3269\">Nombre del producto:<\/strong> Norma Redzone 9-80V<br data-start=\"3289\" data-end=\"3292\" \/><strong data-start=\"3292\" data-end=\"3312\">C\u00f3digo de pieza:<\/strong> NR160474<br data-start=\"3321\" data-end=\"3324\" \/><strong data-start=\"3324\" data-end=\"3337\">Material:<\/strong> Pl\u00e1stico y metal duraderos<br data-start=\"3364\" data-end=\"3367\" \/><strong data-start=\"3367\" data-end=\"3390\">\u00c1rea de aplicaci\u00f3n:<\/strong> Sistemas de seguridad para carretillas elevadoras y maquinaria de construcci\u00f3n<br data-start=\"3469\" data-end=\"3472\" \/><strong data-start=\"3472\" data-end=\"3484\">Ventaja:<\/strong> Alta visibilidad, estructura duradera, f\u00e1cil instalaci\u00f3n, larga vida \u00fatil<\/p>\n","protected":false},"featured_media":13154,"template":"","meta":[],"product_brand":[],"product_cat":[463],"product_tag":[],"class_list":{"0":"post-13152","1":"product","2":"type-product","3":"status-publish","4":"has-post-thumbnail","6":"product_cat-aydinlatma-grubu","8":"first","9":"instock","10":"taxable","11":"shipping-taxable","12":"purchasable","13":"product-type-simple"},"_links":{"self":[{"href":"https:\/\/ceoparts.com\/es\/wp-json\/wp\/v2\/product\/13152","targetHints":{"allow":["GET"]}}],"collection":[{"href":"https:\/\/ceoparts.com\/es\/wp-json\/wp\/v2\/product"}],"about":[{"href":"https:\/\/ceoparts.com\/es\/wp-json\/wp\/v2\/types\/product"}],"wp:featuredmedia":[{"embeddable":true,"href":"https:\/\/ceoparts.com\/es\/wp-json\/wp\/v2\/media\/13154"}],"wp:attachment":[{"href":"https:\/\/ceoparts.com\/es\/wp-json\/wp\/v2\/media?parent=13152"}],"wp:term":[{"taxonomy":"product_brand","embeddable":true,"href":"https:\/\/ceoparts.com\/es\/wp-json\/wp\/v2\/product_brand?post=13152"},{"taxonomy":"product_cat","embeddable":true,"href":"https:\/\/ceoparts.com\/es\/wp-json\/wp\/v2\/product_cat?post=13152"},{"taxonomy":"product_tag","embeddable":true,"href":"https:\/\/ceoparts.com\/es\/wp-json\/wp\/v2\/product_tag?post=13152"}],"curies":[{"name":"wp","href":"https:\/\/api.w.org\/{rel}","templated":true}]}}