{"id":13158,"date":"2025-01-16T13:02:16","date_gmt":"2025-01-16T10:02:16","guid":{"rendered":"https:\/\/ceoparts.com\/?post_type=product&#038;p=13158"},"modified":"2026-05-16T15:14:49","modified_gmt":"2026-05-16T12:14:49","slug":"norma-yuvarlak-sari-3-fonks-calisma-lambasi-nr161853","status":"publish","type":"product","link":"https:\/\/ceoparts.com\/es\/urun\/norma-yuvarlak-sari-3-fonks-calisma-lambasi-nr161853\/","title":{"rendered":"Norma L\u00e1mpara de Trabajo Redonda Amarilla de 3 Funciones 9-35V 24W &#8211; NR161853"},"content":{"rendered":"<p>Norma L\u00e1mpara de Trabajo Redonda Amarilla de 3 Funciones 9-35V 24W &#8211; NR161853<\/p>","protected":false},"excerpt":{"rendered":"<p data-start=\"0\" data-end=\"248\"><br data-start=\"3792\" data-end=\"3795\" \/>La l\u00e1mpara de trabajo redonda amarilla Norma de 3 funciones 9-35V 24W es una l\u00e1mpara de trabajo amarilla duradera y multifuncional utilizada en carretillas elevadoras y maquinaria de construcci\u00f3n. Proporciona un funcionamiento seguro con 3 funciones diferentes y una iluminaci\u00f3n potente de 24 vatios.<\/p>\n<p data-start=\"4097\" data-end=\"4499\" data-is-last-node=\"\" data-is-only-node=\"\"><strong data-start=\"4097\" data-end=\"4117\">Caracter\u00edsticas:<\/strong><br data-start=\"4117\" data-end=\"4120\" \/><strong data-start=\"4120\" data-end=\"4144\">Nombre del producto:<\/strong> L\u00e1mpara de trabajo redonda amarilla Norma de 3 funciones 9-35V 24W<br data-start=\"4211\" data-end=\"4214\" \/><strong data-start=\"4214\" data-end=\"4234\">C\u00f3digo de pieza:<\/strong> NR161853<br data-start=\"4243\" data-end=\"4246\" \/><strong data-start=\"4246\" data-end=\"4259\">Material:<\/strong> Carcasa resistente de pl\u00e1stico y aluminio<br data-start=\"4301\" data-end=\"4304\" \/><strong data-start=\"4304\" data-end=\"4327\">\u00c1rea de aplicaci\u00f3n:<\/strong> Iluminaci\u00f3n de trabajo para carretillas elevadoras y maquinaria de construcci\u00f3n<br data-start=\"4407\" data-end=\"4410\" \/><strong data-start=\"4410\" data-end=\"4422\">Ventaja:<\/strong> Uso multifuncional, alta luminosidad, estructura duradera, ahorro energ\u00e9tico<\/p>\n","protected":false},"featured_media":13159,"template":"","meta":[],"product_brand":[],"product_cat":[463],"product_tag":[],"class_list":{"0":"post-13158","1":"product","2":"type-product","3":"status-publish","4":"has-post-thumbnail","6":"product_cat-aydinlatma-grubu","8":"first","9":"instock","10":"taxable","11":"shipping-taxable","12":"purchasable","13":"product-type-simple"},"_links":{"self":[{"href":"https:\/\/ceoparts.com\/es\/wp-json\/wp\/v2\/product\/13158","targetHints":{"allow":["GET"]}}],"collection":[{"href":"https:\/\/ceoparts.com\/es\/wp-json\/wp\/v2\/product"}],"about":[{"href":"https:\/\/ceoparts.com\/es\/wp-json\/wp\/v2\/types\/product"}],"wp:featuredmedia":[{"embeddable":true,"href":"https:\/\/ceoparts.com\/es\/wp-json\/wp\/v2\/media\/13159"}],"wp:attachment":[{"href":"https:\/\/ceoparts.com\/es\/wp-json\/wp\/v2\/media?parent=13158"}],"wp:term":[{"taxonomy":"product_brand","embeddable":true,"href":"https:\/\/ceoparts.com\/es\/wp-json\/wp\/v2\/product_brand?post=13158"},{"taxonomy":"product_cat","embeddable":true,"href":"https:\/\/ceoparts.com\/es\/wp-json\/wp\/v2\/product_cat?post=13158"},{"taxonomy":"product_tag","embeddable":true,"href":"https:\/\/ceoparts.com\/es\/wp-json\/wp\/v2\/product_tag?post=13158"}],"curies":[{"name":"wp","href":"https:\/\/api.w.org\/{rel}","templated":true}]}}