{"id":13168,"date":"2025-01-16T13:50:55","date_gmt":"2025-01-16T10:50:55","guid":{"rendered":"https:\/\/ceoparts.com\/?post_type=product&#038;p=13168"},"modified":"2026-05-16T18:10:58","modified_gmt":"2026-05-16T15:10:58","slug":"calisma-lambasi-9-led-yuvarlak-gun-isigi-disi-beyaz-crb-301-05-05","status":"publish","type":"product","link":"https:\/\/ceoparts.com\/es\/urun\/calisma-lambasi-9-led-yuvarlak-gun-isigi-disi-beyaz-crb-301-05-05\/","title":{"rendered":"L\u00e1mpara de trabajo redonda luz diurna 9 LED 27W 9-80V &#8211; CRB-301 05 05"},"content":{"rendered":"<p>L\u00e1mpara de trabajo redonda luz diurna 9 LED 27W 9-80V &#8211; CRB-301 05 05<\/p>","protected":false},"excerpt":{"rendered":"<p data-start=\"0\" data-end=\"267\"><br data-start=\"3988\" data-end=\"3991\" \/>L\u00e1mpara de trabajo redonda luz diurna 9 LED 27W 9-80V es una l\u00e1mpara de trabajo duradera y eficiente en energ\u00eda utilizada en carretillas elevadoras y maquinaria de construcci\u00f3n. Proporciona una iluminaci\u00f3n potente con 9 LED y puede usarse en varios veh\u00edculos gracias a su amplio rango de voltaje.<\/p>\n<p data-start=\"4289\" data-end=\"4690\" data-is-last-node=\"\" data-is-only-node=\"\"><strong data-start=\"4289\" data-end=\"4309\">Caracter\u00edsticas:<\/strong><br data-start=\"4309\" data-end=\"4312\" \/><strong data-start=\"4312\" data-end=\"4336\">Nombre del producto:<\/strong> L\u00e1mpara de trabajo redonda luz diurna 9 LED 27W 9-80V<br data-start=\"4390\" data-end=\"4393\" \/><strong data-start=\"4393\" data-end=\"4413\">C\u00f3digo de pieza:<\/strong> CRB-301 05 05<br data-start=\"4427\" data-end=\"4430\" \/><strong data-start=\"4430\" data-end=\"4443\">Material:<\/strong> Carcasa resistente de pl\u00e1stico y aluminio<br data-start=\"4485\" data-end=\"4488\" \/><strong data-start=\"4488\" data-end=\"4511\">\u00c1rea de aplicaci\u00f3n:<\/strong> Iluminaci\u00f3n de trabajo para carretillas elevadoras y maquinaria de construcci\u00f3n<br data-start=\"4591\" data-end=\"4594\" \/><strong data-start=\"4594\" data-end=\"4606\">Ventaja:<\/strong> LED de alta eficiencia, amplio rango de voltaje, larga vida \u00fatil, ahorro energ\u00e9tico<\/p>\n","protected":false},"featured_media":13170,"template":"","meta":[],"product_brand":[],"product_cat":[463],"product_tag":[],"class_list":{"0":"post-13168","1":"product","2":"type-product","3":"status-publish","4":"has-post-thumbnail","6":"product_cat-aydinlatma-grubu","8":"first","9":"instock","10":"taxable","11":"shipping-taxable","12":"purchasable","13":"product-type-simple"},"_links":{"self":[{"href":"https:\/\/ceoparts.com\/es\/wp-json\/wp\/v2\/product\/13168","targetHints":{"allow":["GET"]}}],"collection":[{"href":"https:\/\/ceoparts.com\/es\/wp-json\/wp\/v2\/product"}],"about":[{"href":"https:\/\/ceoparts.com\/es\/wp-json\/wp\/v2\/types\/product"}],"wp:featuredmedia":[{"embeddable":true,"href":"https:\/\/ceoparts.com\/es\/wp-json\/wp\/v2\/media\/13170"}],"wp:attachment":[{"href":"https:\/\/ceoparts.com\/es\/wp-json\/wp\/v2\/media?parent=13168"}],"wp:term":[{"taxonomy":"product_brand","embeddable":true,"href":"https:\/\/ceoparts.com\/es\/wp-json\/wp\/v2\/product_brand?post=13168"},{"taxonomy":"product_cat","embeddable":true,"href":"https:\/\/ceoparts.com\/es\/wp-json\/wp\/v2\/product_cat?post=13168"},{"taxonomy":"product_tag","embeddable":true,"href":"https:\/\/ceoparts.com\/es\/wp-json\/wp\/v2\/product_tag?post=13168"}],"curies":[{"name":"wp","href":"https:\/\/api.w.org\/{rel}","templated":true}]}}