{"id":13173,"date":"2025-01-16T13:56:27","date_gmt":"2025-01-16T10:56:27","guid":{"rendered":"https:\/\/ceoparts.com\/?post_type=product&#038;p=13173"},"modified":"2026-05-16T18:15:57","modified_gmt":"2026-05-16T15:15:57","slug":"norma-led-bar-sari-lamba-72w-24led-13-cm-nr161518y","status":"publish","type":"product","link":"https:\/\/ceoparts.com\/es\/urun\/norma-led-bar-sari-lamba-72w-24led-13-cm-nr161518y\/","title":{"rendered":"Norma Barra LED L\u00e1mpara Amarilla 72W 24LED 13 cm &#8211; NR161518Y"},"content":{"rendered":"<p>Norma Barra LED L\u00e1mpara Amarilla 72W 24LED 13 cm &#8211; NR161518Y<\/p>","protected":false},"excerpt":{"rendered":"<p data-start=\"0\" data-end=\"231\"><br data-start=\"3697\" data-end=\"3700\" \/>La barra de luz LED amarilla Norma 72W 24 LED 13 cm es una luz LED amarilla potente y duradera utilizada en carretillas elevadoras y maquinaria de construcci\u00f3n. Proporciona alta luminosidad con 24 LED y ofrece una f\u00e1cil instalaci\u00f3n en espacios reducidos gracias a su tama\u00f1o de 13 cm.<\/p>\n<p data-start=\"3985\" data-end=\"4364\" data-is-last-node=\"\" data-is-only-node=\"\"><strong data-start=\"3985\" data-end=\"4005\">Caracter\u00edsticas:<\/strong><br data-start=\"4005\" data-end=\"4008\" \/><strong data-start=\"4008\" data-end=\"4032\">Nombre del producto:<\/strong> Barra de luz LED amarilla Norma 72W 24 LED 13 cm<br data-start=\"4081\" data-end=\"4084\" \/><strong data-start=\"4084\" data-end=\"4104\">C\u00f3digo de pieza:<\/strong> NR161518Y<br data-start=\"4114\" data-end=\"4117\" \/><strong data-start=\"4117\" data-end=\"4130\">Material:<\/strong> Carcasa resistente de pl\u00e1stico y aluminio<br data-start=\"4172\" data-end=\"4175\" \/><strong data-start=\"4175\" data-end=\"4198\">\u00c1rea de aplicaci\u00f3n:<\/strong> Sistemas de iluminaci\u00f3n para carretillas elevadoras y maquinaria de construcci\u00f3n<br data-start=\"4279\" data-end=\"4282\" \/><strong data-start=\"4282\" data-end=\"4294\">Ventaja:<\/strong> Alta luminosidad, ahorro energ\u00e9tico, larga vida \u00fatil, dise\u00f1o compacto<\/p>\n","protected":false},"featured_media":13174,"template":"","meta":[],"product_brand":[],"product_cat":[463],"product_tag":[],"class_list":{"0":"post-13173","1":"product","2":"type-product","3":"status-publish","4":"has-post-thumbnail","6":"product_cat-aydinlatma-grubu","8":"first","9":"instock","10":"taxable","11":"shipping-taxable","12":"purchasable","13":"product-type-simple"},"_links":{"self":[{"href":"https:\/\/ceoparts.com\/es\/wp-json\/wp\/v2\/product\/13173","targetHints":{"allow":["GET"]}}],"collection":[{"href":"https:\/\/ceoparts.com\/es\/wp-json\/wp\/v2\/product"}],"about":[{"href":"https:\/\/ceoparts.com\/es\/wp-json\/wp\/v2\/types\/product"}],"wp:featuredmedia":[{"embeddable":true,"href":"https:\/\/ceoparts.com\/es\/wp-json\/wp\/v2\/media\/13174"}],"wp:attachment":[{"href":"https:\/\/ceoparts.com\/es\/wp-json\/wp\/v2\/media?parent=13173"}],"wp:term":[{"taxonomy":"product_brand","embeddable":true,"href":"https:\/\/ceoparts.com\/es\/wp-json\/wp\/v2\/product_brand?post=13173"},{"taxonomy":"product_cat","embeddable":true,"href":"https:\/\/ceoparts.com\/es\/wp-json\/wp\/v2\/product_cat?post=13173"},{"taxonomy":"product_tag","embeddable":true,"href":"https:\/\/ceoparts.com\/es\/wp-json\/wp\/v2\/product_tag?post=13173"}],"curies":[{"name":"wp","href":"https:\/\/api.w.org\/{rel}","templated":true}]}}