{"id":13179,"date":"2025-01-16T14:09:12","date_gmt":"2025-01-16T11:09:12","guid":{"rendered":"https:\/\/ceoparts.com\/?post_type=product&#038;p=13179"},"modified":"2026-05-16T20:33:52","modified_gmt":"2026-05-16T17:33:52","slug":"norma-bluespot-kirmizi-nr161822","status":"publish","type":"product","link":"https:\/\/ceoparts.com\/es\/urun\/norma-bluespot-kirmizi-nr161822\/","title":{"rendered":"Luz LED de punto rojo para montacargas Norma 10\u201380V 20W \u2013 NR161822"},"content":{"rendered":"<p>Luz LED de punto rojo para montacargas Norma 10\u201380V 20W \u2013 NR161822<\/p>","protected":false},"excerpt":{"rendered":"<p data-start=\"0\" data-end=\"193\"><br data-start=\"3250\" data-end=\"3253\" \/>El Norma Bluespot Rojo 10-80V 20W es una luz puntual roja duradera y altamente visible utilizada en carretillas elevadoras y maquinaria de construcci\u00f3n. Se utiliza para advertencia y seguridad en el \u00e1rea de trabajo.<\/p>\n<p data-start=\"3470\" data-end=\"3815\" data-is-last-node=\"\" data-is-only-node=\"\"><strong data-start=\"3470\" data-end=\"3490\">Caracter\u00edsticas:<\/strong><br data-start=\"3490\" data-end=\"3493\" \/><strong data-start=\"3493\" data-end=\"3517\">Nombre del producto:<\/strong> Norma Bluespot Rojo 10-80V 20W<br data-start=\"3548\" data-end=\"3551\" \/><strong data-start=\"3551\" data-end=\"3571\">C\u00f3digo de pieza:<\/strong> NR161822<br data-start=\"3580\" data-end=\"3583\" \/><strong data-start=\"3583\" data-end=\"3596\">Material:<\/strong> Pl\u00e1stico y metal duraderos<br data-start=\"3623\" data-end=\"3626\" \/><strong data-start=\"3626\" data-end=\"3649\">\u00c1rea de aplicaci\u00f3n:<\/strong> Sistemas de seguridad para carretillas elevadoras y maquinaria de construcci\u00f3n<br data-start=\"3728\" data-end=\"3731\" \/><strong data-start=\"3731\" data-end=\"3743\">Ventaja:<\/strong> Alta visibilidad, ahorro energ\u00e9tico, larga vida \u00fatil, f\u00e1cil instalaci\u00f3n<\/p>\n","protected":false},"featured_media":13181,"template":"","meta":[],"product_brand":[],"product_cat":[463],"product_tag":[],"class_list":{"0":"post-13179","1":"product","2":"type-product","3":"status-publish","4":"has-post-thumbnail","6":"product_cat-aydinlatma-grubu","8":"first","9":"instock","10":"taxable","11":"shipping-taxable","12":"purchasable","13":"product-type-simple"},"_links":{"self":[{"href":"https:\/\/ceoparts.com\/es\/wp-json\/wp\/v2\/product\/13179","targetHints":{"allow":["GET"]}}],"collection":[{"href":"https:\/\/ceoparts.com\/es\/wp-json\/wp\/v2\/product"}],"about":[{"href":"https:\/\/ceoparts.com\/es\/wp-json\/wp\/v2\/types\/product"}],"wp:featuredmedia":[{"embeddable":true,"href":"https:\/\/ceoparts.com\/es\/wp-json\/wp\/v2\/media\/13181"}],"wp:attachment":[{"href":"https:\/\/ceoparts.com\/es\/wp-json\/wp\/v2\/media?parent=13179"}],"wp:term":[{"taxonomy":"product_brand","embeddable":true,"href":"https:\/\/ceoparts.com\/es\/wp-json\/wp\/v2\/product_brand?post=13179"},{"taxonomy":"product_cat","embeddable":true,"href":"https:\/\/ceoparts.com\/es\/wp-json\/wp\/v2\/product_cat?post=13179"},{"taxonomy":"product_tag","embeddable":true,"href":"https:\/\/ceoparts.com\/es\/wp-json\/wp\/v2\/product_tag?post=13179"}],"curies":[{"name":"wp","href":"https:\/\/api.w.org\/{rel}","templated":true}]}}