{"id":13184,"date":"2025-01-16T14:29:40","date_gmt":"2025-01-16T11:29:40","guid":{"rendered":"https:\/\/ceoparts.com\/?post_type=product&#038;p=13184"},"modified":"2026-05-16T21:36:20","modified_gmt":"2026-05-16T18:36:20","slug":"cakarli-yuvarlak-led-far-72w-12-24v-202114","status":"publish","type":"product","link":"https:\/\/ceoparts.com\/es\/urun\/cakarli-yuvarlak-led-far-72w-12-24v-202114\/","title":{"rendered":"Faro LED Redondo Intermitente &#8211; 202114"},"content":{"rendered":"<p>Faro LED Redondo Intermitente &#8211; 202114<\/p>","protected":false},"excerpt":{"rendered":"<p data-start=\"0\" data-end=\"239\"><br data-start=\"3648\" data-end=\"3651\" \/>El faro LED redondo intermitente 72W 12-24V es un producto de alto rendimiento y eficiente en energ\u00eda utilizado en carretillas elevadoras y maquinaria de construcci\u00f3n. Proporciona una iluminaci\u00f3n potente de 72 vatios y mejora la seguridad laboral con la funci\u00f3n intermitente.<\/p>\n<p data-start=\"3928\" data-end=\"4301\" data-is-last-node=\"\" data-is-only-node=\"\"><strong data-start=\"3928\" data-end=\"3948\">Caracter\u00edsticas:<\/strong><br data-start=\"3948\" data-end=\"3951\" \/><strong data-start=\"3951\" data-end=\"3975\">Nombre del producto:<\/strong> Faro LED redondo intermitente 72W 12-24V<br data-start=\"4016\" data-end=\"4019\" \/><strong data-start=\"4019\" data-end=\"4039\">C\u00f3digo de pieza:<\/strong> 202114<br data-start=\"4046\" data-end=\"4049\" \/><strong data-start=\"4049\" data-end=\"4062\">Material:<\/strong> Carcasa resistente de pl\u00e1stico y aluminio<br data-start=\"4104\" data-end=\"4107\" \/><strong data-start=\"4107\" data-end=\"4130\">\u00c1rea de aplicaci\u00f3n:<\/strong> Sistemas de iluminaci\u00f3n para carretillas elevadoras y maquinaria de construcci\u00f3n<br data-start=\"4211\" data-end=\"4214\" \/><strong data-start=\"4214\" data-end=\"4226\">Ventaja:<\/strong> Alta luminosidad, ahorro energ\u00e9tico, larga vida \u00fatil, funci\u00f3n intermitente<\/p>\n","protected":false},"featured_media":13186,"template":"","meta":[],"product_brand":[],"product_cat":[463],"product_tag":[],"class_list":{"0":"post-13184","1":"product","2":"type-product","3":"status-publish","4":"has-post-thumbnail","6":"product_cat-aydinlatma-grubu","8":"first","9":"instock","10":"taxable","11":"shipping-taxable","12":"purchasable","13":"product-type-simple"},"_links":{"self":[{"href":"https:\/\/ceoparts.com\/es\/wp-json\/wp\/v2\/product\/13184","targetHints":{"allow":["GET"]}}],"collection":[{"href":"https:\/\/ceoparts.com\/es\/wp-json\/wp\/v2\/product"}],"about":[{"href":"https:\/\/ceoparts.com\/es\/wp-json\/wp\/v2\/types\/product"}],"wp:featuredmedia":[{"embeddable":true,"href":"https:\/\/ceoparts.com\/es\/wp-json\/wp\/v2\/media\/13186"}],"wp:attachment":[{"href":"https:\/\/ceoparts.com\/es\/wp-json\/wp\/v2\/media?parent=13184"}],"wp:term":[{"taxonomy":"product_brand","embeddable":true,"href":"https:\/\/ceoparts.com\/es\/wp-json\/wp\/v2\/product_brand?post=13184"},{"taxonomy":"product_cat","embeddable":true,"href":"https:\/\/ceoparts.com\/es\/wp-json\/wp\/v2\/product_cat?post=13184"},{"taxonomy":"product_tag","embeddable":true,"href":"https:\/\/ceoparts.com\/es\/wp-json\/wp\/v2\/product_tag?post=13184"}],"curies":[{"name":"wp","href":"https:\/\/api.w.org\/{rel}","templated":true}]}}