{"id":13190,"date":"2025-01-16T14:41:16","date_gmt":"2025-01-16T11:41:16","guid":{"rendered":"https:\/\/ceoparts.com\/?post_type=product&#038;p=13190"},"modified":"2026-05-16T22:00:18","modified_gmt":"2026-05-16T19:00:18","slug":"cakarli-yuvarlak-led-far-202118","status":"publish","type":"product","link":"https:\/\/ceoparts.com\/es\/urun\/cakarli-yuvarlak-led-far-202118\/","title":{"rendered":"Faro LED Redondo Intermitente 10-80V &#8211; 202118"},"content":{"rendered":"<p>Faro LED Redondo Intermitente 10-80V &#8211; 202118<\/p>","protected":false},"excerpt":{"rendered":"<p data-start=\"0\" data-end=\"217\"><br data-start=\"3472\" data-end=\"3475\" \/>El faro LED redondo intermitente 10-80V es un producto duradero y de alto rendimiento utilizado en carretillas elevadoras y maquinaria de construcci\u00f3n. Proporciona una amplia cobertura de luz y funci\u00f3n intermitente para mejorar la seguridad laboral.<\/p>\n<p data-start=\"3726\" data-end=\"4101\" data-is-last-node=\"\" data-is-only-node=\"\"><strong data-start=\"3726\" data-end=\"3746\">Caracter\u00edsticas:<\/strong><br data-start=\"3746\" data-end=\"3749\" \/><strong data-start=\"3749\" data-end=\"3773\">Nombre del producto:<\/strong> Faro LED redondo intermitente 10-80V<br data-start=\"3810\" data-end=\"3813\" \/><strong data-start=\"3813\" data-end=\"3833\">C\u00f3digo de pieza:<\/strong> 202118<br data-start=\"3840\" data-end=\"3843\" \/><strong data-start=\"3843\" data-end=\"3856\">Material:<\/strong> Carcasa resistente de pl\u00e1stico y aluminio<br data-start=\"3898\" data-end=\"3901\" \/><strong data-start=\"3901\" data-end=\"3924\">\u00c1rea de aplicaci\u00f3n:<\/strong> Sistemas de iluminaci\u00f3n para carretillas elevadoras y maquinaria de construcci\u00f3n<br data-start=\"4005\" data-end=\"4008\" \/><strong data-start=\"4008\" data-end=\"4020\">Ventaja:<\/strong> Alta potencia lum\u00ednica, ahorro energ\u00e9tico, larga vida \u00fatil, funci\u00f3n intermitente<\/p>\n","protected":false},"featured_media":13191,"template":"","meta":[],"product_brand":[],"product_cat":[463],"product_tag":[],"class_list":{"0":"post-13190","1":"product","2":"type-product","3":"status-publish","4":"has-post-thumbnail","6":"product_cat-aydinlatma-grubu","8":"first","9":"instock","10":"taxable","11":"shipping-taxable","12":"purchasable","13":"product-type-simple"},"_links":{"self":[{"href":"https:\/\/ceoparts.com\/es\/wp-json\/wp\/v2\/product\/13190","targetHints":{"allow":["GET"]}}],"collection":[{"href":"https:\/\/ceoparts.com\/es\/wp-json\/wp\/v2\/product"}],"about":[{"href":"https:\/\/ceoparts.com\/es\/wp-json\/wp\/v2\/types\/product"}],"wp:featuredmedia":[{"embeddable":true,"href":"https:\/\/ceoparts.com\/es\/wp-json\/wp\/v2\/media\/13191"}],"wp:attachment":[{"href":"https:\/\/ceoparts.com\/es\/wp-json\/wp\/v2\/media?parent=13190"}],"wp:term":[{"taxonomy":"product_brand","embeddable":true,"href":"https:\/\/ceoparts.com\/es\/wp-json\/wp\/v2\/product_brand?post=13190"},{"taxonomy":"product_cat","embeddable":true,"href":"https:\/\/ceoparts.com\/es\/wp-json\/wp\/v2\/product_cat?post=13190"},{"taxonomy":"product_tag","embeddable":true,"href":"https:\/\/ceoparts.com\/es\/wp-json\/wp\/v2\/product_tag?post=13190"}],"curies":[{"name":"wp","href":"https:\/\/api.w.org\/{rel}","templated":true}]}}